{"id":1205,"date":"2013-09-19T12:58:02","date_gmt":"2013-09-19T10:58:02","guid":{"rendered":"http:\/\/christinesandtorv.no\/?page_id=1205"},"modified":"2022-12-07T12:18:38","modified_gmt":"2022-12-07T10:18:38","slug":"e-p-h-e-m-e-r-a","status":"publish","type":"page","link":"https:\/\/christinesandtorv.no\/?page_id=1205","title":{"rendered":"EPHEMERA"},"content":{"rendered":"<p><img loading=\"lazy\" decoding=\"async\" class=\"alignnone  wp-image-2387\" src=\"http:\/\/christinesandtorv.no\/wp-content\/uploads\/2020\/04\/Ephemera-_print_-sRGB_300dpi-Cecilie-Bannow-all-rights-reserved-3.jpg\" alt=\"\" width=\"400\" height=\"631\" \/><\/p>\n<p>Vakre harmonier, gode popl\u00e5ter og et unikt uttrykk gjorde Ephemera til en publikumsfavoritt rundt tusen\u00e5rsskiftet. De toppet hitlistene i Norge, var Big in Japan og hentet hjem flere spellemannpriser og alarmpriser. De tre barndomsvenninnene fra Laksev\u00e5g i Bergen, Jannicke Larsen, <a href=\"http:\/\/www.ingerlisestorksen.com\/\">Ingerlise St\u00f8rksen <\/a>og Christine Sandtorv ga ut fem kritikerroste album (de fire siste p\u00e5 eget selskap) f\u00f8r de la bandet p\u00e5 is i 2005.<\/p>\n<div id=\"juc956\" title=\"Be and\"><span style=\"font-size: inherit; color: initial; font-family: -apple-system, BlinkMacSystemFont, 'Segoe UI', Roboto, Oxygen-Sans, Ubuntu, Cantarell, 'Helvetica Neue', sans-serif;\">Christine Sandtorv var hovedl\u00e5tskriver for Ephemera, og st\u00e5r blant annet bak landeplagen Girls keep secrets in the strangest ways.<\/span><\/div>\n<p>Ephemera spilte to eksklusive utsolgte konserter, Ole Bull, Bergen 19.12 20015 og Parkteatret 16.04.2016, sammen med bergensbandet Pogo Pops.<\/p>\n<p>27.mars 2020 kom endelig oppf\u00f8lgeren <a href=\"https:\/\/orcd.co\/seasons\">SEASONS<\/a> til str\u00e5lende kritikker.<\/p>\n<p>Ephemera spiller eksklusive konserter. Ta kontakt med <a href=\"https:\/\/stasartist.no\/kontakt\/\" target=\"_blank\" rel=\"noopener\">STAS ARTIST<\/a> for booking.<\/p>\n","protected":false},"excerpt":{"rendered":"<p>Vakre harmonier, gode popl\u00e5ter og et unikt uttrykk gjorde Ephemera til en publikumsfavoritt rundt tusen\u00e5rsskiftet. De toppet hitlistene i Norge, var Big in Japan og hentet hjem flere spellemannpriser og alarmpriser. De tre barndomsvenninnene fra Laksev\u00e5g i Bergen, Jannicke Larsen,&hellip; <\/p>\n","protected":false},"author":1,"featured_media":0,"parent":2204,"menu_order":2,"comment_status":"closed","ping_status":"closed","template":"","meta":{"footnotes":""},"class_list":["post-1205","page","type-page","status-publish","hentry"],"_links":{"self":[{"href":"https:\/\/christinesandtorv.no\/index.php?rest_route=\/wp\/v2\/pages\/1205","targetHints":{"allow":["GET"]}}],"collection":[{"href":"https:\/\/christinesandtorv.no\/index.php?rest_route=\/wp\/v2\/pages"}],"about":[{"href":"https:\/\/christinesandtorv.no\/index.php?rest_route=\/wp\/v2\/types\/page"}],"author":[{"embeddable":true,"href":"https:\/\/christinesandtorv.no\/index.php?rest_route=\/wp\/v2\/users\/1"}],"replies":[{"embeddable":true,"href":"https:\/\/christinesandtorv.no\/index.php?rest_route=%2Fwp%2Fv2%2Fcomments&post=1205"}],"version-history":[{"count":24,"href":"https:\/\/christinesandtorv.no\/index.php?rest_route=\/wp\/v2\/pages\/1205\/revisions"}],"predecessor-version":[{"id":14320,"href":"https:\/\/christinesandtorv.no\/index.php?rest_route=\/wp\/v2\/pages\/1205\/revisions\/14320"}],"up":[{"embeddable":true,"href":"https:\/\/christinesandtorv.no\/index.php?rest_route=\/wp\/v2\/pages\/2204"}],"wp:attachment":[{"href":"https:\/\/christinesandtorv.no\/index.php?rest_route=%2Fwp%2Fv2%2Fmedia&parent=1205"}],"curies":[{"name":"wp","href":"https:\/\/api.w.org\/{rel}","templated":true}]}}