{"id":13577,"date":"2021-02-17T13:55:39","date_gmt":"2021-02-17T11:55:39","guid":{"rendered":"http:\/\/christinesandtorv.no\/?page_id=13577"},"modified":"2025-06-24T10:31:32","modified_gmt":"2025-06-24T08:31:32","slug":"om","status":"publish","type":"page","link":"https:\/\/christinesandtorv.no\/?page_id=13577","title":{"rendered":"BIO"},"content":{"rendered":"\n<p><\/p>\n\n\n\n<p style=\"font-size:15px\">Christine Sandtorv startet som frontfigur og l\u00e5tskriver i bandet Ephemera, som ga ut fem album i perioden 1996-2004. Hun har blant annet skrevet hitl\u00e5ten Girls keep secrets in the strangest ways. <\/p>\n\n\n\n<p style=\"font-size:15px\">Etter at hun ble mor, savnet hun nyskrevet musikk for barn og skapte sitt Stjernetellerunivers!<\/p>\n\n\n\n<p style=\"font-size:15px\">Hun har gitt ut en rekke album, og blitt Spellemannprisvinner flere \u00e5r p\u00e5 rad! Christine sin musikk er proppet full med fengende favoritter til barna, og hun leverer dans, moro, lek og alvor \u2013 alt i en opplevelse! \u00c5 v\u00e6re barn i det sjarmerende Stjernetelleruniverset minner om at verden er mer enn skjerm og tastatur, og representerer samtidig et r\u00f8rende blikk p\u00e5 det \u00e5 v\u00e6re forelder. Sammen med Stjernetellerbandet sitt gj\u00f8r hun fengende og familievennlige konserter, og har ogs\u00e5 hatt flere turn\u00e9er for Den kulturelle Skolesekken.<\/p>\n\n\n\n<p style=\"font-size:15px\">V\u00e5ren 2021 kom det femte albumet for barn STJERNETELLER &#8211; AUTOMAGISK og ble bel\u00f8nnet med en Spellemannpris!<\/p>\n\n\n\n<p style=\"font-size:15px\">Christine har ogs\u00e5 gitt ut to kritikerroste visealbum p\u00e5 norsk, I mellom skyer (2017) og Hei menneske (2020).<\/p>\n\n\n\n<p style=\"font-size:15px\">Ephemera ga ogs\u00e5 ut et etterlengtet album SEASONS i 2020, og spiller eksklusive konserter igjen etter flere \u00e5r p\u00e5 is.<\/p>\n\n\n\n<p style=\"font-size:15px\">H\u00f8sten 2020 debuterte Christine som barnebokforfatter med Pelle Propell klarer faktisk alt helt selv. Serien om Pelle Propell er morsom, fargerik og full av fantasi. V\u00e5ren 2021 kom oppf\u00f8lgerne PELLE PROPELL BLANDER ALLE SMAKER I HELE VERDEN&nbsp;og PELLE PROPELL VIL ABSOLUTT IKKE MISTE EN TANN &#8211; perfekt for opplesning for barn mellom 2 og 5 \u00e5r!&nbsp;<\/p>\n\n\n\n<p style=\"font-size:15px\">Utgiver er <a href=\"https:\/\/www.cappelendamm.no\/_pelle-propell-klarer-faktisk-alt-helt-selv-christine-sandtorv-9788202654085\">Cappelen Damm<\/a>.<\/p>\n\n\n\n<p style=\"font-size:15px\"><\/p>\n\n\n\n<p style=\"font-size:15px\">I 2020 fikk Christine fordypningsstipend fra Komponistenes Vederlagsfond, og skrev en ny l\u00e5t hver m\u00e5ned.&nbsp;Hun kalte prosjektet <strong>LYDEN AV ET \u00c5R<\/strong>. <\/p>\n\n\n\n<p style=\"font-size:15px\">\u00abTanken var \u00e5 komponere og skrive meg gjennom \u00e5ret, og se hvor mye det preges av \u00e5rstidene, familieliv, timeplan, ro, usikkerhet, og andre ting som p\u00e5virker meg som l\u00e5tskriver.At 2020 skulle bli et s\u00e5pass spesielt \u00e5r i verden, var ikke en del av planen. Det var tungt, vanskelig, hjemmeskole, lett, forvirrende, en klamp om foten innimellom andre utgivelser og gj\u00f8rem\u00e5l, men ikke minst veldig l\u00e6rerikt!\u00bb<\/p>\n\n\n\n<p style=\"font-size:15px\">Hun ga ut fire EP&#8217;er i l\u00f8pet av 2022, og hele albumet ble utgitt digitalt 25.11.2022.<\/p>\n\n\n\n<p style=\"font-size:15px\">Christine har skrevet manus til danseforestillingen for barn,<a href=\"https:\/\/dns.no\/forestillinger\/mali-befaler\/\" data-type=\"URL\" data-id=\"https:\/\/dns.no\/forestillinger\/mali-befaler\/\"> Mali befaler.<\/a> Den hadde premiere p\u00e5 DNS julen 2021, og settes opp igjen h\u00f8sten 2022.<\/p>\n\n\n\n<p><\/p>\n\n\n\n<p style=\"font-size:15px\">Christine har mottatt Statens kunstnerstipend som popkomponist i 2013, 2017 og 2022. <\/p>\n\n\n\n<p style=\"font-size:15px\">H\u00f8sten 2022 ble hun tildelt <a href=\"https:\/\/www.ffuk.no\/rolf-gammlengs-pris-hoest-2022.583014.no.html\" data-type=\"URL\" data-id=\"https:\/\/www.ffuk.no\/rolf-gammlengs-pris-hoest-2022.583014.no.html\">R<\/a><a rel=\"noreferrer noopener\" href=\"https:\/\/www.ffuk.no\/rolf-gammlengs-pris-hoest-2022.583014.no.html\" data-type=\"URL\" data-id=\"https:\/\/www.ffuk.no\/rolf-gammlengs-pris-hoest-2022.583014.no.html\" target=\"_blank\">o<\/a><a href=\"https:\/\/www.ffuk.no\/rolf-gammlengs-pris-hoest-2022.583014.no.html\" data-type=\"URL\" data-id=\"https:\/\/www.ffuk.no\/rolf-gammlengs-pris-hoest-2022.583014.no.html\">lf Gammlengspris <\/a>. <\/p>\n\n\n\n<p style=\"font-size:15px\">ANDRE LENKER:<\/p>\n\n\n\n<p style=\"font-size:15px\"><\/p>\n\n\n\n<p style=\"font-size:15px\"><a href=\"https:\/\/radio.nrk.no\/serie\/sommer-i-p2\/sesong\/202207\/MKFO20001822\">Sommer i P2<\/a><\/p>\n\n\n\n<p style=\"font-size:15px\">Det sjette albumet for barn, STJERNETELLER &#8211; SOVESIRKUS kom oktober 2024.<\/p>\n\n\n\n<figure class=\"wp-block-image size-large\"><img loading=\"lazy\" decoding=\"async\" width=\"600\" height=\"600\" src=\"http:\/\/christinesandtorv.no\/wp-content\/uploads\/2024\/10\/SOVESIRKUS_COVER_FORSIDE_THEORCHARD-600x600.jpg\" alt=\"\" class=\"wp-image-14458\" srcset=\"https:\/\/christinesandtorv.no\/wp-content\/uploads\/2024\/10\/SOVESIRKUS_COVER_FORSIDE_THEORCHARD-600x600.jpg 600w, https:\/\/christinesandtorv.no\/wp-content\/uploads\/2024\/10\/SOVESIRKUS_COVER_FORSIDE_THEORCHARD-300x300.jpg 300w, https:\/\/christinesandtorv.no\/wp-content\/uploads\/2024\/10\/SOVESIRKUS_COVER_FORSIDE_THEORCHARD-290x290.jpg 290w, https:\/\/christinesandtorv.no\/wp-content\/uploads\/2024\/10\/SOVESIRKUS_COVER_FORSIDE_THEORCHARD-768x768.jpg 768w, https:\/\/christinesandtorv.no\/wp-content\/uploads\/2024\/10\/SOVESIRKUS_COVER_FORSIDE_THEORCHARD-1536x1536.jpg 1536w, https:\/\/christinesandtorv.no\/wp-content\/uploads\/2024\/10\/SOVESIRKUS_COVER_FORSIDE_THEORCHARD-2048x2048.jpg 2048w, https:\/\/christinesandtorv.no\/wp-content\/uploads\/2024\/10\/SOVESIRKUS_COVER_FORSIDE_THEORCHARD-230x230.jpg 230w, https:\/\/christinesandtorv.no\/wp-content\/uploads\/2024\/10\/SOVESIRKUS_COVER_FORSIDE_THEORCHARD-80x80.jpg 80w\" sizes=\"auto, (max-width: 600px) 100vw, 600px\" \/><\/figure>\n\n\n\n<p><\/p>\n\n\n\n<p><\/p>\n\n\n\n<p><\/p>\n","protected":false},"excerpt":{"rendered":"<p>Christine Sandtorv startet som frontfigur og l\u00e5tskriver i bandet Ephemera, som ga ut fem album i perioden 1996-2004. Hun har blant annet skrevet hitl\u00e5ten Girls keep secrets in the strangest ways. Etter at hun ble mor, savnet hun nyskrevet musikk&hellip; <\/p>\n","protected":false},"author":1,"featured_media":0,"parent":0,"menu_order":1,"comment_status":"closed","ping_status":"closed","template":"","meta":{"footnotes":""},"class_list":["post-13577","page","type-page","status-publish","hentry"],"_links":{"self":[{"href":"https:\/\/christinesandtorv.no\/index.php?rest_route=\/wp\/v2\/pages\/13577","targetHints":{"allow":["GET"]}}],"collection":[{"href":"https:\/\/christinesandtorv.no\/index.php?rest_route=\/wp\/v2\/pages"}],"about":[{"href":"https:\/\/christinesandtorv.no\/index.php?rest_route=\/wp\/v2\/types\/page"}],"author":[{"embeddable":true,"href":"https:\/\/christinesandtorv.no\/index.php?rest_route=\/wp\/v2\/users\/1"}],"replies":[{"embeddable":true,"href":"https:\/\/christinesandtorv.no\/index.php?rest_route=%2Fwp%2Fv2%2Fcomments&post=13577"}],"version-history":[{"count":40,"href":"https:\/\/christinesandtorv.no\/index.php?rest_route=\/wp\/v2\/pages\/13577\/revisions"}],"predecessor-version":[{"id":14477,"href":"https:\/\/christinesandtorv.no\/index.php?rest_route=\/wp\/v2\/pages\/13577\/revisions\/14477"}],"wp:attachment":[{"href":"https:\/\/christinesandtorv.no\/index.php?rest_route=%2Fwp%2Fv2%2Fmedia&parent=13577"}],"curies":[{"name":"wp","href":"https:\/\/api.w.org\/{rel}","templated":true}]}}