{"id":13696,"date":"2021-09-01T15:44:32","date_gmt":"2021-09-01T13:44:32","guid":{"rendered":"http:\/\/christinesandtorv.no\/?page_id=13696"},"modified":"2025-06-24T10:23:04","modified_gmt":"2025-06-24T08:23:04","slug":"stjerneteller","status":"publish","type":"page","link":"https:\/\/christinesandtorv.no\/?page_id=13696","title":{"rendered":"BARNEMUSIKK"},"content":{"rendered":"\n<p style=\"font-size:15px\"><strong>STJERNETELLERSERIEN<\/strong><\/p>\n\n\n\n<p style=\"font-size:15px\">I 2009 kom Christine Sandtorv ut med sin f\u00f8rste barneplate <strong>Godnattsanger<\/strong>. Dette var starten p\u00e5 et helt nytt univers, <strong>Stjernetellerne<\/strong>. Oppf\u00f8lgeren <strong>Gullamanter<\/strong> (2012) vant <strong>Spellemannprisen <\/strong>for Beste Barneplate. <\/p>\n\n\n\n<p style=\"font-size:15px\">Trebarnsmoren og Ephemera-veteranen fortsatte Christine \u00e5 briljere p\u00e5 <strong>Dinomaur<\/strong> (2014), albumet er spekket av musikalsk overskudd og catchy refrenger, og hun mottok sin fjerde Spellemannspris for Dinomaur. <\/p>\n\n\n\n<p style=\"font-size:15px\">Stjernetellerserien er barneplatene for voksne som har barn. Proppet med fengende favoritter, men har ogs\u00e5 plass til pustepauser. \u00c5 v\u00e6re barn i det sjarmerende stjernetelleruniverset, minner om at verden er mer enn skjerm og tastatur, og representerer samtidig et r\u00f8rende blikk p\u00e5 det \u00e5 v\u00e6re forelder. Her er dans og moro, lek og alvor, men Sandtorv er hele tiden tro mot signaturen om aldri \u00e5 la melankolien ta overh\u00e5nd.<\/p>\n\n\n\n<p style=\"font-size:15px\">I 2016 kom det fjerde Stjernetelleralbumet, Klokvarm (2016).<\/p>\n\n\n\n<p style=\"font-size:15px\"><a href=\"https:\/\/www.bt.no\/kultur\/i\/zP8vv\/for-barn-i-alle-aldre\" data-type=\"URL\" data-id=\"https:\/\/www.bt.no\/kultur\/i\/zP8vv\/for-barn-i-alle-aldre\">BT sin anmelder<\/a> ga terningkast 6 <\/p>\n\n\n\n<p style=\"font-size:15px\"><\/p>\n\n\n\n<p style=\"font-size:15px\">Det femte albumet i serien, Automagisk ble utgitt v\u00e5ren 2021 og mottok Spellemannpris for \u00e5rets barnemusikk!<\/p>\n\n\n\n<p style=\"font-size:15px\"><a href=\"https:\/\/www.vl.no\/kultur\/2021\/04\/17\/christine-sandtorv-lager-kvalitetspop-for-hele-familien\/\" data-type=\"URL\" data-id=\"https:\/\/www.vl.no\/kultur\/2021\/04\/17\/christine-sandtorv-lager-kvalitetspop-for-hele-familien\/\">V\u00e5rt Lands anmelder skriver<\/a>: &raquo; I flere \u00e5r var Christine Sandtorv dronningen av norsk kvalitets-pop i bandet Ephemera.&nbsp;N\u00e5 fester hun grepet som en av v\u00e5re aller beste formidlere av barne- og familiemusikk \u2013 med voksne kvalitetskrav.&raquo;<\/p>\n\n\n\n<p style=\"font-size:15px\"><\/p>\n\n\n\n<p style=\"font-size:15px\">Les hva <a href=\"http:\/\/www.periskop.no\/nye-plater-mild-bergens-psykedelia-fra-christine-sandtorv-goy-pa-landet-med-hekla-stalstrenga\/?fbclid=IwAR3jSH3LoCYA0yilQRDfEp2DNiTXE9zocU7kajM5qjO8sdhE23I5dFLnPIM\" data-type=\"URL\" data-id=\"http:\/\/www.periskop.no\/nye-plater-mild-bergens-psykedelia-fra-christine-sandtorv-goy-pa-landet-med-hekla-stalstrenga\/?fbclid=IwAR3jSH3LoCYA0yilQRDfEp2DNiTXE9zocU7kajM5qjO8sdhE23I5dFLnPIM\">Periskop &#8211; Kritikk av kunst for barn og unge skriver om Automagisk her:<\/a><\/p>\n\n\n\n<p style=\"font-size:15px\">H\u00f8sten 2022 mottok hun <a href=\"https:\/\/www.ffuk.no\/rolf-gammlengs-pris-hoest-2022.583014.no.html\" data-type=\"URL\" data-id=\"https:\/\/www.ffuk.no\/rolf-gammlengs-pris-hoest-2022.583014.no.html\">Rolf Gammlengspris<\/a> blant annet for sitt arbeid med barnemusikk.<\/p>\n\n\n\n<p><\/p>\n\n\n\n<p style=\"font-size:15px\"><strong>Stjernetellerserien er ikke bare ekte familiebarneplater, men ogs\u00e5 popl\u00e5ter av ypperste klasse.<\/strong><\/p>\n\n\n\n<p style=\"font-size:15px\">25.oktober kom det sjette albumet for barn, <a href=\"https:\/\/orcd.co\/stjernetellersovesirkus\" data-type=\"link\" data-id=\"https:\/\/orcd.co\/stjernetellersovesirkus\">Stjerneteller &#8211; Sovesirkus!<\/a><\/p>\n\n\n\n<p><\/p>\n\n\n\n<p>Les hva Periskop skriver om albumet her:<a href=\"https:\/\/periskop.no\/musikk-som-strekker-seg-utover-sengekanten\/\"> Musikk som strekker seg over sengekanten<\/a><\/p>\n\n\n\n<p><\/p>\n\n\n\n<p><\/p>\n\n\n\n<div class=\"wp-block-media-text is-stacked-on-mobile\"><figure class=\"wp-block-media-text__media\"><img loading=\"lazy\" decoding=\"async\" width=\"600\" height=\"600\" src=\"https:\/\/christinesandtorv.no\/wp-content\/uploads\/2024\/10\/SOVESIRKUS_COVER_FORSIDE_THEORCHARD-600x600.jpg\" alt=\"\" class=\"wp-image-14458 size-full\" srcset=\"https:\/\/christinesandtorv.no\/wp-content\/uploads\/2024\/10\/SOVESIRKUS_COVER_FORSIDE_THEORCHARD-600x600.jpg 600w, https:\/\/christinesandtorv.no\/wp-content\/uploads\/2024\/10\/SOVESIRKUS_COVER_FORSIDE_THEORCHARD-300x300.jpg 300w, https:\/\/christinesandtorv.no\/wp-content\/uploads\/2024\/10\/SOVESIRKUS_COVER_FORSIDE_THEORCHARD-290x290.jpg 290w, https:\/\/christinesandtorv.no\/wp-content\/uploads\/2024\/10\/SOVESIRKUS_COVER_FORSIDE_THEORCHARD-768x768.jpg 768w, https:\/\/christinesandtorv.no\/wp-content\/uploads\/2024\/10\/SOVESIRKUS_COVER_FORSIDE_THEORCHARD-1536x1536.jpg 1536w, https:\/\/christinesandtorv.no\/wp-content\/uploads\/2024\/10\/SOVESIRKUS_COVER_FORSIDE_THEORCHARD-2048x2048.jpg 2048w, https:\/\/christinesandtorv.no\/wp-content\/uploads\/2024\/10\/SOVESIRKUS_COVER_FORSIDE_THEORCHARD-230x230.jpg 230w, https:\/\/christinesandtorv.no\/wp-content\/uploads\/2024\/10\/SOVESIRKUS_COVER_FORSIDE_THEORCHARD-80x80.jpg 80w\" sizes=\"auto, (max-width: 600px) 100vw, 600px\" \/><\/figure><div class=\"wp-block-media-text__content\">\n<p><\/p>\n<\/div><\/div>\n\n\n\n<p>STJERNETELLER<br>SOVESIRKUS<br>2024<\/p>\n\n\n\n<div class=\"wp-block-columns is-layout-flex wp-container-core-columns-is-layout-9d6595d7 wp-block-columns-is-layout-flex\">\n<div class=\"wp-block-column is-layout-flow wp-block-column-is-layout-flow\" style=\"flex-basis:100%\"><div class=\"wp-block-image\">\n<figure class=\"alignleft size-large is-resized\"><img loading=\"lazy\" decoding=\"async\" width=\"600\" height=\"600\" src=\"http:\/\/christinesandtorv.no\/wp-content\/uploads\/2021\/09\/STJERNETELLER_AUTOMAGISK_5_THE-ORCHARD-600x600.jpg\" alt=\"\" class=\"wp-image-13691\" style=\"width:158px;height:158px\" srcset=\"https:\/\/christinesandtorv.no\/wp-content\/uploads\/2021\/09\/STJERNETELLER_AUTOMAGISK_5_THE-ORCHARD-600x600.jpg 600w, https:\/\/christinesandtorv.no\/wp-content\/uploads\/2021\/09\/STJERNETELLER_AUTOMAGISK_5_THE-ORCHARD-300x300.jpg 300w, https:\/\/christinesandtorv.no\/wp-content\/uploads\/2021\/09\/STJERNETELLER_AUTOMAGISK_5_THE-ORCHARD-290x290.jpg 290w, https:\/\/christinesandtorv.no\/wp-content\/uploads\/2021\/09\/STJERNETELLER_AUTOMAGISK_5_THE-ORCHARD-768x768.jpg 768w, https:\/\/christinesandtorv.no\/wp-content\/uploads\/2021\/09\/STJERNETELLER_AUTOMAGISK_5_THE-ORCHARD-1536x1536.jpg 1536w, https:\/\/christinesandtorv.no\/wp-content\/uploads\/2021\/09\/STJERNETELLER_AUTOMAGISK_5_THE-ORCHARD-2048x2048.jpg 2048w, https:\/\/christinesandtorv.no\/wp-content\/uploads\/2021\/09\/STJERNETELLER_AUTOMAGISK_5_THE-ORCHARD-230x230.jpg 230w, https:\/\/christinesandtorv.no\/wp-content\/uploads\/2021\/09\/STJERNETELLER_AUTOMAGISK_5_THE-ORCHARD-80x80.jpg 80w\" sizes=\"auto, (max-width: 600px) 100vw, 600px\" \/><figcaption class=\"wp-element-caption\">STJERNETELLER<br>AUTOMAGISK<br>2021<\/figcaption><\/figure>\n<\/div>\n\n<div class=\"wp-block-image\">\n<figure class=\"alignleft size-large is-resized\"><img loading=\"lazy\" decoding=\"async\" width=\"600\" height=\"600\" src=\"http:\/\/christinesandtorv.no\/wp-content\/uploads\/2015\/11\/STJERNETELLER_STJERNESKUDD-600x600.jpg\" alt=\"\" class=\"wp-image-2355\" style=\"width:158px;height:158px\" srcset=\"https:\/\/christinesandtorv.no\/wp-content\/uploads\/2015\/11\/STJERNETELLER_STJERNESKUDD-600x600.jpg 600w, https:\/\/christinesandtorv.no\/wp-content\/uploads\/2015\/11\/STJERNETELLER_STJERNESKUDD-290x290.jpg 290w, https:\/\/christinesandtorv.no\/wp-content\/uploads\/2015\/11\/STJERNETELLER_STJERNESKUDD-300x300.jpg 300w, https:\/\/christinesandtorv.no\/wp-content\/uploads\/2015\/11\/STJERNETELLER_STJERNESKUDD-768x768.jpg 768w, https:\/\/christinesandtorv.no\/wp-content\/uploads\/2015\/11\/STJERNETELLER_STJERNESKUDD-230x230.jpg 230w, https:\/\/christinesandtorv.no\/wp-content\/uploads\/2015\/11\/STJERNETELLER_STJERNESKUDD-80x80.jpg 80w\" sizes=\"auto, (max-width: 600px) 100vw, 600px\" \/><figcaption class=\"wp-element-caption\">EP:<br>STJERNESKUDD<br>2017<\/figcaption><\/figure>\n<\/div>\n\n<div class=\"wp-block-image\">\n<figure class=\"alignleft size-large is-resized\"><img loading=\"lazy\" decoding=\"async\" width=\"600\" height=\"600\" src=\"http:\/\/christinesandtorv.no\/wp-content\/uploads\/2016\/09\/KLOKVARM_FORSIDE_RGB-1-600x600.jpg\" alt=\"\" class=\"wp-image-2099\" style=\"width:158px;height:158px\" srcset=\"https:\/\/christinesandtorv.no\/wp-content\/uploads\/2016\/09\/KLOKVARM_FORSIDE_RGB-1-600x600.jpg 600w, https:\/\/christinesandtorv.no\/wp-content\/uploads\/2016\/09\/KLOKVARM_FORSIDE_RGB-1-290x290.jpg 290w, https:\/\/christinesandtorv.no\/wp-content\/uploads\/2016\/09\/KLOKVARM_FORSIDE_RGB-1-300x300.jpg 300w, https:\/\/christinesandtorv.no\/wp-content\/uploads\/2016\/09\/KLOKVARM_FORSIDE_RGB-1-768x768.jpg 768w, https:\/\/christinesandtorv.no\/wp-content\/uploads\/2016\/09\/KLOKVARM_FORSIDE_RGB-1-230x230.jpg 230w, https:\/\/christinesandtorv.no\/wp-content\/uploads\/2016\/09\/KLOKVARM_FORSIDE_RGB-1-80x80.jpg 80w, https:\/\/christinesandtorv.no\/wp-content\/uploads\/2016\/09\/KLOKVARM_FORSIDE_RGB-1.jpg 1886w\" sizes=\"auto, (max-width: 600px) 100vw, 600px\" \/><figcaption class=\"wp-element-caption\">STJERNETELLER<br>KLOKVARM <br>2016<\/figcaption><\/figure>\n<\/div><\/div>\n<\/div>\n\n\n<div class=\"wp-block-image\">\n<figure class=\"alignleft size-large is-resized\"><img loading=\"lazy\" decoding=\"async\" width=\"600\" height=\"600\" src=\"http:\/\/christinesandtorv.no\/wp-content\/uploads\/2016\/03\/TREDJEALBUM-600x600.jpg\" alt=\"\" class=\"wp-image-1923\" style=\"width:158px;height:158px\" srcset=\"https:\/\/christinesandtorv.no\/wp-content\/uploads\/2016\/03\/TREDJEALBUM-600x600.jpg 600w, https:\/\/christinesandtorv.no\/wp-content\/uploads\/2016\/03\/TREDJEALBUM-290x290.jpg 290w, https:\/\/christinesandtorv.no\/wp-content\/uploads\/2016\/03\/TREDJEALBUM-300x300.jpg 300w, https:\/\/christinesandtorv.no\/wp-content\/uploads\/2016\/03\/TREDJEALBUM.jpg 709w\" sizes=\"auto, (max-width: 600px) 100vw, 600px\" \/><figcaption class=\"wp-element-caption\">STJERNETELLER<br>DINOMAUR<br>2014<\/figcaption><\/figure>\n<\/div>\n\n<div class=\"wp-block-image\">\n<figure class=\"alignleft size-large is-resized\"><img loading=\"lazy\" decoding=\"async\" width=\"600\" height=\"600\" src=\"http:\/\/christinesandtorv.no\/wp-content\/uploads\/2016\/03\/ANDREALBUM-600x600.jpg\" alt=\"\" class=\"wp-image-1921\" style=\"width:158px;height:158px\" srcset=\"https:\/\/christinesandtorv.no\/wp-content\/uploads\/2016\/03\/ANDREALBUM-600x600.jpg 600w, https:\/\/christinesandtorv.no\/wp-content\/uploads\/2016\/03\/ANDREALBUM-290x290.jpg 290w, https:\/\/christinesandtorv.no\/wp-content\/uploads\/2016\/03\/ANDREALBUM-300x300.jpg 300w, https:\/\/christinesandtorv.no\/wp-content\/uploads\/2016\/03\/ANDREALBUM.jpg 709w\" sizes=\"auto, (max-width: 600px) 100vw, 600px\" \/><figcaption class=\"wp-element-caption\">STJERNETELLER<br>GULLAMANTER <br>2012<\/figcaption><\/figure>\n<\/div>\n\n<div class=\"wp-block-image\">\n<figure class=\"alignleft size-large is-resized\"><img loading=\"lazy\" decoding=\"async\" width=\"600\" height=\"600\" src=\"http:\/\/christinesandtorv.no\/wp-content\/uploads\/2016\/03\/FORSTEALBUM-600x600.jpg\" alt=\"\" class=\"wp-image-1922\" style=\"width:158px;height:158px\" srcset=\"https:\/\/christinesandtorv.no\/wp-content\/uploads\/2016\/03\/FORSTEALBUM-600x600.jpg 600w, https:\/\/christinesandtorv.no\/wp-content\/uploads\/2016\/03\/FORSTEALBUM-290x290.jpg 290w, https:\/\/christinesandtorv.no\/wp-content\/uploads\/2016\/03\/FORSTEALBUM-300x300.jpg 300w, https:\/\/christinesandtorv.no\/wp-content\/uploads\/2016\/03\/FORSTEALBUM.jpg 709w\" sizes=\"auto, (max-width: 600px) 100vw, 600px\" \/><figcaption class=\"wp-element-caption\">STJERNETELLER<br>GODNATTSANGER <br>2009<\/figcaption><\/figure>\n<\/div>\n\n\n<p><\/p>\n\n\n\n<p style=\"font-size:15px\"><\/p>\n\n\n\n<div class=\"wp-block-group\"><div class=\"wp-block-group__inner-container is-layout-flow wp-block-group-is-layout-flow\">\n<div class=\"wp-block-columns is-layout-flex wp-container-core-columns-is-layout-9d6595d7 wp-block-columns-is-layout-flex\">\n<div class=\"wp-block-column is-layout-flow wp-block-column-is-layout-flow\" style=\"flex-basis:100%\">\n<figure class=\"wp-block-gallery alignleft has-nested-images columns-default is-cropped wp-block-gallery-2 is-layout-flex wp-block-gallery-is-layout-flex\"><\/figure>\n<\/div>\n<\/div>\n<\/div><\/div>\n","protected":false},"excerpt":{"rendered":"<p>STJERNETELLERSERIEN I 2009 kom Christine Sandtorv ut med sin f\u00f8rste barneplate Godnattsanger. Dette var starten p\u00e5 et helt nytt univers, Stjernetellerne. Oppf\u00f8lgeren Gullamanter (2012) vant Spellemannprisen for Beste Barneplate. Trebarnsmoren og Ephemera-veteranen fortsatte Christine \u00e5 briljere p\u00e5 Dinomaur (2014), albumet&hellip; <\/p>\n","protected":false},"author":1,"featured_media":0,"parent":13577,"menu_order":-1,"comment_status":"closed","ping_status":"closed","template":"","meta":{"footnotes":""},"class_list":["post-13696","page","type-page","status-publish","hentry"],"_links":{"self":[{"href":"https:\/\/christinesandtorv.no\/index.php?rest_route=\/wp\/v2\/pages\/13696","targetHints":{"allow":["GET"]}}],"collection":[{"href":"https:\/\/christinesandtorv.no\/index.php?rest_route=\/wp\/v2\/pages"}],"about":[{"href":"https:\/\/christinesandtorv.no\/index.php?rest_route=\/wp\/v2\/types\/page"}],"author":[{"embeddable":true,"href":"https:\/\/christinesandtorv.no\/index.php?rest_route=\/wp\/v2\/users\/1"}],"replies":[{"embeddable":true,"href":"https:\/\/christinesandtorv.no\/index.php?rest_route=%2Fwp%2Fv2%2Fcomments&post=13696"}],"version-history":[{"count":34,"href":"https:\/\/christinesandtorv.no\/index.php?rest_route=\/wp\/v2\/pages\/13696\/revisions"}],"predecessor-version":[{"id":14472,"href":"https:\/\/christinesandtorv.no\/index.php?rest_route=\/wp\/v2\/pages\/13696\/revisions\/14472"}],"up":[{"embeddable":true,"href":"https:\/\/christinesandtorv.no\/index.php?rest_route=\/wp\/v2\/pages\/13577"}],"wp:attachment":[{"href":"https:\/\/christinesandtorv.no\/index.php?rest_route=%2Fwp%2Fv2%2Fmedia&parent=13696"}],"curies":[{"name":"wp","href":"https:\/\/api.w.org\/{rel}","templated":true}]}}