{"id":14237,"date":"2022-12-01T16:54:03","date_gmt":"2022-12-01T14:54:03","guid":{"rendered":"http:\/\/christinesandtorv.no\/?page_id=14237"},"modified":"2022-12-05T17:19:14","modified_gmt":"2022-12-05T15:19:14","slug":"klokvarm","status":"publish","type":"page","link":"https:\/\/christinesandtorv.no\/?page_id=14237","title":{"rendered":"KLOKVARM"},"content":{"rendered":"\n<div class=\"wp-block-group\" style=\"font-size:15px\"><div class=\"wp-block-group__inner-container is-layout-constrained wp-block-group-is-layout-constrained\">\n<p class=\"p1\" style=\"text-align: center;\"><b>OPPTATT<\/b><\/p>\n<p>\u00a0<\/p>\n<p class=\"p1\" style=\"text-align: center;\">HEI HEI HALLO<\/p>\n<p class=\"p1\" style=\"text-align: center;\">SER DU AT EG SER P\u00c5 DEG<\/p>\n<p class=\"p1\" style=\"text-align: center;\">HEI HEI HALLO<\/p>\n<p class=\"p1\" style=\"text-align: center;\">DET HADDE V\u00c6RT FINT<\/p>\n<p class=\"p1\" style=\"text-align: center;\">MED ET BLIKK TILBAKE<\/p>\n<p class=\"p1\" style=\"text-align: center;\">HADDE V\u00c6RT FINT<\/p>\n<p class=\"p1\" style=\"text-align: center;\">OM DU S\u00c5 P\u00c5<\/p>\n<p class=\"p1\" style=\"text-align: center;\">MEG<\/p>\n<p>\u00a0<\/p>\n<p class=\"p1\" style=\"text-align: center;\">FOR EG PR\u00d8VER \u00c5 F\u00c5 KONTAKT<\/p>\n<p class=\"p1\" style=\"text-align: center;\">EG HAR NOKKE EG VIL HA SAGT<\/p>\n<p class=\"p1\" style=\"text-align: center;\">MEN DU ER OPPTATT OPPTATT OPPTATT OPPTATT<\/p>\n<p class=\"p1\" style=\"text-align: center;\">DU E OPPTATT MED EN DINGS<\/p>\n<p>\u00a0<\/p>\n<p class=\"p1\" style=\"text-align: center;\">HEI HEI HALLO<\/p>\n<p class=\"p1\" style=\"text-align: center;\">SER DU AT EG VINKER TIL DEG<\/p>\n<p class=\"p1\" style=\"text-align: center;\">HEI HEI HALLO<\/p>\n<p class=\"p1\" style=\"text-align: center;\">DET HADDE V\u00c6RT FINT<\/p>\n<p class=\"p1\" style=\"text-align: center;\">MED ET VINK TILBAKE<\/p>\n<p class=\"p1\" style=\"text-align: center;\">HADDE V\u00c6RT FINT<\/p>\n<p class=\"p1\" style=\"text-align: center;\">OM DU SVARTE<\/p>\n<p class=\"p1\" style=\"text-align: center;\">MEG<\/p>\n<p>\u00a0<\/p>\n<p class=\"p1\" style=\"text-align: center;\">HEI HEI HALLO<\/p>\n<p class=\"p1\" style=\"text-align: center;\">H\u00d8RER DU AT EG SNAKKER TIL DEG<\/p>\n<p class=\"p1\" style=\"text-align: center;\">HEI HEI HALLO<\/p>\n<p class=\"p1\" style=\"text-align: center;\">DET HADDE V\u00c6RT FINT<\/p>\n<p class=\"p1\" style=\"text-align: center;\">MED ET SVAR TILBAKE<\/p>\n<p class=\"p1\" style=\"text-align: center;\">HADDE V\u00c6RT FINT<\/p>\n<p class=\"p1\" style=\"text-align: center;\">OM DU SVARTE<\/p>\n<p class=\"p1\" style=\"text-align: center;\">MEG<\/p>\n<p>\u00a0<\/p>\n<p>\u00a0<\/p>\n<p class=\"p1\" style=\"text-align: center;\"><b>PAPPA DANSER DISKO<\/b><\/p>\n<p>\u00a0<\/p>\n<p class=\"p1\" style=\"text-align: center;\">KOM P\u00c5 DANSEGULVET<\/p>\n<p class=\"p1\" style=\"text-align: center;\">HER DR\u00d8MMER VI OSS BORT<\/p>\n<p class=\"p1\" style=\"text-align: center;\">VI DANSER GANSKE SAKTE<\/p>\n<p class=\"p1\" style=\"text-align: center;\">VI DANSER SKIKKELIG FORT<\/p>\n<p>\u00a0<\/p>\n<p class=\"p1\" style=\"text-align: center;\">KOM P\u00c5 DANSEGULVET<\/p>\n<p class=\"p1\" style=\"text-align: center;\">HER SVEVER VI OMKRING<\/p>\n<p class=\"p1\" style=\"text-align: center;\">HOPPER OPP OG HOPPER NED<\/p>\n<p class=\"p1\" style=\"text-align: center;\">SNURRER OSS RUNDT I RING<\/p>\n<p>\u00a0<\/p>\n<p class=\"p1\" style=\"text-align: center;\">DET BLINKER I S\u00d8LV<\/p>\n<p class=\"p1\" style=\"text-align: center;\">FRA KULEN I TAKET<\/p>\n<p class=\"p1\" style=\"text-align: center;\">TUSEN DIAMANTER<\/p>\n<p class=\"p1\" style=\"text-align: center;\">SVINGER FRAM OG TILBAKE<\/p>\n<p>\u00a0<\/p>\n<p class=\"p1\" style=\"text-align: center;\">KOM P\u00c5 DANSEGULVET<\/p>\n<p class=\"p1\" style=\"text-align: center;\">HER ER PLASS TIL FLER<\/p>\n<p class=\"p1\" style=\"text-align: center;\">MEN KA E DET DER SOM SVAIER<\/p>\n<p class=\"p1\" style=\"text-align: center;\">KA E DET DER VI SER?!<\/p>\n<p>\u00a0<\/p>\n<p class=\"p1\" style=\"text-align: center;\">PAPPA DANSER DISKO<\/p>\n<p class=\"p1\" style=\"text-align: center;\">HAN E KOKO MEN NOKS\u00c5 KUL<\/p>\n<p class=\"p1\" style=\"text-align: center;\">PAPPA DANSER DISKO<\/p>\n<p class=\"p1\" style=\"text-align: center;\">SOM EN DIGER SOMMERFUGL<\/p>\n<p>\u00a0<\/p>\n<p>\u00a0<\/p>\n<p class=\"p1\" style=\"text-align: center;\"><b>HOPPENDE GLAD<\/b><\/p>\n<p>\u00a0<\/p>\n<p class=\"p1\" style=\"text-align: center;\">LILLE T\u00c5RE<\/p>\n<p class=\"p1\" style=\"text-align: center;\">KOR SKAL DU HEN?<\/p>\n<p class=\"p1\" style=\"text-align: center;\">SKAL DU UT \u00c5 REISE?<\/p>\n<p class=\"p1\" style=\"text-align: center;\">KOMMER DU TILBAKE IGJEN?<\/p>\n<p>\u00a0<\/p>\n<p class=\"p1\" style=\"text-align: center;\">LILLE T\u00c5RE<\/p>\n<p class=\"p1\" style=\"text-align: center;\">IKKJE G\u00c5!<\/p>\n<p class=\"p1\" style=\"text-align: center;\">KORFOR M\u00c5 DU P\u00c5 JOBB<\/p>\n<p class=\"p1\" style=\"text-align: center;\">MENS EG M\u00c5 V\u00c6RE HER TIL ETTERP\u00c5?<\/p>\n<p>\u00a0<\/p>\n<p class=\"p1\" style=\"text-align: center;\">DET RENNER NEDOVER KINNET I LANGE V\u00c5TE SPOR<\/p>\n<p class=\"p1\" style=\"text-align: center;\">RENNER NEDOVER KINNET TIL LITEN OG TIL STOR<\/p>\n<p class=\"p1\" style=\"text-align: center;\">RENNER NEDOVER KINNET<\/p>\n<p class=\"p1\" style=\"text-align: center;\">DET KOMMER TIL \u00c5 G\u00c5 BRA<\/p>\n<p class=\"p1\" style=\"text-align: center;\">RENNER NEDOVER KINNET<\/p>\n<p class=\"p1\" style=\"text-align: center;\">DEN SOM E LEI SEG<\/p>\n<p class=\"p1\" style=\"text-align: center;\">SKAL BLI GLAD<\/p>\n<p>\u00a0<\/p>\n<p class=\"p1\" style=\"text-align: center;\">HOPPENDE GLAD<\/p>\n<p class=\"p1\" style=\"text-align: center;\">LILLE T\u00c5RE<\/p>\n<p class=\"p1\" style=\"text-align: center;\">HA DET BRA!<\/p>\n<p class=\"p1\" style=\"text-align: center;\">EG F\u00c5R EN SALT, KLAM KLEM<\/p>\n<p class=\"p1\" style=\"text-align: center;\">DU VINKER OG DRAR HER I FRA<\/p>\n<p>\u00a0<\/p>\n<p class=\"p1\" style=\"text-align: center;\">DU RENNER NEDOVER KINNET I LANGE V\u00c5TE SPOR<\/p>\n<p class=\"p1\" style=\"text-align: center;\">RENNER NEDOVER KINNET TIL LITEN OG TIL STOR<\/p>\n<p class=\"p1\" style=\"text-align: center;\">RENNER NEDOVER KINNET<\/p>\n<p class=\"p1\" style=\"text-align: center;\">DET KOMMER TIL \u00c5 G\u00c5 BRA<\/p>\n<p class=\"p1\" style=\"text-align: center;\">RENNER NEDOVER KINNET<\/p>\n<p class=\"p1\" style=\"text-align: center;\">DEN SOM E LEI SEG<\/p>\n<p class=\"p1\" style=\"text-align: center;\">SKAL BLI GLAD<\/p>\n<p class=\"p1\" style=\"text-align: center;\">HOPPENDE GLAD<\/p>\n<p class=\"p1\" style=\"text-align: center;\">S\u00c5NN SOM DU SA<\/p>\n<p>\u00a0<\/p>\n<p>\u00a0<\/p>\n<p class=\"p1\" style=\"text-align: center;\"><b>HALEN MELLOM BEINA<\/b><\/p>\n<p>\u00a0<\/p>\n<p class=\"p1\" style=\"text-align: center;\">VAR DET NOKKE DU VILLE SI<\/p>\n<p class=\"p1\" style=\"text-align: center;\">SOM FORSVANT HELT PLUTSELIG<\/p>\n<p class=\"p1\" style=\"text-align: center;\">S\u00c5 KOM HALEN MELLOM BEINA<\/p>\n<p class=\"p1\" style=\"text-align: center;\">BEINA GIKK I KRYSS<\/p>\n<p class=\"p1\" style=\"text-align: center;\">BLE DET, KORS P\u00c5 HALSEN,<\/p>\n<p class=\"p1\" style=\"text-align: center;\">SPIST OPP AV ET \u201cHYSJ\u201d?<\/p>\n<p>\u00a0<\/p>\n<p class=\"p1\" style=\"text-align: center;\">VAR DET NOKKE DU TENKTE P\u00c5<\/p>\n<p class=\"p1\" style=\"text-align: center;\">SOM DU VILLE SI MEN S\u00c5<\/p>\n<p class=\"p1\" style=\"text-align: center;\">S\u00c5 KOM HALEN MELLOM BEINA<\/p>\n<p class=\"p1\" style=\"text-align: center;\">BEINA GIKK I KRYSS<\/p>\n<p class=\"p1\" style=\"text-align: center;\">OG ORDENE P\u00c5 TUNGEN,<\/p>\n<p class=\"p1\" style=\"text-align: center;\">SPIST OPP AV ET \u201cHYSJ\u201d ?<\/p>\n<p>\u00a0<\/p>\n<p class=\"p1\" style=\"text-align: center;\">IKKJE V\u00c6R REDD REDD REDD<\/p>\n<p class=\"p1\" style=\"text-align: center;\">S\u00c5 REDD FOR \u00c5 SI DET<\/p>\n<p class=\"p1\" style=\"text-align: center;\">DU E IKKJE S\u00c5 T\u00d8FF T\u00d8FF T\u00d8FF<\/p>\n<p class=\"p1\" style=\"text-align: center;\">MEN DU KAN BLI DET<\/p>\n<p>\u00a0<\/p>\n<p class=\"p1\" style=\"text-align: center;\"><b>SUR P\u00c5 TUR<\/b><\/p>\n<p>\u00a0<\/p>\n<p class=\"p1\" style=\"text-align: center;\">ALT VAR KLART<\/p>\n<p class=\"p1\" style=\"text-align: center;\">ALLE VAR BLID<\/p>\n<p class=\"p1\" style=\"text-align: center;\">EN GIKK FORT<\/p>\n<p class=\"p1\" style=\"text-align: center;\">EN BAK<\/p>\n<p class=\"p1\" style=\"text-align: center;\">OG NOKKEN GIKK FORBI<\/p>\n<p>\u00a0<\/p>\n<p class=\"p1\" style=\"text-align: center;\">STORE SMIL<\/p>\n<p class=\"p1\" style=\"text-align: center;\">SEKKENE P\u00c5<\/p>\n<p class=\"p1\" style=\"text-align: center;\">EN VAR METT<\/p>\n<p class=\"p1\" style=\"text-align: center;\">EN T\u00d8RST<\/p>\n<p class=\"p1\" style=\"text-align: center;\">OG NOKKEN SULTEN N\u00c5!<\/p>\n<p>\u00a0<\/p>\n<p class=\"p1\" style=\"text-align: center;\">SOM EN BRANN KOR VI VAR GRESSET<\/p>\n<p class=\"p1\" style=\"text-align: center;\">SOM EN ERT UNDER EN PRINSESSE<\/p>\n<p class=\"p1\" style=\"text-align: center;\">ALT GIKK GALT<\/p>\n<p class=\"p1\" style=\"text-align: center;\">VI BLE SUR P\u00c5 TUR<\/p>\n<p>\u00a0<\/p>\n<p class=\"p1\" style=\"text-align: center;\">ALFOR LANGT<\/p>\n<p class=\"p1\" style=\"text-align: center;\">ALLE VAR LEI<\/p>\n<p class=\"p1\" style=\"text-align: center;\">EN VAR KALD<\/p>\n<p class=\"p1\" style=\"text-align: center;\">EN SVETT<\/p>\n<p class=\"p1\" style=\"text-align: center;\">OG NOKKEN GIKK FEIL VEI<\/p>\n<p>\u00a0<\/p>\n<p class=\"p1\" style=\"text-align: center;\">NEDOVERMUNN<\/p>\n<p class=\"p1\" style=\"text-align: center;\">KINNET HELT V\u00c5TT<\/p>\n<p class=\"p1\" style=\"text-align: center;\">EN VAR SINT<\/p>\n<p class=\"p1\" style=\"text-align: center;\">EN TR\u00d8TT<\/p>\n<p class=\"p1\" style=\"text-align: center;\">OG NOKKEN FULL AV SNOTT<\/p>\n<p>\u00a0<\/p>\n<p class=\"p1\" style=\"text-align: center;\">SOM EN BRANN KOR VI VAR GRESSET<\/p>\n<p class=\"p1\" style=\"text-align: center;\">SOM EN ERT UNDER EN PRINSESSE<\/p>\n<p class=\"p1\" style=\"text-align: center;\">ALT GIKK GALT<\/p>\n<p class=\"p1\" style=\"text-align: center;\">VI BLE SUR P\u00c5 TUR<\/p>\n<p>\u00a0<\/p>\n<p>\u00a0<\/p>\n<p class=\"p1\" style=\"text-align: center;\"><b>LUEN FORAN FJESET<\/b><\/p>\n<p>\u00a0<\/p>\n<p class=\"p1\" style=\"text-align: center;\">SN\u00d8FNUGGENE SOM FALLER NED<\/p>\n<p class=\"p1\" style=\"text-align: center;\">E KUN TIL L\u00c5NS, ANNA<\/p>\n<p class=\"p1\" style=\"text-align: center;\">MEN AKKURAT NO E DE ALT DU VIL HA<\/p>\n<p class=\"p1\" style=\"text-align: center;\">SN\u00d8FNUGGENE P\u00c5 KINNET DITT<\/p>\n<p class=\"p1\" style=\"text-align: center;\">VIL BL\u00c5SE BORT, ANNA<\/p>\n<p class=\"p1\" style=\"text-align: center;\">MEN AKKURAT NO GJ\u00d8R DE DEG BARE GLAD<\/p>\n<p>\u00a0<\/p>\n<p class=\"p1\" style=\"text-align: center;\">DU L\u00d8PER RUNDT OG SETTER SPOR<\/p>\n<p class=\"p1\" style=\"text-align: center;\">LYKKELIGE SKRITT HER DU BOR<\/p>\n<p>\u00a0<\/p>\n<p class=\"p1\" style=\"text-align: center;\">SN\u00d8FNUGGENE SOM DALER NED<\/p>\n<p class=\"p1\" style=\"text-align: center;\">E HER OG NO, ANNA<\/p>\n<p class=\"p1\" style=\"text-align: center;\">EN GANG SMELTER VI ALLE SAMMEN VEKK<\/p>\n<p class=\"p1\" style=\"text-align: center;\">SN\u00d8FNUGGENE DU LEKER MED<\/p>\n<p class=\"p1\" style=\"text-align: center;\">M\u00c5 DRA AVSTED, ANNA<\/p>\n<p class=\"p1\" style=\"text-align: center;\">NOKKEN SYNES VISST DET SN\u00d8R FOR TETT<\/p>\n<p>\u00a0<\/p>\n<p class=\"p1\" style=\"text-align: center;\">BARN SOM L\u00d8PER RUNDT OG SETTER SPOR<\/p>\n<p class=\"p1\" style=\"text-align: center;\">MED LYKKELIGE SKRITT HER DE BOR<\/p>\n<p class=\"p1\" style=\"text-align: center;\">KORFOR M\u00c5 DE DRA ET ANNET STED?<\/p>\n<p class=\"p1\" style=\"text-align: center;\">VI M\u00c5 HELLER GI DE KJ\u00c6RLIGHET<\/p>\n<p>\u00a0<\/p>\n<p class=\"p1\" style=\"text-align: center;\">MEN DET VIL IKKJE ALLE STORE SE<\/p>\n<p class=\"p1\" style=\"text-align: center;\">DE HAR LUEN FORAN FJESET!<\/p>\n<p class=\"p1\" style=\"text-align: center;\">DET VIL IKKJE ALLE STORE SE<\/p>\n<p class=\"p1\" style=\"text-align: center;\">TA VEKK LUEN FORAN FJESET!<\/p>\n<p>\u00a0<\/p>\n<p>\u00a0<\/p>\n<p class=\"p1\" style=\"text-align: center;\"><b>LILLEBROR<\/b><\/p>\n<p>\u00a0<\/p>\n<p class=\"p1\" style=\"text-align: center;\">LILLEBROR BOR<\/p>\n<p class=\"p1\" style=\"text-align: center;\">I EN SKUFF<\/p>\n<p class=\"p1\" style=\"text-align: center;\">EN KJ\u00d8KKENSKUFF<\/p>\n<p class=\"p1\" style=\"text-align: center;\">HAN E INGEN AMAT\u00d8R<\/p>\n<p class=\"p1\" style=\"text-align: center;\">HAR GJORT DET F\u00d8R<\/p>\n<p class=\"p1\" style=\"text-align: center;\">HAN E PROFF<\/p>\n<p>\u00a0<\/p>\n<p class=\"p1\" style=\"text-align: center;\">HVER ENESTE DAG<\/p>\n<p class=\"p1\" style=\"text-align: center;\">F\u00d8R SOLEN ST\u00c5R OPP<\/p>\n<p class=\"p1\" style=\"text-align: center;\">E LILLEBROR KLAR<\/p>\n<p class=\"p1\" style=\"text-align: center;\">TIL \u00c5 KLATRE OPP<\/p>\n<p class=\"p1\" style=\"text-align: center;\">DA KOMMER DET SPETAKKEL FRA KJ\u00d8KKENET IGJEN<\/p>\n<p>\u00a0<\/p>\n<p class=\"p1\" style=\"text-align: center;\">SLEIV, SAKS OG SIL<\/p>\n<p class=\"p1\" style=\"text-align: center;\">OG SK\u00c5LER MED LOKK<\/p>\n<p class=\"p1\" style=\"text-align: center;\">TAR LILLEBROR UT<\/p>\n<p class=\"p1\" style=\"text-align: center;\">HAN HAR VISST F\u00c5TT NOK<\/p>\n<p class=\"p1\" style=\"text-align: center;\">N\u00c5 KOMMER DET SPETAKKEL FRA KJ\u00d8KKENET IGJEN<\/p>\n<p>\u00a0<\/p>\n<p class=\"p1\" style=\"text-align: center;\">LILLEBROR<\/p>\n<p class=\"p1\" style=\"text-align: center;\">LILLEBROR BOR<\/p>\n<p class=\"p1\" style=\"text-align: center;\">I EN SKUFF<\/p>\n<p class=\"p1\" style=\"text-align: center;\">EN KJ\u00d8KKENSKUFF<\/p>\n<p>\u00a0<\/p>\n<p class=\"p1\" style=\"text-align: center;\">HAN E INGEN AMAT\u00d8R<\/p>\n<p class=\"p1\" style=\"text-align: center;\">HAR GJORT DET F\u00d8R<\/p>\n<p class=\"p1\" style=\"text-align: center;\">HAN E PROFF<\/p>\n<p class=\"p1\" style=\"text-align: center;\">HAN E S\u00c5 RASK<\/p>\n<p class=\"p1\" style=\"text-align: center;\">VIPS ER HAN FORSVUNNET<\/p>\n<p class=\"p1\" style=\"text-align: center;\">HAN KAN INGEN ORD<\/p>\n<p class=\"p1\" style=\"text-align: center;\">MEN ER VEKK P\u00c5 SEKUNDET<\/p>\n<p class=\"p1\" style=\"text-align: center;\">N\u00c5 KOMMER DET SPETAKKEL FRA KJ\u00d8KKENET IGJEN<\/p>\n<p class=\"p1\" style=\"text-align: center;\">LILLEBROR T\u00d8MMER SKUFFENE IGJEN<\/p>\n<p>\u00a0<\/p>\n<p class=\"p1\" style=\"text-align: center;\">SKUFFEN E TOM<\/p>\n<p class=\"p1\" style=\"text-align: center;\">HAN VIL BESTEMME<\/p>\n<p class=\"p1\" style=\"text-align: center;\">HAN KLATRER OPP<\/p>\n<p class=\"p1\" style=\"text-align: center;\">DER HAN H\u00d8RER HJEMME<\/p>\n<p>\u00a0<\/p>\n<p>\u00a0<\/p>\n<p class=\"p1\" style=\"text-align: center;\"><b>PRIKKED\u00d8DEN<\/b><\/p>\n<p>\u00a0<\/p>\n<p class=\"p1\" style=\"text-align: center;\">ET \u00d8RLITE SMIL<\/p>\n<p class=\"p1\" style=\"text-align: center;\">KOM IGJEN NO<\/p>\n<p class=\"p1\" style=\"text-align: center;\">IKKJE V\u00c6R S\u00c5 SUR<\/p>\n<p class=\"p1\" style=\"text-align: center;\">EG VET NOK AT DU HAR ET SMIL P\u00c5 LUR!<\/p>\n<p>\u00a0<\/p>\n<p class=\"p1\" style=\"text-align: center;\">HVIS EG SER I EN SKJEI<\/p>\n<p class=\"p1\" style=\"text-align: center;\">BLIR ALT HELT FEIL VEI<\/p>\n<p class=\"p1\" style=\"text-align: center;\">DU SIER HVIS DU IKKJE F\u00c5R FRED<\/p>\n<p class=\"p1\" style=\"text-align: center;\">SKAL DU SNU MEG RETT OPP OG NED<\/p>\n<p>\u00a0<\/p>\n<p class=\"p1\" style=\"text-align: center;\">EG KAN VISST IRRITERE<\/p>\n<p class=\"p1\" style=\"text-align: center;\">D\u00d8DE OG EN STEIN<\/p>\n<p class=\"p1\" style=\"text-align: center;\">EG E DEN \u00c5PEN LISSEN<\/p>\n<p class=\"p1\" style=\"text-align: center;\">P\u00c5 SKOEN TIL EN TUSENBEIN<\/p>\n<p>\u00a0<\/p>\n<p class=\"p1\" style=\"text-align: center;\">ET \u00d8RLITE SMIL<\/p>\n<p class=\"p1\" style=\"text-align: center;\">KOM IGJEN NO<\/p>\n<p class=\"p1\" style=\"text-align: center;\">IKKJE V\u00c6R S\u00c5 SUR<\/p>\n<p class=\"p1\" style=\"text-align: center;\">EG VET NOK AT DU HAR ET SMIL P\u00c5 LUR!<\/p>\n<p>\u00a0<\/p>\n<p class=\"p1\" style=\"text-align: center;\">HVIS EG R\u00d8PER H\u00d8YT<\/p>\n<p class=\"p1\" style=\"text-align: center;\">\u2018H\u00d8R EKKOET SVARER NOKKE G\u00d8YT\u2019<\/p>\n<p class=\"p1\" style=\"text-align: center;\">SIER DU EG E SPR\u00d8<\/p>\n<p class=\"p1\" style=\"text-align: center;\">SPR\u00d8ERE ENN RISTET BR\u00d8D<\/p>\n<p>\u00a0<\/p>\n<p class=\"p1\" style=\"text-align: center;\">MEN D\u00c5 SVIR DU SOM S\u00c5PE<\/p>\n<p class=\"p1\" style=\"text-align: center;\">I \u00d8YNENE IGJEN<\/p>\n<p class=\"p1\" style=\"text-align: center;\">EG VIL JO BARE V\u00c6RE<\/p>\n<p class=\"p1\" style=\"text-align: center;\">DEN ALLER BESTE LILLES\u00d8STEREN<\/p>\n<p>\u00a0<\/p>\n<p class=\"p1\" style=\"text-align: center;\">ET \u00d8RLITE SMIL<\/p>\n<p class=\"p1\" style=\"text-align: center;\">KOM IGJEN NO<\/p>\n<p class=\"p1\" style=\"text-align: center;\">IKKJE V\u00c6R S\u00c5 SUR<\/p>\n<p class=\"p1\" style=\"text-align: center;\">EG VET NOK AT DU HAR ET SMIL P\u00c5 LUR!<\/p>\n<p>\u00a0<\/p>\n<p class=\"p1\" style=\"text-align: center;\">SELV OM EG KARN\u00d8FLER DEG<\/p>\n<p class=\"p1\" style=\"text-align: center;\">OG DU TAR PRIKKED\u00d8DEN P\u00c5 MEG<\/p>\n<p>\u00a0<\/p>\n<p>\u00a0<\/p>\n<p class=\"p1\" style=\"text-align: center;\"><b>LA LYSET ST\u00c5 P\u00c5<\/b><\/p>\n<p>\u00a0<\/p>\n<p class=\"p1\" style=\"text-align: center;\">HER ER DIS OG T\u00c5KE<\/p>\n<p class=\"p1\" style=\"text-align: center;\">P\u00c5 ALLE KANTER<\/p>\n<p class=\"p1\" style=\"text-align: center;\">HER ER KNIRK FRA SP\u00d8KELSER<\/p>\n<p class=\"p1\" style=\"text-align: center;\">OG ELEFANTER<\/p>\n<p>\u00a0<\/p>\n<p class=\"p1\" style=\"text-align: center;\">HER ER GJEMMESTEDER<\/p>\n<p class=\"p1\" style=\"text-align: center;\">TA PUTEN OVER HODET<\/p>\n<p class=\"p1\" style=\"text-align: center;\">HER SKJER MYE MYSTISK<\/p>\n<p class=\"p1\" style=\"text-align: center;\">SELV OM INGEN VIL TRO DET<\/p>\n<p>\u00a0<\/p>\n<p class=\"p1\" style=\"text-align: center;\">DET E VANSKELIG \u00c5 SE<\/p>\n<p class=\"p1\" style=\"text-align: center;\">DET E S\u00c5 M\u00d8RKT<\/p>\n<p class=\"p1\" style=\"text-align: center;\">ELLER \u00c5 GJ\u00d8RE NOKKE MED<\/p>\n<p class=\"p1\" style=\"text-align: center;\">DET E S\u00c5 M\u00d8RKT<\/p>\n<p>\u00a0<\/p>\n<p class=\"p1\" style=\"text-align: center;\">EG KJENNER HJERTET BANKER<\/p>\n<p class=\"p1\" style=\"text-align: center;\">EG TENKER ALT FOR SKUMLE TANKER<\/p>\n<p class=\"p1\" style=\"text-align: center;\">HER E TAKET SKR\u00c5TT<\/p>\n<p class=\"p1\" style=\"text-align: center;\">OG GUVLET GYNGER<\/p>\n<p class=\"p1\" style=\"text-align: center;\">HER E FLAGGERMUS<\/p>\n<p class=\"p1\" style=\"text-align: center;\">OG ST\u00d8V SOM SNUR SEG N\u00c5R EG SYNGER<\/p>\n<p class=\"p1\" style=\"text-align: center;\">HER ER LANGE SKYGGER<\/p>\n<p class=\"p1\" style=\"text-align: center;\">SOM DANSER HIPP HOPP<\/p>\n<p class=\"p1\" style=\"text-align: center;\">HER PLASTIKKPERLER<\/p>\n<p class=\"p1\" style=\"text-align: center;\">I EN GAMMEL TEKOPP<\/p>\n<p>\u00a0<\/p>\n<p class=\"p1\" style=\"text-align: center;\">EG VIL SKRU LYSET P\u00c5<\/p>\n<p class=\"p1\" style=\"text-align: center;\">DET E S\u00c5 M\u00d8RKT<\/p>\n<p class=\"p1\" style=\"text-align: center;\">EG L\u00d8PER RUNDT P\u00c5 T\u00c5<\/p>\n<p class=\"p1\" style=\"text-align: center;\">DET E S\u00c5 M\u00d8RKT<\/p>\n<p class=\"p1\" style=\"text-align: center;\">EG KJENNER HJERTET BANKER<\/p>\n<p class=\"p1\" style=\"text-align: center;\">EG TENKER ALT FOR SKUMLE TANKER<\/p>\n<p class=\"p1\" style=\"text-align: center;\">LA LYSET ST\u00c5 P\u00c5<\/p>\n<p>\u00a0<\/p>\n<p>\u00a0<\/p>\n<p class=\"p1\" style=\"text-align: center;\"><b>ALLE TRENGER NOKKEN<\/b><\/p>\n<p>\u00a0<\/p>\n<p class=\"p1\" style=\"text-align: center;\">E DET NOKKEN SOM LURER P\u00c5<\/p>\n<p class=\"p1\" style=\"text-align: center;\">KORDAN DAGEN DIN VAR<\/p>\n<p class=\"p1\" style=\"text-align: center;\">OM DEN VAR D\u00c5RLIG ELLER GOD?<\/p>\n<p>\u00a0<\/p>\n<p class=\"p1\" style=\"text-align: center;\">E DET NOKKEN SOM HJELPER DEG<\/p>\n<p class=\"p1\" style=\"text-align: center;\">OPP IGJEN OM DU FALLER<\/p>\n<p class=\"p1\" style=\"text-align: center;\">ELLER SNUBLER I FOR STORE SKO?<\/p>\n<p>\u00a0<\/p>\n<p class=\"p1\" style=\"text-align: center;\">E DET S\u00c5NN DET E?<\/p>\n<p class=\"p1\" style=\"text-align: center;\">SIKKERT SOM TIKKINGEN I KLOKKEN!<\/p>\n<p class=\"p1\" style=\"text-align: center;\">DET E S\u00c5NN DET E<\/p>\n<p class=\"p1\" style=\"text-align: center;\">AT ALLE TRENGER NOKKEN<\/p>\n<p>\u00a0<\/p>\n<p class=\"p1\" style=\"text-align: center;\">E DET NOKKEN SOM VENTER<\/p>\n<p class=\"p1\" style=\"text-align: center;\">P\u00c5 DEN ANDRE SIDEN AV KLEMMEN<\/p>\n<p class=\"p1\" style=\"text-align: center;\">SOM VIL KLEMME DEG HARDT IGJEN?<\/p>\n<p>\u00a0<\/p>\n<p class=\"p1\" style=\"text-align: center;\">E DET NOKKEN SOM SMILER<\/p>\n<p class=\"p1\" style=\"text-align: center;\">SOM KANSKJE \u00d8NSKER SEG ET TILBAKE<\/p>\n<p class=\"p1\" style=\"text-align: center;\">DA KAN DU V\u00c6RE AKKURAT DEN<\/p>\n<p>\u00a0<\/p>\n<p class=\"p1\" style=\"text-align: center;\">E DET S\u00c5NN DET E?<\/p>\n<p class=\"p1\" style=\"text-align: center;\">SIKKERT SOM TIKKINGEN I KLOKKEN!<\/p>\n<p class=\"p1\" style=\"text-align: center;\">E DET E S\u00c5NN DET E?<\/p>\n<p class=\"p1\" style=\"text-align: center;\">AT ALLE TRENGER NOKKEN?<\/p>\n<p>\u00a0<\/p>\n<p class=\"p1\" style=\"text-align: center;\">EN SOM L\u00d8FTER DEG OPP<\/p>\n<p class=\"p1\" style=\"text-align: center;\">S\u00c5NN AT DU KAN F\u00c5 SE<\/p>\n<p class=\"p1\" style=\"text-align: center;\">EN SOM SER DU ER REDD<\/p>\n<p class=\"p1\" style=\"text-align: center;\">OG F\u00d8LGER DEG NED<\/p>\n<p class=\"p1\" style=\"text-align: center;\">EN SOM PASSER GODT P\u00c5<\/p>\n<p class=\"p1\" style=\"text-align: center;\">S\u00c5NN AT DU HAR DET BRA<\/p>\n<p class=\"p1\" style=\"text-align: center;\">EN SOM T\u00d8R \u00c5 SI NEI<\/p>\n<p class=\"p1\" style=\"text-align: center;\">OG AV OG TIL JA<\/p>\n<p>\u00a0<\/p>\n<p class=\"p1\" style=\"text-align: center;\">E DET S\u00c5NN DET E?<\/p>\n<p class=\"p1\" style=\"text-align: center;\">SIKKERT SOM TIKKINGEN I KLOKKEN!<\/p>\n<p class=\"p1\" style=\"text-align: center;\">DET E S\u00c5NN DET E<\/p>\n<p class=\"p1\" style=\"text-align: center;\">AT ALLE TRENGER NOKKEN<\/p>\n<p>\u00a0<\/p>\n<p>\u00a0<\/p>\n<p class=\"p1\" style=\"text-align: center;\"><b>ST\u00d8VSUGERBANDEN<\/b><\/p>\n<p>\u00a0<\/p>\n<p class=\"p1\" style=\"text-align: center;\">P\u00c5 ET M\u00d8RKT<\/p>\n<p class=\"p1\" style=\"text-align: center;\">HEMMELIG STED<\/p>\n<p class=\"p1\" style=\"text-align: center;\">E DET STENGT FORBUDT FOR JENTER<\/p>\n<p class=\"p1\" style=\"text-align: center;\">DER VIL DE V\u00c6RE I FRED<\/p>\n<p class=\"p1\" style=\"text-align: center;\">DER SITTER DE STILLE OG VENTER<\/p>\n<p>\u00a0<\/p>\n<p class=\"p1\" style=\"text-align: center;\">UNDER EN TRAPP<\/p>\n<p class=\"p1\" style=\"text-align: center;\">I STIKKENDE ULLKL\u00c6R<\/p>\n<p class=\"p1\" style=\"text-align: center;\">BAK EN MOPP, L\u00d8VANG OG B\u00d8TTER<\/p>\n<p class=\"p1\" style=\"text-align: center;\">INGENTING R\u00d8PER AT DE E DER<\/p>\n<p class=\"p1\" style=\"text-align: center;\">BARE \u00c5TTE SM\u00c5 F\u00d8TTER<\/p>\n<p>\u00a0<\/p>\n<p class=\"p1\" style=\"text-align: center;\">DE E ST\u00d8VSUGERBANDEN<\/p>\n<p class=\"p1\" style=\"text-align: center;\">SOM P\u00d8NSKER P\u00c5 SAKER OG TING<\/p>\n<p class=\"p1\" style=\"text-align: center;\">OG KAN ET STYGT ORD OM EN FING<\/p>\n<p>\u00a0<\/p>\n<p class=\"p1\" style=\"text-align: center;\">DE E ST\u00d8RST<\/p>\n<p class=\"p1\" style=\"text-align: center;\">FEM OG ET HALVT<\/p>\n<p class=\"p1\" style=\"text-align: center;\">TAR DE HEIS F\u00c5R DE TRYKKE P\u00c5 KNAPPEN<\/p>\n<p class=\"p1\" style=\"text-align: center;\">DE E ELDST S\u00c5 DE VET NESTEN ALT<\/p>\n<p class=\"p1\" style=\"text-align: center;\">BABLER OM SABLER OG SVERD UNDER TRAPPEN<\/p>\n<p>\u00a0<\/p>\n<p class=\"p1\" style=\"text-align: center;\">KLARER \u00c5 KLE P\u00c5 SEG HELT SJ\u00d8L<\/p>\n<p class=\"p1\" style=\"text-align: center;\">HVIS DE BARE F\u00c5R LITT HJELP MED STRIKKEN<\/p>\n<p class=\"p1\" style=\"text-align: center;\">HELLER MELK UTEN S\u00d8L<\/p>\n<p class=\"p1\" style=\"text-align: center;\">OG DE SER SEG FOR I TRAFIKKEN<\/p>\n<p>\u00a0<\/p>\n<p class=\"p1\" style=\"text-align: center;\">FOR DE E ST\u00d8VSUGERBANDEN<\/p>\n<p class=\"p1\" style=\"text-align: center;\">SOM P\u00d8NSKER P\u00c5 SAKER OG TING<\/p>\n<p class=\"p1\" style=\"text-align: center;\">OG KAN ET STYGT ORD OM EN FING (BANNEFING)<\/p>\n<p>\u00a0<\/p>\n<p class=\"p1\" style=\"text-align: center;\">DE VET OM HULLET I GJERDET<\/p>\n<p class=\"p1\" style=\"text-align: center;\">MEN DET LAR DET BARE V\u00c6RE<\/p>\n<p class=\"p1\" style=\"text-align: center;\">FOR DE E DE ALLER ST\u00d8RSTE<\/p>\n<p class=\"p1\" style=\"text-align: center;\">SOM SNART SKAL BEGYNNE I F\u00d8RSTE<\/p>\n<p class=\"p1\" style=\"text-align: center;\">DE HAR L\u00d8SE TENNER \u00c5 MISTE<\/p>\n<p class=\"p1\" style=\"text-align: center;\">DE E SKUMLE HELT TIL DET SISTE<\/p>\n<\/div><\/div>\n","protected":false},"excerpt":{"rendered":"<p>OPPTATT \u00a0 HEI HEI HALLO SER DU AT EG SER P\u00c5 DEG HEI HEI HALLO DET HADDE V\u00c6RT FINT MED ET BLIKK TILBAKE HADDE V\u00c6RT FINT OM DU S\u00c5 P\u00c5 MEG \u00a0 FOR EG PR\u00d8VER \u00c5 F\u00c5 KONTAKT EG HAR&hellip; <\/p>\n","protected":false},"author":1,"featured_media":0,"parent":13748,"menu_order":0,"comment_status":"closed","ping_status":"closed","template":"","meta":{"footnotes":""},"class_list":["post-14237","page","type-page","status-publish","hentry"],"_links":{"self":[{"href":"https:\/\/christinesandtorv.no\/index.php?rest_route=\/wp\/v2\/pages\/14237","targetHints":{"allow":["GET"]}}],"collection":[{"href":"https:\/\/christinesandtorv.no\/index.php?rest_route=\/wp\/v2\/pages"}],"about":[{"href":"https:\/\/christinesandtorv.no\/index.php?rest_route=\/wp\/v2\/types\/page"}],"author":[{"embeddable":true,"href":"https:\/\/christinesandtorv.no\/index.php?rest_route=\/wp\/v2\/users\/1"}],"replies":[{"embeddable":true,"href":"https:\/\/christinesandtorv.no\/index.php?rest_route=%2Fwp%2Fv2%2Fcomments&post=14237"}],"version-history":[{"count":6,"href":"https:\/\/christinesandtorv.no\/index.php?rest_route=\/wp\/v2\/pages\/14237\/revisions"}],"predecessor-version":[{"id":14279,"href":"https:\/\/christinesandtorv.no\/index.php?rest_route=\/wp\/v2\/pages\/14237\/revisions\/14279"}],"up":[{"embeddable":true,"href":"https:\/\/christinesandtorv.no\/index.php?rest_route=\/wp\/v2\/pages\/13748"}],"wp:attachment":[{"href":"https:\/\/christinesandtorv.no\/index.php?rest_route=%2Fwp%2Fv2%2Fmedia&parent=14237"}],"curies":[{"name":"wp","href":"https:\/\/api.w.org\/{rel}","templated":true}]}}