{"id":14410,"date":"2024-08-19T15:34:58","date_gmt":"2024-08-19T13:34:58","guid":{"rendered":"https:\/\/christinesandtorv.no\/?page_id=14410"},"modified":"2025-03-13T11:06:46","modified_gmt":"2025-03-13T09:06:46","slug":"sovesirkus","status":"publish","type":"page","link":"https:\/\/christinesandtorv.no\/?page_id=14410","title":{"rendered":"SOVESIRKUS"},"content":{"rendered":"\n<p class=\"has-text-align-center\"><strong>NAPP OG RYKK<\/strong><br><br><br>EN DAG SOM HAR VINGER<br>EN DAG SOM HAR BEIN<br>EN DAG SOM HAR SOLSKINN<br>EN DAG MED MASSE \u00d8S P\u00d8S REGN<br><br>EN DAG SOM HAR ST\u00d8VLER<br>EN DAG SOM HAR SKO<br>EN DAG SOM HAR HJELM P\u00c5<br>EN DAG MED GNAGS\u00c5R OG BLOD<br><br>DET KOMMER NOK EN DAG<br>MED ET KJEMPESTORT FLIR<br>DET KOMMER NOK EN DAG<br>SOM BARE BLIR SOM DEN BLIR<br>DET KOMMER NOK EN DAG<br>DU ALDRI HAR SETT MAKEN TIL<br>DET KOMMER NOK EN DAG<br>SOM BARE GJ\u00d8R AKKURAT SOM DEN VIL<br><br>EN DAG SOM HAR BRILLER<br>EN DAG MED PARYKK<br>EN DAG SOM HAR FREGNER<br>EN DAG SOM G\u00c5R I NAPP OG RYKK<br><br>EN DAG SOM HAR LOMMER<br>EN DAG SOM E KNAPP<br>EN DAG SOM HAR GLIDEL\u00c5S<br>EN DAG MED EN MERKELAPP<br><br>EN DAG E EN DAG I DAG\u2028I DAG E EN DAG<br>I MORGEN <br>EN DAG E EN DAG I DAG\u2028I DAG E I G\u00c5R I MORGEN<br><br><br><br><br><br><strong>FEM MINUTTER<\/strong><br><br><br>EG HAR BADET<br>NO G\u00c5R EG RUNDT I RING<br>EG HAR BADET<br>EG E NAKEN, JA HELT PLING<br>EG HAR BADET<br>NO TAR EG MEG EN EKSTRA SVING<br>RUNDT OG RUNDT P\u00c5 GULVET<br>DET E INGENTING SOM KAN STOPPE MEG<br>FOR EG HAR FEM MINUTTER IGJEN<br>TIL EN ALLER SISTE DANS!<br><br>EG HAR BADET<br>STAMPEN T\u00d8MT OG P\u00c5 PLASS<br>EG HAR BADET<br>V\u00c5T I H\u00c5RET, JA KLISS KLASS<br>EG HAR BADET<br>HAR ROSINER I ET PLASTIKKGLASS<br>G\u00c5R RUNDT OG RUNDT P\u00c5 GULVET<br>DET E INGENTING SOM KAN STOPPE MEG<br>FOR EG HAR FEM MINUTTER IGJEN<br>TIL EN ALLER SISTE DANS!<br><br>EG HAR BADET<br>VRIKKER P\u00c5 ROMPE OG KN\u00c6R<br>EG HAR BADET<br>ARMENE SL\u00c5R RETT OPP OG NER<br>EG HAR BADET<br>KASTER SMOKKEN, KLAPPER HENDER<br>G\u00c5R RUNDT OG RUNDT P\u00c5 GULVET<br>DET E INGENTING SOM KAN STOPPE MEG<br>FOR EG HAR FEM MINUTTER IGJEN<br>TIL EN ALLER SISTE DANS!<br><br>FEM MINUTTER<br>TIL EG M\u00c5 OPPI SENGEN<br>FIRE MINUTTER<br>TIL EG M\u00c5 OPPI SENGEN<br>P\u00c5 MED PYSJEN TRE TO EN OG NULL <br>SKYND DEG OPP I SENGEN<br>TIL SAUEN OG BAMSEN OG RESTEN AV GJENGEN!<br><br><br><br><br><br><br><strong>JERRY NYSGJERRIG<\/strong><br><br><br>JERRY NYSGJERRIG<br>HAN SP\u00d8R OG SP\u00d8R OG SP\u00d8R<br>OM DET SOM INGEN ANDRE T\u00d8R<br>\u00c5 SP\u00d8RRE OM<br>KOFFOR E DET S\u00c5NN<br>JA, ALT DET DER SP\u00d8R JERRY OM<br><br>FOR JERRY E S\u00c5 NYSGJERRIG<br>N\u00c5R HAN SKAL LEGGE SEG<br>DA LURER HAN P\u00c5 MANGE TING<br>OG HAN LURER P\u00c5<br>KOFFOR HAN M\u00c5 LEGGE SEG <br>OG KOFFOR M\u00c5 MAN SOVE<br>OG\u2026<br><br>KOFFOR E HIMMELEN S\u00c5 BL\u00c5<br>KOR SOVER FUGLENE<br>KORDAN KOMMER SKYENE SEG P\u00c5?<br>KOFFOR KOFFOR KOFFOR<br>KOFFOR KAN DU IKKJE SVARE?<br>KAN DU IKKJE SVARET?<br><br>KOFFOR HAR BLOMSTER INGEN MUNN<br>KOR BADER SNEGLENE<br>KOR LENGE E EGENTLIG EN STUND?<br>KOFFOR KOFFOR KOFFOR <br>KOFFOR KAN DU IKKJE SVARE?<br>KAN DU IKKJE SVARET?<br><br>PUSSER L\u00d8VER TENNER<br>PUSSER L\u00d8VETENNER TENNER<br>PUSSER ALLE BARN VI KJENNER TENNER NO?<br>KOFFOR KOFFOR KOFFOR KOFFOR KOFFOR KOFFOR DET D\u00c5?<br>KOFFOR IKKJE DET D\u00c5?<br><br><br><br><br><strong>KVELDSPRAT<\/strong><br><br><br>HEI MIN LILLE VENN<br>KA HAR DU GJORT P\u00c5 I DAG?<br>HEI MIN GODE LILLE VENN<br>KOR BLE DAGEN UT AV?<br>DEN SOM BEGYNTE S\u00c5 DUMT<br> BLE DEN FAKTISK FIN?<br>\u00c5HH, DEN SOM STARTET S\u00c5 BRA<br>LANDET DEN RETT P\u00c5 RATTATA RATTATA RATTATA?<br><br>KORDAN VAR DAGEN<br>OG KOR BLE DEN AV?<br><br>HEI MIN LILLE VENN<br>HAR DU SMILT MANGE SMIL?<br>HEI DU PROMPESURE VENN<br>HAR DU SUST SOM EN RACERBIL?<br>OIOI, KR\u00c6SJET DU MED<br>EN FUGL P\u00c5 VEI NED<br>VAR DET FLATT BATTERI<br>EN SOM TUTET OG SNEK FORBI SNEK FORBI?<br><br>KORDAN VAR DAGEN<br>OG KOR BLE DEN AV?<br><br>HEI MIN LILLE VENN<br>KA HAR DU GJORT P\u00c5 I DAG?<br>HEI MIN GODE BLIDFISVENN<br>KOR BLE DAGEN UT AV?<br>KANSKJE DET SOM GIKK FEIL<br>BLIR BEDRE I MORGEN?<br>KANSKJE SURPOMPEN BLIR GLAD<br>LER EN KJEMPELANG HAHAHA HAHAHA HAHAHA!<br><br>L\u00d8P DEN BAKOM ET SANDSLOTT<br>ELLER OVER EN SOVENDE SKY<br>L\u00d8P DEN INNI ET B\u00d8TTEKOTT<br>DER DEN TRYLLER SEG OM <br>TIL EN HELT SPLITTER NY DAG<br><br><br><br><strong>DRAGEN I MAGEN<\/strong><br><br><br>DRAGEN VIL BR\u00d8LE<br>DRAGEN VIL L\u00d8PE<br>MEN DRAGEN I MAGEN <br>DU M\u00c5 LIGGE I RO<br>DRAGEN VIL HOPPE<br>DRAGEN VIL DANSE<br>MEN DRAGEN I MAGEN <br>HVIL DEG LITT NO<br><br>KRYP DYPT UNDER DYNEN<br>TRYGT INNI HULEN<br>DRAGEN I MAGEN KLARER DU DET?<br><br>KL\u00d8RNE VIL KLORE<br>TENNENE BITE<br>MEN DRAGEN I MAGEN <br>DU M\u00c5 LIGGE I RO<br>ILDEN VIL SPRUTE<br>HALEN VIL SVINGE<br>MEN DRAGEN I MAGEN <br>LEGG DEG NED NO<br><br>HODET P\u00c5 PUTEN<br>LUKK DINE \u00d8YNE<br>DRAGEN I MAGEN<br>SKAL VI SOVE LITT NO?<br>ILDEN ER SLUKKET<br>HALEN E ROLIG<br>DRAGEN I MAGEN<br>HYSJ, DU SNORKER S\u00c5NN JO!<br><br>DYPT UNDER DYNEN<br>TRYGT INNI HULEN<br>DRAGEN I MAGEN<br>DU KLARER JO DET!<br><br><br><br><br><strong>VERDENS BESTE SIRKUS<\/strong><br><br><br>VI TRENGER INGEN KLOVNENESE<br>FOR \u00c5 F\u00c5 OSS TIL \u00c5 LE<br>VI TRENGER INGEN TRAMPOLINE<br>HJERTENE HOPPER ALLEREDE AVSTED<br><br>VI HAR VERDENS BESTE SIRKUS<br>HER HJEMME I HVERT ROM<br>HER P\u00c5 VERDENS BESTE SIRKUS<br>BOR DE BESTE VI VET OM<br><br>VI TRENGER INGEN ELEFANTER\u2028N\u00c5R VI TRAMPER SOM VI GJ\u00d8R\u2028VI TRENGER INGEN AKROBATER<br>HER T\u00d8YES ALLE GRENSENE FRA F\u00d8R<br><br>VI TRENGER INGEN SVAMP I FJESET<br>VI S\u00d8LER MER ENN NOK MED SUGER\u00d8R<br>VI TRENGER INGEN FRAKK OG FLOSSHATT<br>ALLE VET AT MINSTEMANN E DIREKT\u00d8R<br><br>MINE DAMER OG MINE HERRER<br>HER KAN DET UTROLIGSTE SKJE<br>SER VI ETTER SERVIETTER <br>OG PALJETTER ETTER PETTER I MANESJEN <br>MAJA NES HAR MASSE MAJONES P\u00c5 NESEN<br><br>VI HAR VERDENS BESTE SIRKUS<br>MEN NO E DAGENS FORESTILLING SLUTT<br>HER P\u00c5 VERDENS BESTE SIRKUS<br>E SM\u00c5 OG STORE HELT KAPUTT<br><br><br><br><br><strong>SOVETOG<\/strong><br><br><br>NATTEN DANSER S\u00c5 STILLE<br>DANSER S\u00c5 LETT P\u00c5 T\u00c5<br>I DET BL\u00c5<br>FLYR OMKRING<br>OVER ALLE HUS<br>SNART SOVER ALLE HUS<br><br>M\u00c5NEN SYNGER S\u00c5 STILLE<br>SYNGER S\u00c5 NYDELIG<br>EN MELODI<br>SOM FLYR OMKRING<br>OVER ALLE BARN<br>SNART SOVER ALLE BARN<br><br>STJERNENE HOPPER S\u00c5 STILLE<br>HOPPER S\u00c5 LANGT AV STED<br>SOM DU KAN SE<br>SM\u00c5 BLINKELYS<br>OVER BESTEMOR<br>SNART SOVER BESTEMOR<br><br>JENNY LIGGER S\u00c5 STILLE<br>LIGGER S\u00c5 FINT I RO<br>I SENGEN NO<br>OM ETT MINUTT<br>KOMMER ET SOVETOG<br>SNART SOVER NOK JENNY OG<br><br>&#8230; LIGGER S\u00c5 STILLE<br>LIGGER S\u00c5 FINT I RO<br>I SENGEN NO<br>OM ETT MINUTT<br>KOMMER ET SOVETOG<br>SNART SOVER NOK &#8230; OG<br><br><br><br><strong>FLUE<\/strong><br><br><br>GOD NATT MIN BITTELILLE VENN<br>SOM RUSLER RUNDT OMKRING P\u00c5 GLASSRUTEN<br>SKAL DU SNART OGS\u00c5 LEGGE DEG<br>HAR DU P\u00c5 PYSJEN<br>AKKURAT SOM MEG?!<br><br>GOD NATT MIN BITTELILLE VENN<br>SOM BOR P\u00c5 VEIEN I MOT HIMMELEN<br>SKAL DU OG FINNE DEG EN BOK<br>SOM DU KAN LESE <br>I EN LITEN KROK?<br><br>F\u00d8R LYSET SLUKKES<br>VINGENE LUKKES<br>OG DAGEN E OVER<br><br>GOD NATT MIN BITTELILLE VENN<br>SOM SITTER HELT I RO P\u00c5 VINDUSKARMEN<br>SKAL DU SNART OGS\u00c5 FLY AVSTED<br>SKAL DU TIL DR\u00d8MMELAND<br>KAN EG BLI MED?<br>&#8212;-<br><br>P\u00c5 EN BITTELITEN PITTELITEN <br>BITTELITEN PITTELITEN <br>SKRUE<br><br>BOR EN BITTELITEN PITTELITEN<br>BITTELITEN PITTELITEN<br>FLUE<br><br>MED EN BITTELITEN PITTELITEN<br>BITTELITEN PITTELITEN<br>STEMME<br><br>SOM ET BITTELITE PITTELITE<br>BITTELITE<br>BARN ALDRI VIL GLEMME<br><br><br><br><br><br><strong>BLUND<\/strong><br><br><br>M\u00c5NEN E P\u00c5<br>ALLE STJERNENE OG<br>KAN DU KJENNE DET NO<br>AT DITT HJERTE BANKER?<br><br>STORE OG SM\u00c5<br>ALLE MIDT I MELLOM OG<br>PR\u00d8V \u00c5 SLIPPE TAKET P\u00c5<br>DINE DUMME TANKER<br><br>UTEN EN LYD<br>UTEN SPRETTERT OG SPYD<br>MEN MED SKREKKBLANDET FRYD<br>VINNES SEIGE KAMPER<br><br>BARE EN BLUND<br>BARE EN BITTE LITEN STUND<br>SL\u00c5 AV \u00d8YNE OG MUNN<br>BL\u00c5TT LYS &amp; NEONLAMPER<br><br><br><br><br><br><strong>LILLE L\u00d8VE<\/strong><br><br><br>LILLE L\u00d8VE<br>LILLE L\u00d8VE<br>UNDER SENGEN<br>INNI ST\u00d8VET<br>LILLE L\u00d8VE<br>LILLE L\u00d8VE<br>VIL DU KRYPE OPP <br>OG PR\u00d8VE <br>ARMKROKEN MIN<br>OG OM DU VIL<br>KAN DU F\u00c5 EN GODNATTKLEM TIL!<br><br>LILLE L\u00d8VE<br>LILLE L\u00d8VE<br>UNDER SENGEN<br>INNI ST\u00d8VET<br>LILLE L\u00d8VE<br>LILLE L\u00d8VE<br>VIL DU KRYPE OPP<br>OG PR\u00d8VE<br>ARMKROKEN MIN<br> OG OM DU VIL<br>KAN DU F\u00c5 EN GODNATTSANG TIL!<br><br><br><br><br><strong>SOVEGLITTER<\/strong><br><br><br>UNDER DEN ST\u00d8RSTE DYNEN P\u00c5 JORDEN<br>ELLER UNDER VERDENS ALLER MINSTE FJ\u00c6R<br>UNDER ET BLAD LENGST INNERST I SKOGEN<br>ELLER UNDER ET BJ\u00d8RNEB\u00c6R<br><br>DETTE E EN DR\u00d8M OM FRED<br>LA SOVEGLITTER DALE NED<br>S\u00c5 SM\u00c5 OG STORE<br> KAN F\u00c5 SOVE<br><br>P\u00c5 DEN MYKESTE PUTEN SOM FINNES<br>ELLER OPP\u00c5 EN SENG AV JORD OG STEIN<br>P\u00c5 EN FARGERIK ENG FULL AV BLOMSTER<br>ELLER OPP\u00c5 EN KROKETE GREIN<br><br>OVER BROER, BANER OG BYER<br>OVER HAV OG HUS OG TR\u00c6R OG H\u00d8YE FJELL<br>OVER M\u00c5NEN OG STJERNER OG SKYER<br>OVER ALLE STEDER DET E KVELD<br><br>DETTE E EN DR\u00d8M OM FRED<br>LA SOVEGLITTER DALE NED<br>OVER DER DU E<br>N\u00c5R DU SKAL SOVE<br><br><br><br><br><strong>GOD NATT GOD NATT GOD NATT GOD NATT<\/strong><br><br><br>MIN LILLE VENN<br>NO E NATTEN HER IGJEN<br>MIN FINE SKATT\u2028DAGEN HAR DRATT<br>GOD NATT<br>GOD NATT<br>GOD NATT<br>GOD NATT<br><br>GOD NATT MYKE HAKE<br>GOD NATT DE BL\u00d8TESTE KINN<br>GOD NATT TIL BEGGE SMILEHULL<br>GOD NATT MITT SUKKERSPINN<br><br>GOD NATT MIDT P\u00c5 NESEN<br>GOD NATT BITTE LILLE T\u00c5<br>GOD NATT S\u00d8TE TOTTELOTTER<br>GOD NATT TOMMELTOTTER OG<br><br>MIN LILLE VENN<br>NO E NATTEN HER IGJEN<br>MIN FINE SKATT\u2028DAGEN HAR DRATT<br>GOD NATT<br>GOD NATT<br>GOD NATT<br>GOD NATT<br><br>GOD NATT SOMMERFUGLER<br>GOD NATT TANTE TARANTELL<br>GOD NATT T\u00d8FFE TUSSELUSSER<br>GOD NATT MIN KARAMELL<br><br>GOD NATT PRIKKEBILLE<br>GOD NATT MORMOR MEITEMARK<br>GOD NATT KLUMPETE RUMPETROLL<br>GOD NATT I HAGE, SKOG OG PARK<br>\u2028\u2028<br><br><br><\/p>\n","protected":false},"excerpt":{"rendered":"<p>NAPP OG RYKK EN DAG SOM HAR VINGEREN DAG SOM HAR BEINEN DAG SOM HAR SOLSKINNEN DAG MED MASSE \u00d8S P\u00d8S REGN EN DAG SOM HAR ST\u00d8VLEREN DAG SOM HAR SKOEN DAG SOM HAR HJELM P\u00c5EN DAG MED GNAGS\u00c5R OG&hellip; <\/p>\n","protected":false},"author":1,"featured_media":0,"parent":13748,"menu_order":0,"comment_status":"closed","ping_status":"closed","template":"","meta":{"footnotes":""},"class_list":["post-14410","page","type-page","status-publish","hentry"],"_links":{"self":[{"href":"https:\/\/christinesandtorv.no\/index.php?rest_route=\/wp\/v2\/pages\/14410","targetHints":{"allow":["GET"]}}],"collection":[{"href":"https:\/\/christinesandtorv.no\/index.php?rest_route=\/wp\/v2\/pages"}],"about":[{"href":"https:\/\/christinesandtorv.no\/index.php?rest_route=\/wp\/v2\/types\/page"}],"author":[{"embeddable":true,"href":"https:\/\/christinesandtorv.no\/index.php?rest_route=\/wp\/v2\/users\/1"}],"replies":[{"embeddable":true,"href":"https:\/\/christinesandtorv.no\/index.php?rest_route=%2Fwp%2Fv2%2Fcomments&post=14410"}],"version-history":[{"count":13,"href":"https:\/\/christinesandtorv.no\/index.php?rest_route=\/wp\/v2\/pages\/14410\/revisions"}],"predecessor-version":[{"id":14469,"href":"https:\/\/christinesandtorv.no\/index.php?rest_route=\/wp\/v2\/pages\/14410\/revisions\/14469"}],"up":[{"embeddable":true,"href":"https:\/\/christinesandtorv.no\/index.php?rest_route=\/wp\/v2\/pages\/13748"}],"wp:attachment":[{"href":"https:\/\/christinesandtorv.no\/index.php?rest_route=%2Fwp%2Fv2%2Fmedia&parent=14410"}],"curies":[{"name":"wp","href":"https:\/\/api.w.org\/{rel}","templated":true}]}}