{"id":1808,"date":"2015-11-22T16:24:32","date_gmt":"2015-11-22T14:24:32","guid":{"rendered":"http:\/\/christinesandtorv.no\/?page_id=1808"},"modified":"2024-09-02T16:27:59","modified_gmt":"2024-09-02T14:27:59","slug":"bilder","status":"publish","type":"page","link":"https:\/\/christinesandtorv.no\/?page_id=1808","title":{"rendered":"BILDER"},"content":{"rendered":"\n<p><\/p>\n\n\n\n<div class=\"wp-block-columns is-layout-flex wp-container-core-columns-is-layout-9d6595d7 wp-block-columns-is-layout-flex\">\n<div class=\"wp-block-column is-layout-flow wp-block-column-is-layout-flow\" style=\"flex-basis:100%\">\n\n\t\t<style type=\"text\/css\">\n\t\t\t#gallery-1 {\n\t\t\t\tmargin: auto;\n\t\t\t}\n\t\t\t#gallery-1 .gallery-item {\n\t\t\t\tfloat: left;\n\t\t\t\tmargin-top: 10px;\n\t\t\t\ttext-align: center;\n\t\t\t\twidth: 20%;\n\t\t\t}\n\t\t\t#gallery-1 img {\n\t\t\t\tborder: 2px solid #cfcfcf;\n\t\t\t}\n\t\t\t#gallery-1 .gallery-caption {\n\t\t\t\tmargin-left: 0;\n\t\t\t}\n\t\t\t\/* see gallery_shortcode() in wp-includes\/media.php *\/\n\t\t<\/style>\n\t\t<div id='gallery-1' class='gallery galleryid-1808 gallery-columns-5 gallery-size-thumbnail'><dl class='gallery-item'>\n\t\t\t<dt class='gallery-icon portrait'>\n\t\t\t\t<a href='https:\/\/christinesandtorv.no\/?attachment_id=14415'><img loading=\"lazy\" decoding=\"async\" width=\"290\" height=\"290\" src=\"https:\/\/christinesandtorv.no\/wp-content\/uploads\/2024\/08\/IMG_7408-290x290.jpg\" class=\"attachment-thumbnail size-thumbnail\" alt=\"\" srcset=\"https:\/\/christinesandtorv.no\/wp-content\/uploads\/2024\/08\/IMG_7408-290x290.jpg 290w, https:\/\/christinesandtorv.no\/wp-content\/uploads\/2024\/08\/IMG_7408-230x230.jpg 230w, https:\/\/christinesandtorv.no\/wp-content\/uploads\/2024\/08\/IMG_7408-80x80.jpg 80w\" sizes=\"auto, (max-width: 290px) 100vw, 290px\" \/><\/a>\n\t\t\t<\/dt><\/dl><dl class='gallery-item'>\n\t\t\t<dt class='gallery-icon landscape'>\n\t\t\t\t<a href='https:\/\/christinesandtorv.no\/?attachment_id=14421'><img loading=\"lazy\" decoding=\"async\" width=\"290\" height=\"290\" src=\"https:\/\/christinesandtorv.no\/wp-content\/uploads\/2024\/08\/IMG_7547-1-290x290.jpg\" class=\"attachment-thumbnail size-thumbnail\" alt=\"\" srcset=\"https:\/\/christinesandtorv.no\/wp-content\/uploads\/2024\/08\/IMG_7547-1-290x290.jpg 290w, https:\/\/christinesandtorv.no\/wp-content\/uploads\/2024\/08\/IMG_7547-1-230x230.jpg 230w, https:\/\/christinesandtorv.no\/wp-content\/uploads\/2024\/08\/IMG_7547-1-80x80.jpg 80w\" sizes=\"auto, (max-width: 290px) 100vw, 290px\" \/><\/a>\n\t\t\t<\/dt><\/dl><dl class='gallery-item'>\n\t\t\t<dt class='gallery-icon landscape'>\n\t\t\t\t<a href='https:\/\/christinesandtorv.no\/?attachment_id=14414'><img loading=\"lazy\" decoding=\"async\" width=\"290\" height=\"290\" src=\"https:\/\/christinesandtorv.no\/wp-content\/uploads\/2024\/08\/IMG_7543-290x290.jpg\" class=\"attachment-thumbnail size-thumbnail\" alt=\"\" srcset=\"https:\/\/christinesandtorv.no\/wp-content\/uploads\/2024\/08\/IMG_7543-290x290.jpg 290w, https:\/\/christinesandtorv.no\/wp-content\/uploads\/2024\/08\/IMG_7543-230x230.jpg 230w, https:\/\/christinesandtorv.no\/wp-content\/uploads\/2024\/08\/IMG_7543-80x80.jpg 80w\" sizes=\"auto, (max-width: 290px) 100vw, 290px\" \/><\/a>\n\t\t\t<\/dt><\/dl><dl class='gallery-item'>\n\t\t\t<dt class='gallery-icon portrait'>\n\t\t\t\t<a href='https:\/\/christinesandtorv.no\/?attachment_id=14416'><img loading=\"lazy\" decoding=\"async\" width=\"290\" height=\"290\" src=\"https:\/\/christinesandtorv.no\/wp-content\/uploads\/2024\/08\/IMG_7464_FIX-290x290.jpg\" class=\"attachment-thumbnail size-thumbnail\" alt=\"\" srcset=\"https:\/\/christinesandtorv.no\/wp-content\/uploads\/2024\/08\/IMG_7464_FIX-290x290.jpg 290w, https:\/\/christinesandtorv.no\/wp-content\/uploads\/2024\/08\/IMG_7464_FIX-230x230.jpg 230w, https:\/\/christinesandtorv.no\/wp-content\/uploads\/2024\/08\/IMG_7464_FIX-80x80.jpg 80w\" sizes=\"auto, (max-width: 290px) 100vw, 290px\" \/><\/a>\n\t\t\t<\/dt><\/dl><dl class='gallery-item'>\n\t\t\t<dt class='gallery-icon landscape'>\n\t\t\t\t<a href='https:\/\/christinesandtorv.no\/?attachment_id=14413'><img loading=\"lazy\" decoding=\"async\" width=\"290\" height=\"290\" src=\"https:\/\/christinesandtorv.no\/wp-content\/uploads\/2024\/08\/IMG_7515-290x290.jpg\" class=\"attachment-thumbnail size-thumbnail\" alt=\"\" srcset=\"https:\/\/christinesandtorv.no\/wp-content\/uploads\/2024\/08\/IMG_7515-290x290.jpg 290w, https:\/\/christinesandtorv.no\/wp-content\/uploads\/2024\/08\/IMG_7515-230x230.jpg 230w, https:\/\/christinesandtorv.no\/wp-content\/uploads\/2024\/08\/IMG_7515-80x80.jpg 80w\" sizes=\"auto, (max-width: 290px) 100vw, 290px\" \/><\/a>\n\t\t\t<\/dt><\/dl><br style=\"clear: both\" \/><dl class='gallery-item'>\n\t\t\t<dt class='gallery-icon portrait'>\n\t\t\t\t<a href='https:\/\/christinesandtorv.no\/?attachment_id=14417'><img loading=\"lazy\" decoding=\"async\" width=\"290\" height=\"290\" src=\"https:\/\/christinesandtorv.no\/wp-content\/uploads\/2024\/08\/IMG_7459_FIX-290x290.jpg\" class=\"attachment-thumbnail size-thumbnail\" alt=\"\" srcset=\"https:\/\/christinesandtorv.no\/wp-content\/uploads\/2024\/08\/IMG_7459_FIX-290x290.jpg 290w, https:\/\/christinesandtorv.no\/wp-content\/uploads\/2024\/08\/IMG_7459_FIX-230x230.jpg 230w, https:\/\/christinesandtorv.no\/wp-content\/uploads\/2024\/08\/IMG_7459_FIX-80x80.jpg 80w\" sizes=\"auto, (max-width: 290px) 100vw, 290px\" \/><\/a>\n\t\t\t<\/dt><\/dl><dl class='gallery-item'>\n\t\t\t<dt class='gallery-icon portrait'>\n\t\t\t\t<a href='https:\/\/christinesandtorv.no\/?attachment_id=13876'><img loading=\"lazy\" decoding=\"async\" width=\"290\" height=\"290\" src=\"https:\/\/christinesandtorv.no\/wp-content\/uploads\/2022\/01\/IMG_4413-2-290x290.jpg\" class=\"attachment-thumbnail size-thumbnail\" alt=\"\" srcset=\"https:\/\/christinesandtorv.no\/wp-content\/uploads\/2022\/01\/IMG_4413-2-290x290.jpg 290w, https:\/\/christinesandtorv.no\/wp-content\/uploads\/2022\/01\/IMG_4413-2-230x230.jpg 230w, https:\/\/christinesandtorv.no\/wp-content\/uploads\/2022\/01\/IMG_4413-2-80x80.jpg 80w\" sizes=\"auto, (max-width: 290px) 100vw, 290px\" \/><\/a>\n\t\t\t<\/dt><\/dl><dl class='gallery-item'>\n\t\t\t<dt class='gallery-icon portrait'>\n\t\t\t\t<a href='https:\/\/christinesandtorv.no\/?attachment_id=13891'><img loading=\"lazy\" decoding=\"async\" width=\"290\" height=\"290\" src=\"https:\/\/christinesandtorv.no\/wp-content\/uploads\/2022\/01\/IMG_4698-2-290x290.jpg\" class=\"attachment-thumbnail size-thumbnail\" alt=\"\" srcset=\"https:\/\/christinesandtorv.no\/wp-content\/uploads\/2022\/01\/IMG_4698-2-290x290.jpg 290w, https:\/\/christinesandtorv.no\/wp-content\/uploads\/2022\/01\/IMG_4698-2-230x230.jpg 230w, https:\/\/christinesandtorv.no\/wp-content\/uploads\/2022\/01\/IMG_4698-2-80x80.jpg 80w\" sizes=\"auto, (max-width: 290px) 100vw, 290px\" \/><\/a>\n\t\t\t<\/dt><\/dl><dl class='gallery-item'>\n\t\t\t<dt class='gallery-icon landscape'>\n\t\t\t\t<a href='https:\/\/christinesandtorv.no\/?attachment_id=13680'><img loading=\"lazy\" decoding=\"async\" width=\"290\" height=\"290\" src=\"https:\/\/christinesandtorv.no\/wp-content\/uploads\/2021\/09\/IMG_5106-290x290.jpg\" class=\"attachment-thumbnail size-thumbnail\" alt=\"\" srcset=\"https:\/\/christinesandtorv.no\/wp-content\/uploads\/2021\/09\/IMG_5106-290x290.jpg 290w, https:\/\/christinesandtorv.no\/wp-content\/uploads\/2021\/09\/IMG_5106-230x230.jpg 230w, https:\/\/christinesandtorv.no\/wp-content\/uploads\/2021\/09\/IMG_5106-80x80.jpg 80w\" sizes=\"auto, (max-width: 290px) 100vw, 290px\" \/><\/a>\n\t\t\t<\/dt><\/dl><dl class='gallery-item'>\n\t\t\t<dt class='gallery-icon portrait'>\n\t\t\t\t<a href='https:\/\/christinesandtorv.no\/?attachment_id=13674'><img loading=\"lazy\" decoding=\"async\" width=\"290\" height=\"290\" src=\"https:\/\/christinesandtorv.no\/wp-content\/uploads\/2021\/08\/IMG_4899-290x290.jpg\" class=\"attachment-thumbnail size-thumbnail\" alt=\"\" srcset=\"https:\/\/christinesandtorv.no\/wp-content\/uploads\/2021\/08\/IMG_4899-290x290.jpg 290w, https:\/\/christinesandtorv.no\/wp-content\/uploads\/2021\/08\/IMG_4899-230x230.jpg 230w, https:\/\/christinesandtorv.no\/wp-content\/uploads\/2021\/08\/IMG_4899-80x80.jpg 80w\" sizes=\"auto, (max-width: 290px) 100vw, 290px\" \/><\/a>\n\t\t\t<\/dt><\/dl><br style=\"clear: both\" \/><dl class='gallery-item'>\n\t\t\t<dt class='gallery-icon landscape'>\n\t\t\t\t<a href='https:\/\/christinesandtorv.no\/?attachment_id=13633'><img loading=\"lazy\" decoding=\"async\" width=\"290\" height=\"290\" src=\"https:\/\/christinesandtorv.no\/wp-content\/uploads\/2021\/03\/IMG_4933-290x290.jpg\" class=\"attachment-thumbnail size-thumbnail\" alt=\"\" srcset=\"https:\/\/christinesandtorv.no\/wp-content\/uploads\/2021\/03\/IMG_4933-290x290.jpg 290w, https:\/\/christinesandtorv.no\/wp-content\/uploads\/2021\/03\/IMG_4933-230x230.jpg 230w, https:\/\/christinesandtorv.no\/wp-content\/uploads\/2021\/03\/IMG_4933-80x80.jpg 80w\" sizes=\"auto, (max-width: 290px) 100vw, 290px\" \/><\/a>\n\t\t\t<\/dt><\/dl><dl class='gallery-item'>\n\t\t\t<dt class='gallery-icon portrait'>\n\t\t\t\t<a href='https:\/\/christinesandtorv.no\/?attachment_id=13673'><img loading=\"lazy\" decoding=\"async\" width=\"290\" height=\"290\" src=\"https:\/\/christinesandtorv.no\/wp-content\/uploads\/2021\/08\/IMG_4888-290x290.jpg\" class=\"attachment-thumbnail size-thumbnail\" alt=\"\" srcset=\"https:\/\/christinesandtorv.no\/wp-content\/uploads\/2021\/08\/IMG_4888-290x290.jpg 290w, https:\/\/christinesandtorv.no\/wp-content\/uploads\/2021\/08\/IMG_4888-230x230.jpg 230w, https:\/\/christinesandtorv.no\/wp-content\/uploads\/2021\/08\/IMG_4888-80x80.jpg 80w\" sizes=\"auto, (max-width: 290px) 100vw, 290px\" \/><\/a>\n\t\t\t<\/dt><\/dl><dl class='gallery-item'>\n\t\t\t<dt class='gallery-icon landscape'>\n\t\t\t\t<a href='https:\/\/christinesandtorv.no\/?attachment_id=13634'><img loading=\"lazy\" decoding=\"async\" width=\"290\" height=\"290\" src=\"https:\/\/christinesandtorv.no\/wp-content\/uploads\/2021\/03\/IMG_5060-290x290.jpg\" class=\"attachment-thumbnail size-thumbnail\" alt=\"\" srcset=\"https:\/\/christinesandtorv.no\/wp-content\/uploads\/2021\/03\/IMG_5060-290x290.jpg 290w, https:\/\/christinesandtorv.no\/wp-content\/uploads\/2021\/03\/IMG_5060-230x230.jpg 230w, https:\/\/christinesandtorv.no\/wp-content\/uploads\/2021\/03\/IMG_5060-80x80.jpg 80w\" sizes=\"auto, (max-width: 290px) 100vw, 290px\" \/><\/a>\n\t\t\t<\/dt><\/dl><dl class='gallery-item'>\n\t\t\t<dt class='gallery-icon portrait'>\n\t\t\t\t<a href='https:\/\/christinesandtorv.no\/?attachment_id=13675'><img loading=\"lazy\" decoding=\"async\" width=\"290\" height=\"290\" src=\"https:\/\/christinesandtorv.no\/wp-content\/uploads\/2021\/08\/IMG_4908-290x290.jpg\" class=\"attachment-thumbnail size-thumbnail\" alt=\"\" srcset=\"https:\/\/christinesandtorv.no\/wp-content\/uploads\/2021\/08\/IMG_4908-290x290.jpg 290w, https:\/\/christinesandtorv.no\/wp-content\/uploads\/2021\/08\/IMG_4908-230x230.jpg 230w, https:\/\/christinesandtorv.no\/wp-content\/uploads\/2021\/08\/IMG_4908-80x80.jpg 80w\" sizes=\"auto, (max-width: 290px) 100vw, 290px\" \/><\/a>\n\t\t\t<\/dt><\/dl><dl class='gallery-item'>\n\t\t\t<dt class='gallery-icon portrait'>\n\t\t\t\t<a href='https:\/\/christinesandtorv.no\/?attachment_id=13676'><img loading=\"lazy\" decoding=\"async\" width=\"290\" height=\"290\" src=\"https:\/\/christinesandtorv.no\/wp-content\/uploads\/2021\/08\/IMG_4912-290x290.jpg\" class=\"attachment-thumbnail size-thumbnail\" alt=\"\" srcset=\"https:\/\/christinesandtorv.no\/wp-content\/uploads\/2021\/08\/IMG_4912-290x290.jpg 290w, https:\/\/christinesandtorv.no\/wp-content\/uploads\/2021\/08\/IMG_4912-230x230.jpg 230w, https:\/\/christinesandtorv.no\/wp-content\/uploads\/2021\/08\/IMG_4912-80x80.jpg 80w\" sizes=\"auto, (max-width: 290px) 100vw, 290px\" \/><\/a>\n\t\t\t<\/dt><\/dl><br style=\"clear: both\" \/><dl class='gallery-item'>\n\t\t\t<dt class='gallery-icon landscape'>\n\t\t\t\t<a href='https:\/\/christinesandtorv.no\/?attachment_id=13541'><img loading=\"lazy\" decoding=\"async\" width=\"290\" height=\"290\" src=\"https:\/\/christinesandtorv.no\/wp-content\/uploads\/2021\/02\/IMG_4938-290x290.jpg\" class=\"attachment-thumbnail size-thumbnail\" alt=\"\" srcset=\"https:\/\/christinesandtorv.no\/wp-content\/uploads\/2021\/02\/IMG_4938-290x290.jpg 290w, https:\/\/christinesandtorv.no\/wp-content\/uploads\/2021\/02\/IMG_4938-230x230.jpg 230w, https:\/\/christinesandtorv.no\/wp-content\/uploads\/2021\/02\/IMG_4938-80x80.jpg 80w\" sizes=\"auto, (max-width: 290px) 100vw, 290px\" \/><\/a>\n\t\t\t<\/dt><\/dl><dl class='gallery-item'>\n\t\t\t<dt class='gallery-icon landscape'>\n\t\t\t\t<a href='https:\/\/christinesandtorv.no\/?attachment_id=13677'><img loading=\"lazy\" decoding=\"async\" width=\"290\" height=\"290\" src=\"https:\/\/christinesandtorv.no\/wp-content\/uploads\/2021\/09\/IMG_4934-290x290.jpg\" class=\"attachment-thumbnail size-thumbnail\" alt=\"\" srcset=\"https:\/\/christinesandtorv.no\/wp-content\/uploads\/2021\/09\/IMG_4934-290x290.jpg 290w, https:\/\/christinesandtorv.no\/wp-content\/uploads\/2021\/09\/IMG_4934-230x230.jpg 230w, https:\/\/christinesandtorv.no\/wp-content\/uploads\/2021\/09\/IMG_4934-80x80.jpg 80w\" sizes=\"auto, (max-width: 290px) 100vw, 290px\" \/><\/a>\n\t\t\t<\/dt><\/dl><dl class='gallery-item'>\n\t\t\t<dt class='gallery-icon portrait'>\n\t\t\t\t<a href='https:\/\/christinesandtorv.no\/?attachment_id=11957'><img loading=\"lazy\" decoding=\"async\" width=\"290\" height=\"290\" src=\"https:\/\/christinesandtorv.no\/wp-content\/uploads\/2020\/06\/IMG_4659-290x290.jpg\" class=\"attachment-thumbnail size-thumbnail\" alt=\"\" srcset=\"https:\/\/christinesandtorv.no\/wp-content\/uploads\/2020\/06\/IMG_4659-290x290.jpg 290w, https:\/\/christinesandtorv.no\/wp-content\/uploads\/2020\/06\/IMG_4659-230x230.jpg 230w, https:\/\/christinesandtorv.no\/wp-content\/uploads\/2020\/06\/IMG_4659-80x80.jpg 80w\" sizes=\"auto, (max-width: 290px) 100vw, 290px\" \/><\/a>\n\t\t\t<\/dt><\/dl><dl class='gallery-item'>\n\t\t\t<dt class='gallery-icon portrait'>\n\t\t\t\t<a href='https:\/\/christinesandtorv.no\/?attachment_id=11956'><img loading=\"lazy\" decoding=\"async\" width=\"290\" height=\"290\" src=\"https:\/\/christinesandtorv.no\/wp-content\/uploads\/2020\/06\/IMG_4698-290x290.jpg\" class=\"attachment-thumbnail size-thumbnail\" alt=\"\" srcset=\"https:\/\/christinesandtorv.no\/wp-content\/uploads\/2020\/06\/IMG_4698-290x290.jpg 290w, https:\/\/christinesandtorv.no\/wp-content\/uploads\/2020\/06\/IMG_4698-230x230.jpg 230w, https:\/\/christinesandtorv.no\/wp-content\/uploads\/2020\/06\/IMG_4698-80x80.jpg 80w\" sizes=\"auto, (max-width: 290px) 100vw, 290px\" \/><\/a>\n\t\t\t<\/dt><\/dl><dl class='gallery-item'>\n\t\t\t<dt class='gallery-icon portrait'>\n\t\t\t\t<a href='https:\/\/christinesandtorv.no\/?attachment_id=11954'><img loading=\"lazy\" decoding=\"async\" width=\"290\" height=\"290\" src=\"https:\/\/christinesandtorv.no\/wp-content\/uploads\/2020\/06\/IMG_4117-290x290.jpg\" class=\"attachment-thumbnail size-thumbnail\" alt=\"\" srcset=\"https:\/\/christinesandtorv.no\/wp-content\/uploads\/2020\/06\/IMG_4117-290x290.jpg 290w, https:\/\/christinesandtorv.no\/wp-content\/uploads\/2020\/06\/IMG_4117-230x230.jpg 230w, https:\/\/christinesandtorv.no\/wp-content\/uploads\/2020\/06\/IMG_4117-80x80.jpg 80w\" sizes=\"auto, (max-width: 290px) 100vw, 290px\" \/><\/a>\n\t\t\t<\/dt><\/dl><br style=\"clear: both\" \/><dl class='gallery-item'>\n\t\t\t<dt class='gallery-icon landscape'>\n\t\t\t\t<a href='https:\/\/christinesandtorv.no\/?attachment_id=2017'><img loading=\"lazy\" decoding=\"async\" width=\"290\" height=\"290\" src=\"https:\/\/christinesandtorv.no\/wp-content\/uploads\/2016\/03\/christine_2015-290x290.jpg\" class=\"attachment-thumbnail size-thumbnail\" alt=\"\" srcset=\"https:\/\/christinesandtorv.no\/wp-content\/uploads\/2016\/03\/christine_2015-290x290.jpg 290w, https:\/\/christinesandtorv.no\/wp-content\/uploads\/2016\/03\/christine_2015-300x300.jpg 300w, https:\/\/christinesandtorv.no\/wp-content\/uploads\/2016\/03\/christine_2015.jpg 540w\" sizes=\"auto, (max-width: 290px) 100vw, 290px\" \/><\/a>\n\t\t\t<\/dt><\/dl><dl class='gallery-item'>\n\t\t\t<dt class='gallery-icon portrait'>\n\t\t\t\t<a href='https:\/\/christinesandtorv.no\/?attachment_id=2106'><img loading=\"lazy\" decoding=\"async\" width=\"290\" height=\"290\" src=\"https:\/\/christinesandtorv.no\/wp-content\/uploads\/2016\/09\/IMG_6702_WEB-290x290.jpg\" class=\"attachment-thumbnail size-thumbnail\" alt=\"\" srcset=\"https:\/\/christinesandtorv.no\/wp-content\/uploads\/2016\/09\/IMG_6702_WEB-290x290.jpg 290w, https:\/\/christinesandtorv.no\/wp-content\/uploads\/2016\/09\/IMG_6702_WEB-230x230.jpg 230w, https:\/\/christinesandtorv.no\/wp-content\/uploads\/2016\/09\/IMG_6702_WEB-80x80.jpg 80w\" sizes=\"auto, (max-width: 290px) 100vw, 290px\" \/><\/a>\n\t\t\t<\/dt><\/dl><dl class='gallery-item'>\n\t\t\t<dt class='gallery-icon landscape'>\n\t\t\t\t<a href='https:\/\/christinesandtorv.no\/?attachment_id=2103'><img loading=\"lazy\" decoding=\"async\" width=\"290\" height=\"290\" src=\"https:\/\/christinesandtorv.no\/wp-content\/uploads\/2016\/09\/IMG_6075-web-290x290.jpg\" class=\"attachment-thumbnail size-thumbnail\" alt=\"\" srcset=\"https:\/\/christinesandtorv.no\/wp-content\/uploads\/2016\/09\/IMG_6075-web-290x290.jpg 290w, https:\/\/christinesandtorv.no\/wp-content\/uploads\/2016\/09\/IMG_6075-web-230x230.jpg 230w, https:\/\/christinesandtorv.no\/wp-content\/uploads\/2016\/09\/IMG_6075-web-80x80.jpg 80w\" sizes=\"auto, (max-width: 290px) 100vw, 290px\" \/><\/a>\n\t\t\t<\/dt><\/dl><dl class='gallery-item'>\n\t\t\t<dt class='gallery-icon portrait'>\n\t\t\t\t<a href='https:\/\/christinesandtorv.no\/?attachment_id=1955'><img loading=\"lazy\" decoding=\"async\" width=\"290\" height=\"290\" src=\"https:\/\/christinesandtorv.no\/wp-content\/uploads\/2015\/11\/smilefin_RGB-290x290.jpg\" class=\"attachment-thumbnail size-thumbnail\" alt=\"\" \/><\/a>\n\t\t\t<\/dt><\/dl><dl class='gallery-item'>\n\t\t\t<dt class='gallery-icon landscape'>\n\t\t\t\t<a href='https:\/\/christinesandtorv.no\/?attachment_id=1954'><img loading=\"lazy\" decoding=\"async\" width=\"290\" height=\"290\" src=\"https:\/\/christinesandtorv.no\/wp-content\/uploads\/2015\/11\/fotosessionRGB-290x290.jpg\" class=\"attachment-thumbnail size-thumbnail\" alt=\"\" \/><\/a>\n\t\t\t<\/dt><\/dl><br style=\"clear: both\" \/><dl class='gallery-item'>\n\t\t\t<dt class='gallery-icon portrait'>\n\t\t\t\t<a href='https:\/\/christinesandtorv.no\/?attachment_id=1958'><img loading=\"lazy\" decoding=\"async\" width=\"290\" height=\"290\" src=\"https:\/\/christinesandtorv.no\/wp-content\/uploads\/2015\/11\/EMIL4900-290x290.jpg\" class=\"attachment-thumbnail size-thumbnail\" alt=\"\" \/><\/a>\n\t\t\t<\/dt><\/dl><dl class='gallery-item'>\n\t\t\t<dt class='gallery-icon landscape'>\n\t\t\t\t<a href='https:\/\/christinesandtorv.no\/?attachment_id=1960'><img loading=\"lazy\" decoding=\"async\" width=\"290\" height=\"290\" src=\"https:\/\/christinesandtorv.no\/wp-content\/uploads\/2015\/11\/EMIL4775-290x290.jpg\" class=\"attachment-thumbnail size-thumbnail\" alt=\"\" \/><\/a>\n\t\t\t<\/dt><\/dl><dl class='gallery-item'>\n\t\t\t<dt class='gallery-icon landscape'>\n\t\t\t\t<a href='https:\/\/christinesandtorv.no\/?attachment_id=1959'><img loading=\"lazy\" decoding=\"async\" width=\"290\" height=\"290\" src=\"https:\/\/christinesandtorv.no\/wp-content\/uploads\/2015\/11\/EMIL4894-290x290.jpg\" class=\"attachment-thumbnail size-thumbnail\" alt=\"\" \/><\/a>\n\t\t\t<\/dt><\/dl><dl class='gallery-item'>\n\t\t\t<dt class='gallery-icon landscape'>\n\t\t\t\t<a href='https:\/\/christinesandtorv.no\/?attachment_id=1861'><img loading=\"lazy\" decoding=\"async\" width=\"290\" height=\"290\" src=\"https:\/\/christinesandtorv.no\/wp-content\/uploads\/2015\/11\/EMIL4723-290x290.jpg\" class=\"attachment-thumbnail size-thumbnail\" alt=\"\" \/><\/a>\n\t\t\t<\/dt><\/dl><dl class='gallery-item'>\n\t\t\t<dt class='gallery-icon landscape'>\n\t\t\t\t<a href='https:\/\/christinesandtorv.no\/?attachment_id=1901'><img loading=\"lazy\" decoding=\"async\" width=\"290\" height=\"290\" src=\"https:\/\/christinesandtorv.no\/wp-content\/uploads\/2015\/11\/tittei2_RGB-290x290.jpg\" class=\"attachment-thumbnail size-thumbnail\" alt=\"\" \/><\/a>\n\t\t\t<\/dt><\/dl><br style=\"clear: both\" \/><dl class='gallery-item'>\n\t\t\t<dt class='gallery-icon portrait'>\n\t\t\t\t<a href='https:\/\/christinesandtorv.no\/?attachment_id=138'><img loading=\"lazy\" decoding=\"async\" width=\"150\" height=\"150\" src=\"https:\/\/christinesandtorv.no\/wp-content\/uploads\/2009\/09\/christinetekopp_web-150x150.jpg\" class=\"attachment-thumbnail size-thumbnail\" alt=\"\" \/><\/a>\n\t\t\t<\/dt><\/dl><dl class='gallery-item'>\n\t\t\t<dt class='gallery-icon portrait'>\n\t\t\t\t<a href='https:\/\/christinesandtorv.no\/?attachment_id=140'><img loading=\"lazy\" decoding=\"async\" width=\"150\" height=\"150\" src=\"https:\/\/christinesandtorv.no\/wp-content\/uploads\/2009\/09\/trekkspill_web-150x150.jpg\" class=\"attachment-thumbnail size-thumbnail\" alt=\"\" \/><\/a>\n\t\t\t<\/dt><\/dl><dl class='gallery-item'>\n\t\t\t<dt class='gallery-icon portrait'>\n\t\t\t\t<a href='https:\/\/christinesandtorv.no\/?attachment_id=141'><img loading=\"lazy\" decoding=\"async\" width=\"150\" height=\"150\" src=\"https:\/\/christinesandtorv.no\/wp-content\/uploads\/2009\/09\/sko_web-150x150.jpg\" class=\"attachment-thumbnail size-thumbnail\" alt=\"\" \/><\/a>\n\t\t\t<\/dt><\/dl><dl class='gallery-item'>\n\t\t\t<dt class='gallery-icon portrait'>\n\t\t\t\t<a href='https:\/\/christinesandtorv.no\/?attachment_id=142'><img loading=\"lazy\" decoding=\"async\" width=\"150\" height=\"150\" src=\"https:\/\/christinesandtorv.no\/wp-content\/uploads\/2009\/09\/christinetrapp_web-150x150.jpg\" class=\"attachment-thumbnail size-thumbnail\" alt=\"\" \/><\/a>\n\t\t\t<\/dt><\/dl><dl class='gallery-item'>\n\t\t\t<dt class='gallery-icon landscape'>\n\t\t\t\t<a href='https:\/\/christinesandtorv.no\/?attachment_id=1272'><img loading=\"lazy\" decoding=\"async\" width=\"150\" height=\"150\" src=\"https:\/\/christinesandtorv.no\/wp-content\/uploads\/2013\/02\/christinesandtorv03-150x150.jpg\" class=\"attachment-thumbnail size-thumbnail\" alt=\"\" srcset=\"https:\/\/christinesandtorv.no\/wp-content\/uploads\/2013\/02\/christinesandtorv03-150x150.jpg 150w, https:\/\/christinesandtorv.no\/wp-content\/uploads\/2013\/02\/christinesandtorv03-300x300.jpg 300w, https:\/\/christinesandtorv.no\/wp-content\/uploads\/2013\/02\/christinesandtorv03-600x600.jpg 600w, https:\/\/christinesandtorv.no\/wp-content\/uploads\/2013\/02\/christinesandtorv03-624x624.jpg 624w, https:\/\/christinesandtorv.no\/wp-content\/uploads\/2013\/02\/christinesandtorv03.jpg 1535w\" sizes=\"auto, (max-width: 150px) 100vw, 150px\" \/><\/a>\n\t\t\t<\/dt><\/dl><br style=\"clear: both\" \/><dl class='gallery-item'>\n\t\t\t<dt class='gallery-icon landscape'>\n\t\t\t\t<a href='https:\/\/christinesandtorv.no\/?attachment_id=1271'><img loading=\"lazy\" decoding=\"async\" width=\"150\" height=\"150\" src=\"https:\/\/christinesandtorv.no\/wp-content\/uploads\/2013\/02\/christinesandtorv02-150x150.jpg\" class=\"attachment-thumbnail size-thumbnail\" alt=\"\" srcset=\"https:\/\/christinesandtorv.no\/wp-content\/uploads\/2013\/02\/christinesandtorv02-150x150.jpg 150w, https:\/\/christinesandtorv.no\/wp-content\/uploads\/2013\/02\/christinesandtorv02-300x300.jpg 300w, https:\/\/christinesandtorv.no\/wp-content\/uploads\/2013\/02\/christinesandtorv02-600x600.jpg 600w, https:\/\/christinesandtorv.no\/wp-content\/uploads\/2013\/02\/christinesandtorv02-624x624.jpg 624w, https:\/\/christinesandtorv.no\/wp-content\/uploads\/2013\/02\/christinesandtorv02.jpg 1535w\" sizes=\"auto, (max-width: 150px) 100vw, 150px\" \/><\/a>\n\t\t\t<\/dt><\/dl><dl class='gallery-item'>\n\t\t\t<dt class='gallery-icon landscape'>\n\t\t\t\t<a href='https:\/\/christinesandtorv.no\/?attachment_id=2022'><img loading=\"lazy\" decoding=\"async\" width=\"290\" height=\"290\" src=\"https:\/\/christinesandtorv.no\/wp-content\/uploads\/2016\/03\/christinesandtorv01-290x290.jpg\" class=\"attachment-thumbnail size-thumbnail\" alt=\"\" srcset=\"https:\/\/christinesandtorv.no\/wp-content\/uploads\/2016\/03\/christinesandtorv01-290x290.jpg 290w, https:\/\/christinesandtorv.no\/wp-content\/uploads\/2016\/03\/christinesandtorv01-300x300.jpg 300w, https:\/\/christinesandtorv.no\/wp-content\/uploads\/2016\/03\/christinesandtorv01-768x768.jpg 768w, https:\/\/christinesandtorv.no\/wp-content\/uploads\/2016\/03\/christinesandtorv01-600x600.jpg 600w, https:\/\/christinesandtorv.no\/wp-content\/uploads\/2016\/03\/christinesandtorv01.jpg 1535w\" sizes=\"auto, (max-width: 290px) 100vw, 290px\" \/><\/a>\n\t\t\t<\/dt><\/dl>\n\t\t\t<br style='clear: both' \/>\n\t\t<\/div>\n\n<p>FOTO:<\/p>\n<p>Dyveke Sandtorv Nilssen<\/p>\n<div id=\"cyr6\" title=\"Economic in\">\n<p><span style=\"font-size: inherit;\">Emil Weatherhead Breistein (fra konsert p\u00e5 Koengen)<\/span><\/p>\n<p>Tre nederste til venstre (fra albumet First Last Dance, 2006) av Bent Ren\u00e9 Synnev\u00e5g.<\/p>\n<\/div>\n<\/div>\n<\/div>\n","protected":false},"excerpt":{"rendered":"<p>FOTO: Dyveke Sandtorv Nilssen Emil Weatherhead Breistein (fra konsert p\u00e5 Koengen) Tre nederste til venstre (fra albumet First Last Dance, 2006) av Bent Ren\u00e9 Synnev\u00e5g.<\/p>\n","protected":false},"author":1,"featured_media":0,"parent":13744,"menu_order":7,"comment_status":"closed","ping_status":"closed","template":"","meta":{"footnotes":""},"class_list":["post-1808","page","type-page","status-publish","hentry"],"_links":{"self":[{"href":"https:\/\/christinesandtorv.no\/index.php?rest_route=\/wp\/v2\/pages\/1808","targetHints":{"allow":["GET"]}}],"collection":[{"href":"https:\/\/christinesandtorv.no\/index.php?rest_route=\/wp\/v2\/pages"}],"about":[{"href":"https:\/\/christinesandtorv.no\/index.php?rest_route=\/wp\/v2\/types\/page"}],"author":[{"embeddable":true,"href":"https:\/\/christinesandtorv.no\/index.php?rest_route=\/wp\/v2\/users\/1"}],"replies":[{"embeddable":true,"href":"https:\/\/christinesandtorv.no\/index.php?rest_route=%2Fwp%2Fv2%2Fcomments&post=1808"}],"version-history":[{"count":24,"href":"https:\/\/christinesandtorv.no\/index.php?rest_route=\/wp\/v2\/pages\/1808\/revisions"}],"predecessor-version":[{"id":14426,"href":"https:\/\/christinesandtorv.no\/index.php?rest_route=\/wp\/v2\/pages\/1808\/revisions\/14426"}],"up":[{"embeddable":true,"href":"https:\/\/christinesandtorv.no\/index.php?rest_route=\/wp\/v2\/pages\/13744"}],"wp:attachment":[{"href":"https:\/\/christinesandtorv.no\/index.php?rest_route=%2Fwp%2Fv2%2Fmedia&parent=1808"}],"curies":[{"name":"wp","href":"https:\/\/api.w.org\/{rel}","templated":true}]}}