{"id":2240,"date":"2016-09-21T15:07:46","date_gmt":"2016-09-21T13:07:46","guid":{"rendered":"http:\/\/christinesandtorv.no\/?page_id=2240"},"modified":"2024-11-27T22:50:29","modified_gmt":"2024-11-27T20:50:29","slug":"dinomaur-tekster","status":"publish","type":"page","link":"https:\/\/christinesandtorv.no\/?page_id=2240","title":{"rendered":"DINOMAUR"},"content":{"rendered":"\n<div class=\"wp-block-group\" style=\"font-size:15px\"><div class=\"wp-block-group__inner-container is-layout-constrained wp-block-group-is-layout-constrained\">\n<div id=\"bwu803\" style=\"text-align: center;\" title=\"Monophosphate acceptable\">\u00a0<\/div>\n<p style=\"text-align: center;\"><strong>KAOS<\/strong><\/p>\n<p style=\"text-align: center;\">HER VAR DET KAOS KAOS KAOS<\/p>\n<p style=\"text-align: center;\">FRA VI STO OPP TIL VI LA OSS<\/p>\n<p style=\"text-align: center;\">TIL VI LA OSS LA OSS LA OSS<\/p>\n<p style=\"text-align: center;\">ALT E BARE ROT OG SURR OG KAOS<\/p>\n<p style=\"text-align: center;\">NEI BARE KAOS KAOS KAOS<\/p>\n<p style=\"text-align: center;\">FRA VI STO OPP TIL VI LA OSS<\/p>\n<p style=\"text-align: center;\">TIL VI LA OSS LA OSS LA OSS<\/p>\n<p style=\"text-align: center;\">ALT VAR BARE ROT OG SURR OG KAOS<\/p>\n<p style=\"text-align: center;\">VI HAR ET ROTEHUS<\/p>\n<p style=\"text-align: center;\">MED ROTEKOPPER<\/p>\n<p style=\"text-align: center;\">VI ROTER RUNDT OMKRING<\/p>\n<p style=\"text-align: center;\">FULL AV SPILLOPPER<\/p>\n<p style=\"text-align: center;\">VI MANGLER FLOTT SYSTEM<\/p>\n<p style=\"text-align: center;\">MED MERKELAPPER<\/p>\n<p style=\"text-align: center;\">VI PUTTER INGENTING I<\/p>\n<p style=\"text-align: center;\">KURVER ELLER MAPPER<\/p>\n<p style=\"text-align: center;\">\u00a0<\/p>\n<p style=\"text-align: center;\">NEI BARE KAOS KAOS KAOS<\/p>\n<p style=\"text-align: center;\">FRA VI STO OPP TIL VI LA OSS<\/p>\n<p style=\"text-align: center;\">TIL VI LA OSS LA OSS LA OSS<\/p>\n<p style=\"text-align: center;\">ALT E BARE ROT OG SURR OG KAOS<\/p>\n<p style=\"text-align: center;\">VI TRENGER OPPRYDNING!<\/p>\n<p style=\"text-align: center;\">VI M\u00c5 SORTERE<\/p>\n<p style=\"text-align: center;\">EN SMOKK, TO STRIKK, TRE SKO<\/p>\n<p style=\"text-align: center;\">OG MYE MERE<\/p>\n<p style=\"text-align: center;\">VI RYDDER TIMESVIS<\/p>\n<p style=\"text-align: center;\">MED \u00c5 PLASSERE<\/p>\n<p style=\"text-align: center;\">FEM RIPS, SYV SLIPS, VIPS<\/p>\n<p style=\"text-align: center;\">ER ALLTING BEDRE!<\/p>\n<p style=\"text-align: center;\">F\u00d8R VAR DET KAOS KAOS KAOS<\/p>\n<p style=\"text-align: center;\">FRA VI STO OPP TIL VI LA OSS<\/p>\n<p style=\"text-align: center;\">TIL VI LA OSS LA OSS LA OSS<\/p>\n<p style=\"text-align: center;\">ALT E BARE ROT OG SURR OG KAOS<\/p>\n<p style=\"text-align: center;\">N\u00c5 E DET RYDDIG HER<\/p>\n<p style=\"text-align: center;\">DET LUKTER S\u00c5PE<\/p>\n<p style=\"text-align: center;\">VI HAR P\u00c5 FINE KL\u00c6R<\/p>\n<p style=\"text-align: center;\">S\u00c5 F\u00c5R VI H\u00c5PE<\/p>\n<p style=\"text-align: center;\">AT V\u00c5RE GJESTER IKKE R\u00d8RER<\/p>\n<p style=\"text-align: center;\">BAKOM SKUFFER, SKAP OG D\u00d8RER<\/p>\n<p style=\"text-align: center;\">DA BLIR DET KAOS KAOS KAOS<\/p>\n<p style=\"text-align: center;\">VI SOM RYDDET TIL VI LA OSS<\/p>\n<p style=\"text-align: center;\">TIL VI LA OSS LA OSS LA OSS<\/p>\n<p style=\"text-align: center;\">N\u00c5 ER DET BARE ROT OG SURR OG KAOS<\/p>\n<p>&nbsp;<\/p>\n<p style=\"text-align: center;\"><strong>E DET NOK NO<\/strong><\/p>\n<p style=\"text-align: center;\">EN ROSA BALLONG<\/p>\n<p style=\"text-align: center;\">SPLITTER NY<\/p>\n<p style=\"text-align: center;\">EN ROSA BALLONG<\/p>\n<p style=\"text-align: center;\">STOLT OG KRY<\/p>\n<p style=\"text-align: center;\">KN\u00d8TE GODT FAST<\/p>\n<p style=\"text-align: center;\">MED EN TR\u00c5D<\/p>\n<p style=\"text-align: center;\">I DET BL\u00c5<\/p>\n<p style=\"text-align: center;\">EN ROSA BALLONG<\/p>\n<p style=\"text-align: center;\">DRAR AV STED<\/p>\n<p style=\"text-align: center;\">EN ROSA BALLONG<\/p>\n<p style=\"text-align: center;\">VIL HA FRED<\/p>\n<p style=\"text-align: center;\">R\u00d8MMER MOT SKYENE<\/p>\n<p style=\"text-align: center;\">UTEN LOV<\/p>\n<p style=\"text-align: center;\">EG TROR NOKKEN SOV<\/p>\n<p style=\"text-align: center;\">E DET NOK NO<\/p>\n<p style=\"text-align: center;\">NO E DET NOK NO?<\/p>\n<p style=\"text-align: center;\">E DET NOK NO?<\/p>\n<p style=\"text-align: center;\">EN ROSA BALLONG<\/p>\n<p style=\"text-align: center;\">FLYR S\u00c5 FORT<\/p>\n<p style=\"text-align: center;\">EN ROSA BALLONG<\/p>\n<p style=\"text-align: center;\">P\u00c5 VEI BORT<\/p>\n<p style=\"text-align: center;\">VEKK I FRA TOMMELTOTT<\/p>\n<p style=\"text-align: center;\">OG PEKEFING<\/p>\n<p style=\"text-align: center;\">MOT INGENTING<\/p>\n<p style=\"text-align: center;\">HUN G\u00c5R P\u00c5 EN SMELL<\/p>\n<p style=\"text-align: center;\">LUFTEN G\u00c5R UT<\/p>\n<p style=\"text-align: center;\">EN LITEN KROPP<\/p>\n<p style=\"text-align: center;\">M\u00c5 BL\u00c5SES OPP<\/p>\n<p style=\"text-align: center;\">EN GANG TIL<\/p>\n<p style=\"text-align: center;\">EN GANG TIL!<\/p>\n<p style=\"text-align: center;\"><strong>DINOMAUR<\/strong><\/p>\n<p style=\"text-align: center;\">MUNNEN MIN HAR SKARPE TENNER<\/p>\n<p style=\"text-align: center;\">FINGRENE HAR KL\u00d8R<\/p>\n<p style=\"text-align: center;\">HALSEN LAGER BR\u00d8L SOM BRENNER<\/p>\n<p style=\"text-align: center;\">MEN LIKEVEL, OG SELV OM EG SP\u00d8R<\/p>\n<p style=\"text-align: center;\">KAN EG V\u00c6R S\u00c5 SNILL F\u00c5 V\u00c6RE DINOSAUR?<\/p>\n<p style=\"text-align: center;\">KAN EG V\u00c6R S\u00c5 SNILL F\u00c5 V\u00c6RE DINOSAUR?<\/p>\n<p style=\"text-align: center;\">S\u00c5 SIER DE ANDRE, S\u00c5 SIER DE ANDRE<\/p>\n<p style=\"text-align: center;\">AT EG, EG M\u00c5 V\u00c6RE MAUR<\/p>\n<p style=\"text-align: center;\">\u00d8YNENE ER SM\u00c5 OG SKUMLE<\/p>\n<p style=\"text-align: center;\">HALEN LANG OG SV\u00c6R<\/p>\n<p style=\"text-align: center;\">MAGEN MIN KAN OGS\u00c5 RUMLE<\/p>\n<p style=\"text-align: center;\">MEN LIKEVEL, OG SELV OM EG BER<\/p>\n<p style=\"text-align: center;\">KAN EG V\u00c6R S\u00c5 SNILL F\u00c5 V\u00c6RE DINOSAUR?<\/p>\n<p style=\"text-align: center;\">KAN EG V\u00c6R S\u00c5 SNILL F\u00c5 V\u00c6RE DINOSAUR?<\/p>\n<p style=\"text-align: center;\">S\u00c5 SIER DE ANDRE S\u00c5 SIER DE ANDRE<\/p>\n<p style=\"text-align: center;\">AT EG, EG M\u00c5 V\u00c6RE MAUR<\/p>\n<p style=\"text-align: center;\">MAUR DE ER KJEMPESTERKE<\/p>\n<p style=\"text-align: center;\">EG VET JO DET<\/p>\n<p style=\"text-align: center;\">MAUR KAN F\u00c5 DEG TIL \u00c5 SVI<\/p>\n<p style=\"text-align: center;\">SKIKKELIG HARDT UTENP\u00c5 OG INNI<\/p>\n<p style=\"text-align: center;\">VET DU DET?<\/p>\n<p style=\"text-align: center;\">KL\u00d8RNE ER TUSJKORKER<\/p>\n<p style=\"text-align: center;\">TENNENE AV PLAST<\/p>\n<p style=\"text-align: center;\">DE BR\u00d8LER S\u00c5NN SOM FARMOR SNORKER<\/p>\n<p style=\"text-align: center;\">N\u00c5R EG G\u00c5R L\u00d8S, SITTER DE FAST<\/p>\n<p style=\"text-align: center;\">SP\u00d8R EN MAUR OM HAN VIL V\u00c6RE DINOSAUR<\/p>\n<p style=\"text-align: center;\">SP\u00d8R EN MAUR OM HAN VIL V\u00c6RE DINOSAUR<\/p>\n<p style=\"text-align: center;\">D\u00c5 VET EG HAN SVARER, VET EG HAN SVARER:<\/p>\n<p style=\"text-align: center;\">\u201cNEI EG, EG VIL V\u00c6RE MAUR\u201d<\/p>\n<p style=\"text-align: center;\"><strong>BELIT DEG!<\/strong><\/p>\n<p style=\"text-align: center;\">HER ER DET FRI!<\/p>\n<p style=\"text-align: center;\">DAGEN FLYR FORBI<\/p>\n<p style=\"text-align: center;\">PARADIS OG LEK<\/p>\n<p style=\"text-align: center;\">OG EN RAMPESTREK<\/p>\n<p style=\"text-align: center;\">HER ER DET FRI!<\/p>\n<p style=\"text-align: center;\">SKURK OG POLITI<\/p>\n<p style=\"text-align: center;\">T\u00c5RER, BLOD OG SNOTT<\/p>\n<p style=\"text-align: center;\">OG EN B\u00d8TTEKNOTT<\/p>\n<p style=\"text-align: center;\">DU M\u00c5 BELITE DEG<\/p>\n<p style=\"text-align: center;\">DU TR\u00c5KKET P\u00c5 STREKEN<\/p>\n<p style=\"text-align: center;\">DU M\u00c5 BELITE DEG<\/p>\n<p style=\"text-align: center;\">SKAL DU V\u00c6RE MED P\u00c5 LEKEN<\/p>\n<p style=\"text-align: center;\">M\u00c5 DU BELITE DEG<\/p>\n<p style=\"text-align: center;\">BELIT DEG!<\/p>\n<p style=\"text-align: center;\">HER ER DET FRI!<\/p>\n<p style=\"text-align: center;\">SPILL OG SJALUSI<\/p>\n<p style=\"text-align: center;\">HJERTEBANK OG BRUD<\/p>\n<p style=\"text-align: center;\">GIR DEG G\u00c5SEHUD<\/p>\n<p style=\"text-align: center;\">HER ER DET FRI!<\/p>\n<p style=\"text-align: center;\">DR\u00d8M OG FANTASI<\/p>\n<p style=\"text-align: center;\">SP\u00d8K OG LYGEKRYSS<\/p>\n<p style=\"text-align: center;\">LETT SOM ENGLEDRYSS<\/p>\n<p style=\"text-align: center;\">NYE REGLER<\/p>\n<p style=\"text-align: center;\">HELE TIDEN<\/p>\n<p style=\"text-align: center;\">KEM E DET<\/p>\n<p style=\"text-align: center;\">SOM IKKJE<\/p>\n<p style=\"text-align: center;\">HAR SKJ\u00d8NT DET<\/p>\n<p style=\"text-align: center;\">FOR LENGE SIDEN<\/p>\n<p style=\"text-align: center;\"><strong>SMAUETS DETEKTIVBYR\u00c5<\/strong><\/p>\n<p style=\"text-align: center;\">HER P\u00c5 ALTANEN<\/p>\n<p style=\"text-align: center;\">G\u00c5R ALT ETTER PLANEN<\/p>\n<p style=\"text-align: center;\">VI KAN SE ALT TING HER I FRA<\/p>\n<p style=\"text-align: center;\">VI SPIONERER OG VI FUNDERER<\/p>\n<p style=\"text-align: center;\">P\u00c5 KOFFOR, KEM OG KOR OG KA<\/p>\n<p style=\"text-align: center;\">KEM TOK ALT SNOPET?<\/p>\n<p style=\"text-align: center;\">HENT PERISKOPET !<\/p>\n<p style=\"text-align: center;\">S\u00c5 VI KAN FINNE UT AV KEM DET VAR<\/p>\n<p style=\"text-align: center;\">VI VAR P\u00c5 JORDET, NO ER VI P\u00c5 SPORET<\/p>\n<p style=\"text-align: center;\">AV KOFFOR, KEM OG KOR OG KA<\/p>\n<p style=\"text-align: center;\">MED FORST\u00d8RRELSESGLASS OG LUENE P\u00c5 SKR\u00c5<\/p>\n<p style=\"text-align: center;\">ER DET NOKKE DU LURER P\u00c5?<\/p>\n<p style=\"text-align: center;\">ER DET NOKKE DU VIL FORST\u00c5?<\/p>\n<p style=\"text-align: center;\">VI HAR HEMMELIG SKRIFT<\/p>\n<p style=\"text-align: center;\">KAN LAGE GR\u00d8NN AV GUL OG BL\u00c5<\/p>\n<p style=\"text-align: center;\">ER DET NOKKE DU LURER P\u00c5?<\/p>\n<p style=\"text-align: center;\">ER DET NOKKE DU VIL FORST\u00c5?<\/p>\n<p style=\"text-align: center;\">SP\u00d8R SMAUETS DETEKTIVBYR\u00c5<\/p>\n<p style=\"text-align: center;\">HER BAK GARDINEN<\/p>\n<p style=\"text-align: center;\">ER DET STRENG DISIPLIN<\/p>\n<p style=\"text-align: center;\">VI KAN SE ALT TING HER I FRA<\/p>\n<p style=\"text-align: center;\">VI OBSERVERER OG VI NOTERER<\/p>\n<p style=\"text-align: center;\">NED KOFFOR, KEM OG KOR OG KA<\/p>\n<p style=\"text-align: center;\">KOR G\u00c5R DET SPORET?<\/p>\n<p style=\"text-align: center;\">SJEKK KATTEKLORET!<\/p>\n<p style=\"text-align: center;\">NEI, VI M\u00c5 FINNE UT AV KEM DET VAR<\/p>\n<p style=\"text-align: center;\">HAKKJE SETT P\u00c5 MAKEN, MEN VI ER P\u00c5 SAKEN<\/p>\n<p style=\"text-align: center;\">AV KOFFOR, KEM OG KOR OG KA<\/p>\n<p style=\"text-align: center;\">N\u00c6RMER DET SEG EN KRISE<\/p>\n<p style=\"text-align: center;\">ER DET NESTEN EKSPLOSJON?<\/p>\n<p style=\"text-align: center;\">TRENGER DU FINNE BEVISET<\/p>\n<p style=\"text-align: center;\">RING V\u00c5R DORULLTELEFON!<\/p>\n<p style=\"text-align: center;\"><strong>VI KLER OSS UT<\/strong><\/p>\n<p style=\"text-align: center;\">TA P\u00c5 DEG EN MASKE<\/p>\n<p style=\"text-align: center;\">DU KAN V\u00c6RE KEM DU VIL<\/p>\n<p style=\"text-align: center;\">DU KAN LATE SOM DU ER<\/p>\n<p style=\"text-align: center;\">EN SKURK SOM ER BLITT SNILL<\/p>\n<p style=\"text-align: center;\">TA P\u00c5 DEG PARYKK<\/p>\n<p style=\"text-align: center;\">DU KAN V\u00c6RE KLOSSMAJOR<\/p>\n<p style=\"text-align: center;\">DU KAN LATE SOM DU ER<\/p>\n<p style=\"text-align: center;\">EN STJERNE FRA I FJOR<\/p>\n<p style=\"text-align: center;\">VI KLER OSS UT<\/p>\n<p style=\"text-align: center;\">LEKER VI E NOKKEN ANDRE<\/p>\n<p style=\"text-align: center;\">NESTEN ALT TING KAN VI FORANDRE<\/p>\n<p style=\"text-align: center;\">N\u00c5R VI<\/p>\n<p style=\"text-align: center;\">VI KLER OSS UT<\/p>\n<p style=\"text-align: center;\">TA P\u00c5 DEG EN JAKKE<\/p>\n<p style=\"text-align: center;\">DU KAN V\u00c6RE EN PINGVIN<\/p>\n<p style=\"text-align: center;\">DU KAN LATE SOM DU ER<\/p>\n<p style=\"text-align: center;\">EN FISEFIN KANIN<\/p>\n<p style=\"text-align: center;\">TA P\u00c5 ROSA LAIBIK<\/p>\n<p style=\"text-align: center;\">DU KAN V\u00c6RE TANTE GRO<\/p>\n<p style=\"text-align: center;\">DU KAN LATE SOM DU ER<\/p>\n<p style=\"text-align: center;\">FJOMP I FJONGE SKO<\/p>\n<p style=\"text-align: center;\">TENK \u00c5 HA EN UTKLEDNINGSKISTE<\/p>\n<p style=\"text-align: center;\">FULL AV FORANDRING OG FRYD<\/p>\n<p style=\"text-align: center;\">TIL \u00c5 TRYLLE BORT DET VONDE OG TRISTE<\/p>\n<p style=\"text-align: center;\">OG FINNE SEG SJ\u00d8L HELT P\u00c5 NY<\/p>\n<p style=\"text-align: center;\"><strong>LODOTTENE<\/strong><\/p>\n<p style=\"text-align: center;\">NEDE BLANT ROTTENE<\/p>\n<p style=\"text-align: center;\">UNDER BEKKALOKKENE<\/p>\n<p style=\"text-align: center;\">SNIKER VI RUNDT OMKRING<\/p>\n<p style=\"text-align: center;\">BYENS FOLK VET INGENTING<\/p>\n<p style=\"text-align: center;\">LANGS KORRIDORENE<\/p>\n<p style=\"text-align: center;\">INNE P\u00c5 KONTORENE<\/p>\n<p style=\"text-align: center;\">SNIKER VI RUNDT OMKRING<\/p>\n<p style=\"text-align: center;\">BYENS FOLK VET INGENTING<\/p>\n<p style=\"text-align: center;\">LODOTTENE LODOTTENE<\/p>\n<p style=\"text-align: center;\">DET ER OSS<\/p>\n<p style=\"text-align: center;\">LODOTTENE LODOTTENE<\/p>\n<p style=\"text-align: center;\">VI SKAL BYGGE EN KOLOSS<\/p>\n<p style=\"text-align: center;\">VI HAR EN SKUMMEL PLAN<\/p>\n<p style=\"text-align: center;\">ASFALT OG HEISEKRAN<\/p>\n<p style=\"text-align: center;\">H\u00d8YT SOM ET DIGERT FJELL<\/p>\n<p style=\"text-align: center;\">ET SPEKTAKUL\u00c6RT HOTELL<\/p>\n<p style=\"text-align: center;\">VI IKKJE REDD FOR STANK<\/p>\n<p style=\"text-align: center;\">VI T\u00c5LER GRISEBANK<\/p>\n<p style=\"text-align: center;\">KALD SKULDER, KALDE BEIN<\/p>\n<p style=\"text-align: center;\">ALT UNNTATT DUSKEREGN<\/p>\n<p style=\"text-align: center;\">LODOTTENE LODOTTENE<\/p>\n<p style=\"text-align: center;\">DET ER OSS<\/p>\n<p style=\"text-align: center;\">LODOTTENE LODOTTENE<\/p>\n<p style=\"text-align: center;\">VI SKAL BYGGE EN KOLOSS<\/p>\n<p style=\"text-align: center;\">V\u00c5RT LABORATORIUM<\/p>\n<p style=\"text-align: center;\">ER ET SAMMENSURIUM<\/p>\n<p style=\"text-align: center;\">VI RAPPER DIN ID\u00c8<\/p>\n<p style=\"text-align: center;\">GJ\u00d8R DEN TIL V\u00c5R P\u00c5 1-2-3<\/p>\n<p style=\"text-align: center;\"><strong>KOM IGJEN KOM IGJEN<\/strong><\/p>\n<p style=\"text-align: center;\">ALT VAR S\u00c5 FINT<\/p>\n<p style=\"text-align: center;\">ALT VAR BARE BRA<\/p>\n<p style=\"text-align: center;\">HVIS NOKKE GIKK P\u00c5 SKJEIVE<\/p>\n<p style=\"text-align: center;\">DA LO VI OG SA<\/p>\n<p style=\"text-align: center;\">VI SUSER AVG\u00c5RDE<\/p>\n<p style=\"text-align: center;\">I RACERBILFART<\/p>\n<p style=\"text-align: center;\">DET ER HEISEKRANH\u00d8YT<\/p>\n<p style=\"text-align: center;\">OG VEIVALSERHARDT<\/p>\n<p style=\"text-align: center;\">KOM IGJEN KOM IGJEN<\/p>\n<p style=\"text-align: center;\">VI DRAR DER KOR JORDEN M\u00d8TER HIMMELEN<\/p>\n<p style=\"text-align: center;\">ALT VAR S\u00c5 TRYGT<\/p>\n<p style=\"text-align: center;\">ALT VAR HELT P\u00c5 STELL<\/p>\n<p style=\"text-align: center;\">HVIS NOKKE GIKK LITT GALE<\/p>\n<p style=\"text-align: center;\">DA LO VI LIKEVEL<\/p>\n<p style=\"text-align: center;\">VI SUSTE AVG\u00c5RDE<\/p>\n<p style=\"text-align: center;\">I BROKKOLIFART<\/p>\n<p style=\"text-align: center;\">ALT VAR PURREL\u00d8KLANGT<\/p>\n<p style=\"text-align: center;\">OG GULROTHARDT<\/p>\n<p style=\"text-align: center;\">KOM IGJEN KOM IGJEN<\/p>\n<p style=\"text-align: center;\">ALT KOM S\u00c5 FORT<\/p>\n<p style=\"text-align: center;\">ALLTING STOPPET OPP<\/p>\n<p style=\"text-align: center;\">I EN FRONTKOLLISJON<\/p>\n<p style=\"text-align: center;\">DA VI VAR P\u00c5 TOPP<\/p>\n<p style=\"text-align: center;\">HJERTET SOM BANKET<\/p>\n<p style=\"text-align: center;\">SA HADET OG DRO<\/p>\n<p style=\"text-align: center;\">ALT FIKK SNEGLEFHUSFART<\/p>\n<p style=\"text-align: center;\">OG SKILPADDESKO<\/p>\n<p style=\"text-align: center;\">KOM IGJEN KOM IGJEN<\/p>\n<p style=\"text-align: center;\">VI SEES DER JORDEN M\u00d8TER HIMMELEN<\/p>\n<p style=\"text-align: center;\">SYKKELEN MIN HAR FUGLEB\u00c6SJ P\u00c5<\/p>\n<p style=\"text-align: center;\">DEN SKRANGLER, ER L\u00c5ST FAST<\/p>\n<p style=\"text-align: center;\">OG DET ER DIN OG<\/p>\n<p style=\"text-align: center;\">KJ\u00d8KKENSTOLEN DIN HAR BR\u00d8DSMULER P\u00c5<\/p>\n<p style=\"text-align: center;\">DEN ST\u00d8VER S\u00c5 EG TROR<\/p>\n<p style=\"text-align: center;\">DEN SAVNER DEG OG<\/p>\n<p style=\"text-align: center;\">KOM IGJEN KOM IGJEN<\/p>\n<p style=\"text-align: center;\">VI SEES DER JORDEN M\u00d8TER HIMMELEN<\/p>\n<p style=\"text-align: center;\"><strong>REKK UT H\u00c5NDEN DIN<\/strong><\/p>\n<p style=\"text-align: center;\">DU ER ALTFOR LITEN<\/p>\n<p style=\"text-align: center;\">DU ER ALTFOR STOR<\/p>\n<p style=\"text-align: center;\">DU ER ALTFOR SVAK<\/p>\n<p style=\"text-align: center;\">ER DU DEN STERKESTE P\u00c5 JORD?<\/p>\n<p style=\"text-align: center;\">DU ER ALTFOR DUM<\/p>\n<p style=\"text-align: center;\">DU ER ALTFOR KLOK<\/p>\n<p style=\"text-align: center;\">DU HAR MANGE SIDER<\/p>\n<p style=\"text-align: center;\">DU ER SOM EN BOK<\/p>\n<p style=\"text-align: center;\">MEN DU SITTER FAST<\/p>\n<p style=\"text-align: center;\">H\u00d8YT OPPE I ET DIGERT TRE<\/p>\n<p style=\"text-align: center;\">SER SNART NOKKEN OPP?<\/p>\n<p style=\"text-align: center;\">DU VIL S\u00c5 GJERNE KOMME NED<\/p>\n<p style=\"text-align: center;\">MEN DU SITTER FAST<\/p>\n<p style=\"text-align: center;\">MENS ALLE SAMMEN G\u00c5R FORBI<\/p>\n<p style=\"text-align: center;\">VET DU VIL HA HJELP<\/p>\n<p style=\"text-align: center;\">MEN VET KJE HELT KA DU SKAL SI<\/p>\n<p style=\"text-align: center;\">DU ER ALTFOR D\u00c5RLIG<\/p>\n<p style=\"text-align: center;\">DU ER ALTFOR GOD<\/p>\n<p style=\"text-align: center;\">DU ER ALTFOR TREIG<\/p>\n<p style=\"text-align: center;\">E DU DEN RASKESTE MON TRO?<\/p>\n<p style=\"text-align: center;\">DU ER ALTFOR REDD<\/p>\n<p style=\"text-align: center;\">DU ER ALTFOR KUL<\/p>\n<p style=\"text-align: center;\">DU HAR RUNDE KANTER<\/p>\n<p style=\"text-align: center;\">DU ER SOM ET HJUL<\/p>\n<p style=\"text-align: center;\">DU ER ALTFOR ROLIG<\/p>\n<p style=\"text-align: center;\">DU ER ALTFOR VILL<\/p>\n<p style=\"text-align: center;\">DU ER ALTFOR SLEM<\/p>\n<p style=\"text-align: center;\">G\u00c5R DET AN \u00c5 BLI S\u00c5 SNILL?<\/p>\n<p style=\"text-align: center;\">DU ER ALTFOR SINT<\/p>\n<p style=\"text-align: center;\">DU ER ALTFOR BLID<\/p>\n<p style=\"text-align: center;\">DU HAR MANGE TONER<\/p>\n<p style=\"text-align: center;\">DU ER EN MELODI<\/p>\n<p style=\"text-align: center;\">REKK UT H\u00c5NDEN DIN<\/p>\n<p style=\"text-align: center;\">SE HUN SITTER FAST<\/p>\n<p style=\"text-align: center;\">H\u00d8YT OPPE I ET DIGERT TRE<\/p>\n<p style=\"text-align: center;\">KORDAN KOM HUN OPP?<\/p>\n<p style=\"text-align: center;\">HUN KLARER IKKJE KOMME NED<\/p>\n<p style=\"text-align: center;\">SE HUN SITTER FAST<\/p>\n<p style=\"text-align: center;\">VI KAN\u00b4KJE BARE G\u00c5 FORBI<\/p>\n<p style=\"text-align: center;\">HUN M\u00c5 HA LITT HJELP<\/p>\n<p style=\"text-align: center;\">DET IKKJE ALLTID LETT \u00c5 SI<\/p>\n<p style=\"text-align: center;\">REKK UT H\u00c5NDEN DIN<\/p>\n<p style=\"text-align: center;\">DEN KAN V\u00c6RE TAU OG TRAPP<\/p>\n<p style=\"text-align: center;\">REKK UT H\u00c5NDEN DIN<\/p>\n<p style=\"text-align: center;\">DEN KAN FINNE HULL OG KNAPP<\/p>\n<p style=\"text-align: center;\">REKK UT H\u00c5NDEN DIN<\/p>\n<p style=\"text-align: center;\">DEN KAN V\u00c6RE HEIS OG BRO<\/p>\n<p style=\"text-align: center;\">REKK UT H\u00c5NDEN DIN<\/p>\n<p style=\"text-align: center;\">DEN KAN GJ\u00d8RE DAGEN VARM OG GOD<\/p>\n<p style=\"text-align: center;\"><strong>DET BLE LITT DUMT<\/strong><\/p>\n<p style=\"text-align: center;\">DET BLE LITT DUMT<\/p>\n<p style=\"text-align: center;\">DET BLE LITT DUMT<\/p>\n<p style=\"text-align: center;\">DET VAR IKKE AKKURAT<\/p>\n<p style=\"text-align: center;\">S\u00c5NN DET SKULLE BLI<\/p>\n<p style=\"text-align: center;\">NOKKEN GANGER<\/p>\n<p style=\"text-align: center;\">ER DET URETTFERDIG<\/p>\n<p style=\"text-align: center;\">DET VAR IKKE AKKURAT<\/p>\n<p style=\"text-align: center;\">S\u00c5NN DET SKULLE BLI<\/p>\n<p style=\"text-align: center;\">NOKKEN GANGER ER DET<\/p>\n<p style=\"text-align: center;\">VANSKELIG \u00c5 SI<\/p>\n<p style=\"text-align: center;\">UNNSKYLD!<\/p>\n<p style=\"text-align: center;\"><strong>S\u00c5 DELER VI P\u00c5 DET VI HAR<\/strong><\/p>\n<p style=\"text-align: center;\">P\u00c5 EN LYKTESTOLPE<\/p>\n<p style=\"text-align: center;\">HENGER EN PLAKAT<\/p>\n<p style=\"text-align: center;\">DET ST\u00c5R: TA MED NOKKEN STOLER<\/p>\n<p style=\"text-align: center;\">OG ENKEL MAT<\/p>\n<p style=\"text-align: center;\">TA MED EPLEKAKE<\/p>\n<p style=\"text-align: center;\">ELLER EN SALAT<\/p>\n<p style=\"text-align: center;\">OG HELL NOKKE GODT I GLASSET<\/p>\n<p style=\"text-align: center;\">VI ORDNER FAT!<\/p>\n<p style=\"text-align: center;\">S\u00c5 DELER VI P\u00c5 DET VI HAR<\/p>\n<p style=\"text-align: center;\">DET BLIR UNDERHOLDNING<\/p>\n<p style=\"text-align: center;\">FRA STORE OG FRA SM\u00c5<\/p>\n<p style=\"text-align: center;\">VIL DU SYNGE NOKKEN SANGER<\/p>\n<p style=\"text-align: center;\">S\u00c5 MELD DEG P\u00c5<\/p>\n<p style=\"text-align: center;\">TA MED GAMLE GLASS FRA<\/p>\n<p style=\"text-align: center;\">AGURK OG SYLTET\u00d8Y<\/p>\n<p style=\"text-align: center;\">DET BLIR KJEMPEFINE LYKTER<\/p>\n<p style=\"text-align: center;\">DETTE HER BLIR G\u00d8Y!<\/p>\n<p style=\"text-align: center;\">S\u00c5 DELER VI P\u00c5 DET VI HAR<\/p>\n<p style=\"text-align: center;\">TA MED GODT HUM\u00d8R<\/p>\n<p style=\"text-align: center;\">DU BLIR NOK KJENT MED DE DU IKKJE HAR M\u00d8TT F\u00d8R<\/p>\n<p style=\"text-align: center;\">FLAU ELLER SJARM\u00d8R<\/p>\n<p style=\"text-align: center;\">P\u00c5 GATEFESTEN BLIR DET MORO OM DU BARE T\u00d8R<\/p>\n<p style=\"text-align: center;\">SEINERE P\u00c5 KVELDEN<\/p>\n<p style=\"text-align: center;\">N\u00c5R M\u00d8RKET SIGER P\u00c5<\/p>\n<p style=\"text-align: center;\">BLIR DET LEVENDE MUSIKK HER<\/p>\n<p style=\"text-align: center;\">MED DANS OG D\u00c5<\/p>\n<p style=\"text-align: center;\">D\u00c5 DELER VI P\u00c5 DET VI HAR<\/p>\n<p style=\"text-align: center;\">S\u00c5 DELER VI P\u00c5 DET VI HAR<\/p>\n<\/div><\/div>\n","protected":false},"excerpt":{"rendered":"<p>\u00a0 KAOS HER VAR DET KAOS KAOS KAOS FRA VI STO OPP TIL VI LA OSS TIL VI LA OSS LA OSS LA OSS ALT E BARE ROT OG SURR OG KAOS NEI BARE KAOS KAOS KAOS FRA VI STO&hellip; <\/p>\n","protected":false},"author":1,"featured_media":0,"parent":13748,"menu_order":2,"comment_status":"closed","ping_status":"closed","template":"","meta":{"footnotes":""},"class_list":["post-2240","page","type-page","status-publish","hentry"],"_links":{"self":[{"href":"https:\/\/christinesandtorv.no\/index.php?rest_route=\/wp\/v2\/pages\/2240","targetHints":{"allow":["GET"]}}],"collection":[{"href":"https:\/\/christinesandtorv.no\/index.php?rest_route=\/wp\/v2\/pages"}],"about":[{"href":"https:\/\/christinesandtorv.no\/index.php?rest_route=\/wp\/v2\/types\/page"}],"author":[{"embeddable":true,"href":"https:\/\/christinesandtorv.no\/index.php?rest_route=\/wp\/v2\/users\/1"}],"replies":[{"embeddable":true,"href":"https:\/\/christinesandtorv.no\/index.php?rest_route=%2Fwp%2Fv2%2Fcomments&post=2240"}],"version-history":[{"count":22,"href":"https:\/\/christinesandtorv.no\/index.php?rest_route=\/wp\/v2\/pages\/2240\/revisions"}],"predecessor-version":[{"id":14462,"href":"https:\/\/christinesandtorv.no\/index.php?rest_route=\/wp\/v2\/pages\/2240\/revisions\/14462"}],"up":[{"embeddable":true,"href":"https:\/\/christinesandtorv.no\/index.php?rest_route=\/wp\/v2\/pages\/13748"}],"wp:attachment":[{"href":"https:\/\/christinesandtorv.no\/index.php?rest_route=%2Fwp%2Fv2%2Fmedia&parent=2240"}],"curies":[{"name":"wp","href":"https:\/\/api.w.org\/{rel}","templated":true}]}}