{"id":2243,"date":"2016-09-21T15:09:18","date_gmt":"2016-09-21T13:09:18","guid":{"rendered":"http:\/\/christinesandtorv.no\/?page_id=2243"},"modified":"2024-11-27T23:07:50","modified_gmt":"2024-11-27T21:07:50","slug":"gullamanter-tekster","status":"publish","type":"page","link":"https:\/\/christinesandtorv.no\/?page_id=2243","title":{"rendered":"GULLAMANTER"},"content":{"rendered":"\n<div class=\"wp-block-group\" style=\"font-size:15px\"><div class=\"wp-block-group__inner-container is-layout-constrained wp-block-group-is-layout-constrained\">\n<div id=\"zer879\" style=\"text-align: center;\" title=\"Patient invasive\">\u00a0<\/div>\n<p style=\"text-align: center;\"><strong>BL\u00c5SE P\u00c5<\/strong><\/p>\n<p>&nbsp;<\/p>\n<p style=\"text-align: center;\">INNI MAGEN ER EN KARUSELL<\/p>\n<p style=\"text-align: center;\">SOM SNURRER RUNDT N\u00c5R DET ER KVELD<\/p>\n<p style=\"text-align: center;\">INNI HJERTET ER DET STEIN OG SAND<\/p>\n<p style=\"text-align: center;\">SOM SKRAPER OPP EN SUPERMANN<\/p>\n<p>&nbsp;<\/p>\n<p style=\"text-align: center;\">OM NOKKEN KUNNE BL\u00c5SE P\u00c5<\/p>\n<p style=\"text-align: center;\">VILLE HIMMELEN V\u00c6RT LYSEBL\u00c5?<\/p>\n<p style=\"text-align: center;\">VILLE SKYENE OG PARAPLYENE BLITT BORTE D\u00c5?<\/p>\n<p style=\"text-align: center;\">OM NOKKEN KUNNE BL\u00c5SE P\u00c5<\/p>\n<p>&nbsp;<\/p>\n<p style=\"text-align: center;\">INNI H\u00c5NDEN ER DET INGEN VET<\/p>\n<p style=\"text-align: center;\">HAN HOLDER P\u00c5 EN HEMMELIGHET\u00a0<\/p>\n<p style=\"text-align: center;\">INNI MAGEN ER ET TORNEKRATT<\/p>\n<p style=\"text-align: center;\">SOM STIKKER S\u00c5NN N\u00c5R DET ER NATT<\/p>\n<p>&nbsp;<\/p>\n<p style=\"text-align: center;\">OM NOKKEN KUNNE BL\u00c5SE P\u00c5<\/p>\n<p style=\"text-align: center;\">VILLE HIMMELEN V\u00c6RT LYSEBL\u00c5?<\/p>\n<p style=\"text-align: center;\">VILLE SKYENE OG PARAPLYENE BLITT BORTE D\u00c5?<\/p>\n<p style=\"text-align: center;\">OM NOKKEN KUNNE BL\u00c5SE P\u00c5<\/p>\n<p>&nbsp;<\/p>\n<p style=\"text-align: center;\">INNI HJERTET ER EN KINAPUTT<\/p>\n<p style=\"text-align: center;\">SOM SPRENGER P\u00c5 OG SNART M\u00c5 UT<\/p>\n<p style=\"text-align: center;\">INNI H\u00c5NDEN ER DET KR\u00c5KES\u00d8LV<\/p>\n<p style=\"text-align: center;\">TRYLLEMIDDEL MOT KRUSEDULLKR\u00d8LL<\/p>\n<p>&nbsp;<\/p>\n<p style=\"text-align: center;\">OM NOKKEN KUNNE BL\u00c5SE P\u00c5<\/p>\n<p style=\"text-align: center;\">VILLE HIMMELEN V\u00c6RT LYSEBL\u00c5?<\/p>\n<p style=\"text-align: center;\">VILLE SKYENE OG PARAPLYENE BLITT BORTE D\u00c5?<\/p>\n<p style=\"text-align: center;\">OM NOKKEN KUNNE BL\u00c5SE P\u00c5<\/p>\n<p>&nbsp;<\/p>\n<p>&nbsp;<\/p>\n<p style=\"text-align: center;\"><strong>LITT OM LITT<\/strong><\/p>\n<p>&nbsp;<\/p>\n<p style=\"text-align: center;\">KAN DU TULLE?<\/p>\n<p style=\"text-align: center;\">KAN DU LE?<\/p>\n<p style=\"text-align: center;\">KAN DU HOPPE P\u00c5 HENDENE?<\/p>\n<p style=\"text-align: center;\">KAN DU TRYLLE?<\/p>\n<p style=\"text-align: center;\">KAN DU SP\u00c5?<\/p>\n<p style=\"text-align: center;\">KAN DU DANSE UTEN KL\u00c6R P\u00c5?<\/p>\n<p>&nbsp;<\/p>\n<p style=\"text-align: center;\">KAN DU KLATRE?<\/p>\n<p style=\"text-align: center;\">KAN DU FALLE NED?<\/p>\n<p style=\"text-align: center;\">KAN DU SYNGE FRA TOPPEN AV ET TRE?<\/p>\n<p style=\"text-align: center;\">KAN DU KNYTE?<\/p>\n<p style=\"text-align: center;\">KAN DU LEKE HEKS?<\/p>\n<p style=\"text-align: center;\">KAN DU PLYSTRE MED MUNNEN FULL AV KJEKS?<\/p>\n<p>&nbsp;<\/p>\n<p style=\"text-align: center;\">LITT OM LITT<\/p>\n<p style=\"text-align: center;\">MED SM\u00c5 OG STORE SKRITT<\/p>\n<p style=\"text-align: center;\">DU PR\u00d8VER VARMT OG KALDT<\/p>\n<p style=\"text-align: center;\">DU SMAKER S\u00d8TT OG SURT OG SALT<\/p>\n<p>&nbsp;<\/p>\n<p style=\"text-align: center;\">KAN DU FLETTE?<\/p>\n<p style=\"text-align: center;\">KAN DU ST\u00c5 P\u00c5 SKI?<\/p>\n<p style=\"text-align: center;\">KAN DU TELLE TIL UENDELIG?<\/p>\n<p style=\"text-align: center;\">KAN DU HINKE?<\/p>\n<p style=\"text-align: center;\">KAN DU SL\u00c5 HJUL?<\/p>\n<p style=\"text-align: center;\">KAN DU SMILE TIL EN MORGENFUGL?<\/p>\n<p>&nbsp;<\/p>\n<p style=\"text-align: center;\">KAN DU SV\u00d8MME?<\/p>\n<p style=\"text-align: center;\">KAN DU TA FRI?<\/p>\n<p style=\"text-align: center;\">KAN DU KJ\u00d8PE DEG ET HAV AV TID?<\/p>\n<p style=\"text-align: center;\">KAN DU KLOKKEN?<\/p>\n<p style=\"text-align: center;\">KAN DU FLY I RING?<\/p>\n<p style=\"text-align: center;\">KAN DU BALANSERE<\/p>\n<p style=\"text-align: center;\">LETT SOM INGENTING?<\/p>\n<p>&nbsp;<\/p>\n<p style=\"text-align: center;\"><strong>SOLSTR\u00c5LESAMLER<\/strong><\/p>\n<p>&nbsp;<\/p>\n<p style=\"text-align: center;\">SOM EN BIE P\u00c5<\/p>\n<p style=\"text-align: center;\">ET LITE STR\u00c5<\/p>\n<p style=\"text-align: center;\">KLAMRER DU DEG FAST<\/p>\n<p>&nbsp;<\/p>\n<p style=\"text-align: center;\">SOM SM\u00c5 SOLSTR\u00c5LER<\/p>\n<p style=\"text-align: center;\">P\u00c5 JORDB\u00c6R-IS<\/p>\n<p style=\"text-align: center;\">SMELTER DU MEG VISST<\/p>\n<p>&nbsp;<\/p>\n<p style=\"text-align: center;\">SOM EN SOMMERVIND<\/p>\n<p style=\"text-align: center;\">MOT MITT KINN<\/p>\n<p style=\"text-align: center;\">BL\u00c5SER DU MEG BORT<\/p>\n<p>&nbsp;<\/p>\n<p style=\"text-align: center;\">DU GIR REGNBUEN FARGER OG STJERNENE GNIST<\/p>\n<p style=\"text-align: center;\">GIR SMILEHULL OG LATTER TIL DEN SOM ER TRIST<\/p>\n<p style=\"text-align: center;\">DU F\u00c5R DEN SOM ER D\u00c5RLIG TIL \u00c5 BLI GOD<\/p>\n<p style=\"text-align: center;\">DU F\u00c5R EN OG EN TIL \u00c5 BLI TO<\/p>\n<p>&nbsp;<\/p>\n<p style=\"text-align: center;\">SOM EN FIRKL\u00d8VER<\/p>\n<p style=\"text-align: center;\">I EN ENG<\/p>\n<p style=\"text-align: center;\">LYSER DU MOT MEG<\/p>\n<p>&nbsp;<\/p>\n<p style=\"text-align: center;\">SOM EN SOMMERFUGL<\/p>\n<p style=\"text-align: center;\">I LYKKERUS<\/p>\n<p style=\"text-align: center;\">SNUBLER EG MOT DEG<\/p>\n<p>&nbsp;<\/p>\n<p style=\"text-align: center;\">SOM EN VIRVELVIND<\/p>\n<p style=\"text-align: center;\">SOM INGENTING<\/p>\n<p style=\"text-align: center;\">L\u00d8FTER DU MEG OPP<\/p>\n<p>&nbsp;<\/p>\n<p style=\"text-align: center;\">DU GIR REGNBUEN FARGER OG STJERNENE GNIST<\/p>\n<p style=\"text-align: center;\">GIR SMILEHULL OG LATTER TIL DEN SOM ER TRIST<\/p>\n<p style=\"text-align: center;\">DU F\u00c5R DEN SOM ER D\u00c5RLIG TIL \u00c5 BLI GOD<\/p>\n<p style=\"text-align: center;\">DU F\u00c5R EN OG EN TIL \u00c5 BLI TO<\/p>\n<p>&nbsp;<\/p>\n<p style=\"text-align: center;\">SOLSTR\u00c5LESAMLER<\/p>\n<p style=\"text-align: center;\">DU VARMER OG DU SKINNER<\/p>\n<p style=\"text-align: center;\">SOLSTR\u00c5LESAMLER<\/p>\n<p style=\"text-align: center;\">DU FANGER FINE MINNER<\/p>\n<p style=\"text-align: center;\">F\u00d8R DE FORSVINNER<\/p>\n<p>&nbsp;<\/p>\n<p style=\"text-align: center;\"><strong>1-2-3-VALS<\/strong><\/p>\n<p>&nbsp;<\/p>\n<p style=\"text-align: center;\">1-2-3, 1-2-3, 1-2-3\u2026<\/p>\n<p style=\"text-align: center;\">SKYND DEG OPP P\u00c5 T\u00c5<\/p>\n<p style=\"text-align: center;\">FOR N\u00c5 BEGYNNER DANSEN<\/p>\n<p style=\"text-align: center;\">FOR STORE OG FOR SM\u00c5<\/p>\n<p style=\"text-align: center;\">SOM VIL BLI MED I VALSEN<\/p>\n<p>&nbsp;<\/p>\n<p style=\"text-align: center;\">SNURR DEG RUNDT I RING<\/p>\n<p style=\"text-align: center;\">ALT BLIR S\u00c5 FINT I DANSEN<\/p>\n<p style=\"text-align: center;\">S\u00c5 LETT SOM INGENTING<\/p>\n<p style=\"text-align: center;\">EN KARUSELL I VALSEN<\/p>\n<p>&nbsp;<\/p>\n<p style=\"text-align: center;\">1-2-3, 1-2-3, 1-2-3\u2026<\/p>\n<p>&nbsp;<\/p>\n<p style=\"text-align: center;\">FINN EN LITEN VENN<\/p>\n<p style=\"text-align: center;\">OG BLI MED I DANSEN<\/p>\n<p style=\"text-align: center;\">SE MOT HIMMELEN<\/p>\n<p style=\"text-align: center;\">OG F\u00c5 ET KYSS P\u00c5 HALSEN<\/p>\n<p>&nbsp;<\/p>\n<p style=\"text-align: center;\">1-2-3, 1-2-3, 1-2-3\u2026<\/p>\n<p>&nbsp;<\/p>\n<p style=\"text-align: center;\">PRINS OG LILLE FE<\/p>\n<p style=\"text-align: center;\">N\u00c5 ER DET SLUTT P\u00c5 DANSEN<\/p>\n<p style=\"text-align: center;\">SOLEN HAR G\u00c5TT NED<\/p>\n<p style=\"text-align: center;\">MEN VI GLEMMER ALDRI VALSEN<\/p>\n<p>&nbsp;<\/p>\n<p>&nbsp;<\/p>\n<p style=\"text-align: center;\"><strong>V\u00c5R EGEN BUTIKK<\/strong><\/p>\n<p>&nbsp;<\/p>\n<p style=\"text-align: center;\">KOM OG KJ\u00d8P I V\u00c5R BUTIKK<\/p>\n<p style=\"text-align: center;\">HER HAR VI NESTEN ALT<\/p>\n<p style=\"text-align: center;\">HER HAR VI BRINGEB\u00c6R FRA HAGEN<\/p>\n<p style=\"text-align: center;\">STILL DEG I K\u00d8<\/p>\n<p style=\"text-align: center;\">OM DU VIL HA<\/p>\n<p style=\"text-align: center;\">HJEMMELAGET SAFT<\/p>\n<p style=\"text-align: center;\">VI HOLDER \u00c5PEN HELE DAGEN<\/p>\n<p style=\"text-align: center;\">ELLER KA MED EN LITEN KLEM<\/p>\n<p style=\"text-align: center;\">EN KRONE, OG DU F\u00c5R AN MED DEG HJEM!<\/p>\n<p>&nbsp;<\/p>\n<p style=\"text-align: center;\">KOM OG KJ\u00d8P I V\u00c5R BUTIKK<\/p>\n<p style=\"text-align: center;\">HER HAR VI DET SOM TRENGS<\/p>\n<p style=\"text-align: center;\">HER HAR VI BL\u00c5B\u00c6RPANNERKAKER<\/p>\n<p style=\"text-align: center;\">OM DU VIL KAN<\/p>\n<p style=\"text-align: center;\">VI PAKKE AN INN<\/p>\n<p style=\"text-align: center;\">I EN SERVIETT<\/p>\n<p style=\"text-align: center;\">V\u00c6RSEGOD, H\u00c5PER AT DET SMAKER!<\/p>\n<p style=\"text-align: center;\">ELLER KA MED EN LITEN SANG<\/p>\n<p style=\"text-align: center;\">EN KRONE OG VI TAR AN EN TIL GANG!<\/p>\n<p>&nbsp;<\/p>\n<p style=\"text-align: center;\">VI HAR PENGER OG KNAPPER I ET SKRIN<\/p>\n<p style=\"text-align: center;\">EN EGGEDELER ER V\u00c5R KORTMASKIN<\/p>\n<p style=\"text-align: center;\">\u00c5, VI ER S\u00c5 TRAVLE ETTER AT VI FIKK<\/p>\n<p style=\"text-align: center;\">V\u00c5R EGEN BUTIKK!<\/p>\n<p>&nbsp;<\/p>\n<p style=\"text-align: center;\">KOM OG KJ\u00d8P I V\u00c5R BUTIKK<\/p>\n<p style=\"text-align: center;\">HER ER DET MER IGJEN<\/p>\n<p style=\"text-align: center;\">HER HAR VI IS OM DU VIL SMAKE<\/p>\n<p style=\"text-align: center;\">E DET NOKKE DU HAR GL\u00d8MT<\/p>\n<p style=\"text-align: center;\">ELLER VAR DET NOKKE MER?<\/p>\n<p style=\"text-align: center;\">DU ER VELKOMMEN TILBAKE!<\/p>\n<p style=\"text-align: center;\">ELLER KA MED EN FERSK AVIS<\/p>\n<p style=\"text-align: center;\">SKREVET P\u00c5 PAPIR, P\u00c5 GAMLEDAGERS VIS<\/p>\n<p>&nbsp;<\/p>\n<p>&nbsp;<\/p>\n<p style=\"text-align: center;\"><strong>FINE FOLK<\/strong><\/p>\n<p>&nbsp;<\/p>\n<p style=\"text-align: center;\">FINE RUNDE HODE<\/p>\n<p style=\"text-align: center;\">FINE BLANKE \u00d8YE<\/p>\n<p style=\"text-align: center;\">FINE SILKEMYKE KINN<\/p>\n<p style=\"text-align: center;\">OG S\u00d8TE NESETIPP<\/p>\n<p>&nbsp;<\/p>\n<p style=\"text-align: center;\">FINE GLATTE PANNE<\/p>\n<p style=\"text-align: center;\">FINE GODE HAKE<\/p>\n<p style=\"text-align: center;\">FINE ROSENR\u00d8DE MUNN<\/p>\n<p style=\"text-align: center;\">OG BL\u00d8TE \u00d8REFLIPP<\/p>\n<p>&nbsp;<\/p>\n<p style=\"text-align: center;\">ALT DETTE HER DET ER MEG<\/p>\n<p style=\"text-align: center;\">SE S\u00c5 FANTASTISK FINE VI ER DU OG EG<\/p>\n<p style=\"text-align: center;\">ALT DET DET DER DET ER DEG<\/p>\n<p style=\"text-align: center;\">SE S\u00c5 FANTASTISK FINE VI ER DU OG EG<\/p>\n<p>&nbsp;<\/p>\n<p style=\"text-align: center;\">FINE MYKE MAGE<\/p>\n<p style=\"text-align: center;\">FINE RARE NAVLE<\/p>\n<p style=\"text-align: center;\">FINE B\u00d8YELIGE HALS<\/p>\n<p style=\"text-align: center;\">OG LILLE ROMPEDASK<\/p>\n<p>&nbsp;<\/p>\n<p style=\"text-align: center;\">FINE STERKE ARMER<\/p>\n<p style=\"text-align: center;\">FINE LANGE F\u00d8TTER<\/p>\n<p style=\"text-align: center;\">FINE LYSEBRUNE RYGG<\/p>\n<p style=\"text-align: center;\">KOM HER OG F\u00c5 EN VASK!<\/p>\n<p>&nbsp;<\/p>\n<p style=\"text-align: center;\">ALT DETTE HER DET ER MEG<\/p>\n<p style=\"text-align: center;\">SE S\u00c5 FANTASTISK FINE VI ER DU OG EG<\/p>\n<p style=\"text-align: center;\">ALT DET DET DER DET ER DEG<\/p>\n<p style=\"text-align: center;\">SE S\u00c5 FANTASTISK FINE VI ER DU OG EG<\/p>\n<p>&nbsp;<\/p>\n<p>&nbsp;<\/p>\n<p style=\"text-align: center;\"><strong>HJERTEPLASTER<\/strong><\/p>\n<p>&nbsp;<\/p>\n<p style=\"text-align: center;\">N\u00c5 SOVER DU<\/p>\n<p style=\"text-align: center;\">S\u00c5 MUSESTILLE<\/p>\n<p style=\"text-align: center;\">SOVER DU<\/p>\n<p style=\"text-align: center;\">MIN BITTELILLE<\/p>\n<p style=\"text-align: center;\">KARAMELL<\/p>\n<p style=\"text-align: center;\">S\u00c5 SEIG OG S\u00d8T N\u00c5R DET ER KVELD<\/p>\n<p>&nbsp;<\/p>\n<p style=\"text-align: center;\">N\u00c5 SOVER DU<\/p>\n<p style=\"text-align: center;\">MIN KLOKE RARE<\/p>\n<p style=\"text-align: center;\">SOVER DU<\/p>\n<p style=\"text-align: center;\">MIN DYREBARE<\/p>\n<p style=\"text-align: center;\">GULLAMANT<\/p>\n<p style=\"text-align: center;\">S\u00c5 BLANK OG FIN OG FULL AV FANT<\/p>\n<p>&nbsp;<\/p>\n<p style=\"text-align: center;\">ET HJERTEPLASTER<\/p>\n<p style=\"text-align: center;\">SOM GJ\u00d8R OM T\u00c5RER TIL SMIL<\/p>\n<p style=\"text-align: center;\">ET HJERTEPLASTER<\/p>\n<p style=\"text-align: center;\">MED TYLLSKJ\u00d8RT OG PIL<\/p>\n<p>&nbsp;<\/p>\n<p style=\"text-align: center;\">ET HJERTEPLASTER<\/p>\n<p style=\"text-align: center;\">TAR BORT KULER OG S\u00c5R<\/p>\n<p style=\"text-align: center;\">ET HJERTEPLASTER<\/p>\n<p style=\"text-align: center;\">P\u00c5 FIRE OG ET HALVT \u00c5R<\/p>\n<p>&nbsp;<\/p>\n<p style=\"text-align: center;\">N\u00c5 SOVER DU<\/p>\n<p style=\"text-align: center;\">MIN PRIKKEBILLE<\/p>\n<p style=\"text-align: center;\">SOVER DU<\/p>\n<p style=\"text-align: center;\">MIN GODE LILLE<\/p>\n<p style=\"text-align: center;\">T\u00d8YSEKOPP<\/p>\n<p style=\"text-align: center;\">S\u00c5 STOR OG STERK I LITEN KROPP<\/p>\n<p>&nbsp;<\/p>\n<p>&nbsp;<\/p>\n<p style=\"text-align: center;\"><strong>DET LILLE GULE HUSET<\/strong><\/p>\n<p>&nbsp;<\/p>\n<p style=\"text-align: center;\">I DET LILLE GULE HUSET<\/p>\n<p style=\"text-align: center;\">DET MED SLITTE HVITE KARMER<\/p>\n<p style=\"text-align: center;\">BOR EN LITEN GAMMEL DAME<\/p>\n<p style=\"text-align: center;\">OG EN RUSTEN GAMMEL MANN<\/p>\n<p style=\"text-align: center;\">DE KIKKER UT AV VINDUET<\/p>\n<p style=\"text-align: center;\">MENS DE DRIKKER MORGENKAFFE<\/p>\n<p style=\"text-align: center;\">SER P\u00c5 TRAVLE SM\u00c5 OG STORE<\/p>\n<p style=\"text-align: center;\">G\u00c5 S\u00c5 FORT DE BARE KAN<\/p>\n<p>&nbsp;<\/p>\n<p style=\"text-align: center;\">I DET LILLE GULE HUSET<\/p>\n<p style=\"text-align: center;\">DET MED BUSSTOPPET TIL NABO<\/p>\n<p style=\"text-align: center;\">BOR DET LANGE, LIKE DAGER<\/p>\n<p style=\"text-align: center;\">OG EN EVIGHET AV TID<\/p>\n<p style=\"text-align: center;\">DE H\u00d8RER SLAG FRA URET<\/p>\n<p style=\"text-align: center;\">MENS DE PUSSER SINE BRILLER<\/p>\n<p style=\"text-align: center;\">SER DE SAMME SOM DE PLEIER<\/p>\n<p style=\"text-align: center;\">MEN ER TOM FOR TING \u00c5 SI<\/p>\n<p>&nbsp;<\/p>\n<p style=\"text-align: center;\">I DET LILLE GULE HUSET<\/p>\n<p style=\"text-align: center;\">DET MED TRAPP OG SKILT P\u00c5 D\u00d8REN<\/p>\n<p style=\"text-align: center;\">BOR DET SM\u00c5 OG STORE MINNER<\/p>\n<p style=\"text-align: center;\">SOM GJ\u00d8R HUSET TIL ET HJEM<\/p>\n<p style=\"text-align: center;\">DE SUKKER BAK GARDINEN<\/p>\n<p style=\"text-align: center;\">MENS DE MYSER I AVISEN<\/p>\n<p style=\"text-align: center;\">SER S\u00c5VIDT EN R\u00d8DKLEDD PIKE<\/p>\n<p style=\"text-align: center;\">VINKE VARSOMT OPP MOT DEM<\/p>\n<p>&nbsp;<\/p>\n<p style=\"text-align: center;\">I DET LILLE GULE HUSET<\/p>\n<p style=\"text-align: center;\">DET MED SKJEIVE RARE PLANKER<\/p>\n<p style=\"text-align: center;\">BOR DET KRYP I LOFT OG KJELLER<\/p>\n<p style=\"text-align: center;\">MELLOM SPINDELVEV OG ST\u00d8V<\/p>\n<p style=\"text-align: center;\">DE KNIPER SEG I ARMEN<\/p>\n<p style=\"text-align: center;\">MENS DE SVELGER EN SKVETT KAFFE<\/p>\n<p style=\"text-align: center;\">SER FORUNDRET P\u00c5 HVERANDRE<\/p>\n<p style=\"text-align: center;\">VAR DET OSS HUN HILSTE P\u00c5?<\/p>\n<p>&nbsp;<\/p>\n<p style=\"text-align: center;\">I DET LILLE GULE HUSET<\/p>\n<p style=\"text-align: center;\">DET MED R\u00d8YK UT IFRA FRA PIPEN<\/p>\n<p style=\"text-align: center;\">BOR DET TO MED VARME HJERTER<\/p>\n<p style=\"text-align: center;\">GJENNOM HELE VINTEREN<\/p>\n<p style=\"text-align: center;\">DE KJENNER IKKE JENTUNGEN<\/p>\n<p style=\"text-align: center;\">MEN DET GJ\u00d8R VEL IKKE NOKKE<\/p>\n<p style=\"text-align: center;\">DE F\u00c5R SMILEHULL TILBAKE<\/p>\n<p style=\"text-align: center;\">N\u00c5R DE VINKER NED IGJEN<\/p>\n<p>&nbsp;<\/p>\n<p>&nbsp;<\/p>\n<p style=\"text-align: center;\"><strong>JENTEN MIN<\/strong><\/p>\n<p>&nbsp;<\/p>\n<p style=\"text-align: center;\">DU SOVER OG DU V\u00c5KNER<\/p>\n<p style=\"text-align: center;\">TAR P\u00c5 KL\u00c6R P\u00c5 LITEN KROPP<\/p>\n<p style=\"text-align: center;\">N\u00c5R HUN LER S\u00c5NN AT HUN RISTER<\/p>\n<p style=\"text-align: center;\">ER HUN TIL \u00c5 SPISE OPP<\/p>\n<p>&nbsp;<\/p>\n<p style=\"text-align: center;\">DU NYNNER ER OG DU VISER<\/p>\n<p style=\"text-align: center;\">L\u00c6RER BORT EN LITEN SANG<\/p>\n<p style=\"text-align: center;\">LAGER MAT OG PLUKKER BLOMSTER<\/p>\n<p style=\"text-align: center;\">GJ\u00d8R ALT MULIG P\u00c5 EN GANG<\/p>\n<p>&nbsp;<\/p>\n<p style=\"text-align: center;\">DU F\u00d8LGER OG DU HENTER<\/p>\n<p style=\"text-align: center;\">M\u00d8TER HENNES F\u00d8RSTE VENN<\/p>\n<p style=\"text-align: center;\">EN SJARM\u00d8R SOM KNUSER HJERTER<\/p>\n<p style=\"text-align: center;\">\u201cUFF, N\u00c5 GR\u00c5TER HUN IGJEN!\u201d<\/p>\n<p>&nbsp;<\/p>\n<p style=\"text-align: center;\">DU KLAPPER OG DU KYSSER<\/p>\n<p style=\"text-align: center;\">SYNGER TIL HUN ER HELT TRYGG<\/p>\n<p style=\"text-align: center;\">IKKE ENKEL DENNE VERDEN<\/p>\n<p style=\"text-align: center;\">DEN KAN V\u00c6RE SLEM OG STYGG<\/p>\n<p>&nbsp;<\/p>\n<p style=\"text-align: center;\">DU VIL ALLTID V\u00c6RE JENTEN MIN<\/p>\n<p style=\"text-align: center;\">DU LYTTER OG DU TR\u00d8STER<\/p>\n<p style=\"text-align: center;\">T\u00d8RKER V\u00c5TE DUKKEKINN<\/p>\n<p style=\"text-align: center;\">DINE KLEMMER ER SOM PLASTER<\/p>\n<p style=\"text-align: center;\">STEMMEN DIN ER MEDISIN<\/p>\n<p>&nbsp;<\/p>\n<p style=\"text-align: center;\">DU ROPER OG DU RINGER<\/p>\n<p style=\"text-align: center;\">MANGLER HENNES LILLE R\u00d8ST<\/p>\n<p style=\"text-align: center;\">MYE STORT I DENNE VERDEN<\/p>\n<p style=\"text-align: center;\">KJ\u00c6RLIGHETEN ALLER ST\u00d8RST<\/p>\n<p>&nbsp;<\/p>\n<p style=\"text-align: center;\">DU LENGTER OG DU GR\u00c5TER<\/p>\n<p style=\"text-align: center;\">LETER HELE DAGEN LANG<\/p>\n<p style=\"text-align: center;\">INNIMELLOM STR\u00c5 OG BUSKER<\/p>\n<p style=\"text-align: center;\">H\u00d8RER DU EN VELKJENT SANG<\/p>\n<p>&nbsp;<\/p>\n<p style=\"text-align: center;\">DU VIL ALLTID V\u00c6RE JENTEN MIN<\/p>\n<p style=\"text-align: center;\">DU SOVER OG DU VOKSER<\/p>\n<p style=\"text-align: center;\">HOLDER ALLTID TETT OMKRING<\/p>\n<p style=\"text-align: center;\">SLIPPER ALDRI UT AV HJERTET<\/p>\n<p style=\"text-align: center;\">EN SOM F\u00d8RST HAR KOMMET INN<\/p>\n<p>&nbsp;<\/p>\n<p>&nbsp;<\/p>\n<p style=\"text-align: center;\"><strong>MIN TUR<\/strong><\/p>\n<p>&nbsp;<\/p>\n<p style=\"text-align: center;\">EN SOMMERFUGL<\/p>\n<p style=\"text-align: center;\">MED LATE VINGER<\/p>\n<p style=\"text-align: center;\">EN LANDEVEI<\/p>\n<p style=\"text-align: center;\">SOM SAKTE SVINGER<\/p>\n<p>&nbsp;<\/p>\n<p style=\"text-align: center;\">EN GAMMEL EIK<\/p>\n<p style=\"text-align: center;\">MED LEI-SEG GREINER<\/p>\n<p style=\"text-align: center;\">EN BARNEFLOKK<\/p>\n<p style=\"text-align: center;\">MED MASSE FREGNER<\/p>\n<p>&nbsp;<\/p>\n<p style=\"text-align: center;\">ER DET MIN TUR SNART?<\/p>\n<p style=\"text-align: center;\">N\u00c5 M\u00c5 DET V\u00c6RE MIN TUR SNART (MIN TUR)<\/p>\n<p>&nbsp;<\/p>\n<p style=\"text-align: center;\">EN SLENGDISSE<\/p>\n<p style=\"text-align: center;\">KILING I MAGEN<\/p>\n<p style=\"text-align: center;\">EN EVIGHET<\/p>\n<p style=\"text-align: center;\">AV SOMMERDAGER<\/p>\n<p>&nbsp;<\/p>\n<p style=\"text-align: center;\">ET BL\u00c5MERKE<\/p>\n<p style=\"text-align: center;\">BLIR SNART TIL FLERE<\/p>\n<p style=\"text-align: center;\">EN BLOMSTERENG<\/p>\n<p style=\"text-align: center;\">S\u00c5 LANGT DER NEDE<\/p>\n<p>&nbsp;<\/p>\n<p style=\"text-align: center;\">ER DET MIN TUR SNART?<\/p>\n<p style=\"text-align: center;\">N\u00c5 M\u00c5 DET V\u00c6RE MIN TUR SNART<\/p>\n<p style=\"text-align: center;\">DIN TUR!<\/p>\n<p>&nbsp;<\/p>\n<p>&nbsp;<\/p>\n<p style=\"text-align: center;\"><strong>SKATTEN DIN<\/strong><\/p>\n<p>&nbsp;<\/p>\n<p style=\"text-align: center;\">FOR EN LANG LANG DAG<\/p>\n<p style=\"text-align: center;\">KOR BLIR PAPPA AV?<\/p>\n<p style=\"text-align: center;\">DET ER REGNEV\u00c6R<\/p>\n<p style=\"text-align: center;\">HAR HAN GLEMT MEG HER?<\/p>\n<p style=\"text-align: center;\">KOR BLIR T\u00c5RER AV I ET DIGERT HAV?<\/p>\n<p style=\"text-align: center;\">VERDENS BESTE B\u00c5T KAN HAN OG BLI V\u00c5T<\/p>\n<p style=\"text-align: center;\">OG KALD OG LEI OG BL\u00c5<\/p>\n<p style=\"text-align: center;\">VIL HAN HJEM N\u00c5, HAN OG?<\/p>\n<p>&nbsp;<\/p>\n<p style=\"text-align: center;\">FOR EN LANG LANG DAG<\/p>\n<p style=\"text-align: center;\">KOR BLIR PAPPA AV?<\/p>\n<p style=\"text-align: center;\">ROR HAN RUNDT I RING<\/p>\n<p style=\"text-align: center;\">ETTER SKATTEN SIN?<\/p>\n<p style=\"text-align: center;\">KOR BLIR T\u00c5RER AV I ET DIGERT HAV?<\/p>\n<p style=\"text-align: center;\">VERDENS BESTE SKATT LIGGER HELT FORLATT<\/p>\n<p style=\"text-align: center;\">I EN KALD KALD DAM,<\/p>\n<p style=\"text-align: center;\">SKAL INGEN HENTE HAM?<\/p>\n<p>&nbsp;<\/p>\n<p style=\"text-align: center;\">FOR EN LANG LANG DAG<\/p>\n<p style=\"text-align: center;\">KOR BLIR PAPPA AV?<\/p>\n<p style=\"text-align: center;\">HAR HAN D\u00c5RLIG FART<\/p>\n<p style=\"text-align: center;\">ELLER OPP-NED KART?<\/p>\n<p>&nbsp;<\/p>\n<p style=\"text-align: center;\">N\u00c5 LIGGER EG HER UNDER VANN<\/p>\n<p style=\"text-align: center;\">P\u00c5 MIN SENG AV STEIN OG SAND<\/p>\n<p style=\"text-align: center;\">MELLOM TARE, SKJELL OG TANG<\/p>\n<p style=\"text-align: center;\">SJ\u00d8STJERNER OG HAVFRUESANG<\/p>\n<p>&nbsp;<\/p>\n<p>&nbsp;<\/p>\n<p style=\"text-align: center;\"><strong>DR\u00d8MMELAND<\/strong><\/p>\n<p>&nbsp;<\/p>\n<p style=\"text-align: center;\">HVIS DU LEGGER DITT HODE NED<\/p>\n<p style=\"text-align: center;\">P\u00c5 EN PUTE FULL AV FJ\u00c6R<\/p>\n<p style=\"text-align: center;\">KAN DU FLY AVSTED TIL DR\u00d8MMELAND<\/p>\n<p style=\"text-align: center;\">DER ALT G\u00c5R BRA OG ALT G\u00c5R AN<\/p>\n<p>&nbsp;<\/p>\n<p style=\"text-align: center;\">HVIS DU HVILER DIN LILLE KROPP<\/p>\n<p style=\"text-align: center;\">MENS ALLE STJERNENE LYSER OPP<\/p>\n<p style=\"text-align: center;\">KAN DU V\u00c5KNE GLAD I MORGEN<\/p>\n<p style=\"text-align: center;\">SOM EN BLID BLOMST OM V\u00c5REN<\/p>\n<p>&nbsp;<\/p>\n<p style=\"text-align: center;\">SOV N\u00c5 GODT<\/p>\n<p style=\"text-align: center;\">N\u00c5 ER DAGEN OVER<\/p>\n<p style=\"text-align: center;\">OG SNART SOVER DU<\/p>\n<p style=\"text-align: center;\">DYPT I STJERNESKINN<\/p>\n<p style=\"text-align: center;\">MIN LILLE VIRVELVIND<\/p>\n<p style=\"text-align: center;\">MED R\u00d8DE KINN<\/p>\n<p style=\"text-align: center;\">OG H\u00c5NDEN DIN<\/p>\n<p style=\"text-align: center;\">I MIN<\/p>\n<p>&nbsp;<\/p>\n<\/div><\/div>\n","protected":false},"excerpt":{"rendered":"<p>\u00a0 BL\u00c5SE P\u00c5 &nbsp; INNI MAGEN ER EN KARUSELL SOM SNURRER RUNDT N\u00c5R DET ER KVELD INNI HJERTET ER DET STEIN OG SAND SOM SKRAPER OPP EN SUPERMANN &nbsp; OM NOKKEN KUNNE BL\u00c5SE P\u00c5 VILLE HIMMELEN V\u00c6RT LYSEBL\u00c5? VILLE SKYENE&hellip; <\/p>\n","protected":false},"author":1,"featured_media":0,"parent":13748,"menu_order":3,"comment_status":"closed","ping_status":"closed","template":"","meta":{"footnotes":""},"class_list":["post-2243","page","type-page","status-publish","hentry"],"_links":{"self":[{"href":"https:\/\/christinesandtorv.no\/index.php?rest_route=\/wp\/v2\/pages\/2243","targetHints":{"allow":["GET"]}}],"collection":[{"href":"https:\/\/christinesandtorv.no\/index.php?rest_route=\/wp\/v2\/pages"}],"about":[{"href":"https:\/\/christinesandtorv.no\/index.php?rest_route=\/wp\/v2\/types\/page"}],"author":[{"embeddable":true,"href":"https:\/\/christinesandtorv.no\/index.php?rest_route=\/wp\/v2\/users\/1"}],"replies":[{"embeddable":true,"href":"https:\/\/christinesandtorv.no\/index.php?rest_route=%2Fwp%2Fv2%2Fcomments&post=2243"}],"version-history":[{"count":17,"href":"https:\/\/christinesandtorv.no\/index.php?rest_route=\/wp\/v2\/pages\/2243\/revisions"}],"predecessor-version":[{"id":14465,"href":"https:\/\/christinesandtorv.no\/index.php?rest_route=\/wp\/v2\/pages\/2243\/revisions\/14465"}],"up":[{"embeddable":true,"href":"https:\/\/christinesandtorv.no\/index.php?rest_route=\/wp\/v2\/pages\/13748"}],"wp:attachment":[{"href":"https:\/\/christinesandtorv.no\/index.php?rest_route=%2Fwp%2Fv2%2Fmedia&parent=2243"}],"curies":[{"name":"wp","href":"https:\/\/api.w.org\/{rel}","templated":true}]}}