{"id":2247,"date":"2016-09-21T15:10:16","date_gmt":"2016-09-21T13:10:16","guid":{"rendered":"http:\/\/christinesandtorv.no\/?page_id=2247"},"modified":"2022-12-05T19:37:57","modified_gmt":"2022-12-05T17:37:57","slug":"godnattsanger-tekster","status":"publish","type":"page","link":"https:\/\/christinesandtorv.no\/?page_id=2247","title":{"rendered":"GODNATTSANGER"},"content":{"rendered":"\n<div class=\"wp-block-group\" style=\"font-size:15px\"><div class=\"wp-block-group__inner-container is-layout-constrained wp-block-group-is-layout-constrained\">\n<div id=\"ujr348\" style=\"text-align: center;\" title=\"A time\">\u00a0<\/div>\n<p style=\"text-align: center;\"><strong>EN LITEN TRAFIKANT<\/strong><\/p>\n<p>\u00a0<\/p>\n<p style=\"text-align: center;\">EN LITEN TRAFIKANT<\/p>\n<p style=\"text-align: center;\">ANKOMMER PRESIS<\/p>\n<p style=\"text-align: center;\">HELT NAKEN<\/p>\n<p style=\"text-align: center;\">S\u00c5 MIRAKUL\u00d8ST<\/p>\n<p style=\"text-align: center;\">S\u00c5 NYDELIG OG S\u00d8T<\/p>\n<p style=\"text-align: center;\">HAR DU SETT P\u00c5 MAKEN!<\/p>\n<p style=\"text-align: center;\">EN NY VERDENSPASSASJER<\/p>\n<p style=\"text-align: center;\">TAR PLASS<\/p>\n<p style=\"text-align: center;\">INGEN TOG ER G\u00c5TT<\/p>\n<p style=\"text-align: center;\">DET ER N\u00c5 ALT BEGYNNER<\/p>\n<p>\u00a0<\/p>\n<p style=\"text-align: center;\">EN LITEN TRAFIKANT<\/p>\n<p style=\"text-align: center;\">SPRER SOLSKINN OVERALT<\/p>\n<p style=\"text-align: center;\">EN MINIGLOBETROTTER<\/p>\n<p style=\"text-align: center;\">EN NYSGJERRIGPER<\/p>\n<p style=\"text-align: center;\">SOM SER DYPT P\u00c5 NYE FJES<\/p>\n<p style=\"text-align: center;\">OG TOTTELOTTER<\/p>\n<p style=\"text-align: center;\">EN NY VERDENSPASSASJER<\/p>\n<p style=\"text-align: center;\">TAR EN BLUND<\/p>\n<p style=\"text-align: center;\">DET ER S\u00c5 GODT \u00c5 SOVE<\/p>\n<p style=\"text-align: center;\">N\u00c5R MAMMA NYNNER<\/p>\n<p>\u00a0<\/p>\n<p>\u00a0<\/p>\n<p>\u00a0<\/p>\n<p style=\"text-align: center;\"><strong>LILLE TIGER<\/strong><\/p>\n<p>\u00a0<\/p>\n<p style=\"text-align: center;\">SOV GODT MIN LILLE TIGER<\/p>\n<p style=\"text-align: center;\">HELE NATTEN LANG<\/p>\n<p style=\"text-align: center;\">IKKE GRU DEG TIL I MORGEN<\/p>\n<p style=\"text-align: center;\">SOV N\u00c5 GODT P\u00c5 MITT FANG<\/p>\n<p style=\"text-align: center;\">FOR S\u00c5RENE P\u00c5 KNEET DITT<\/p>\n<p style=\"text-align: center;\">DE GROR NOK TIL I MORGEN<\/p>\n<p style=\"text-align: center;\">OG ALLE STJERNENE<\/p>\n<p style=\"text-align: center;\">P\u00c5 HIMMELEN<\/p>\n<p style=\"text-align: center;\">VIL SMELTE BORT DEN T\u00c5REN<\/p>\n<p>\u00a0<\/p>\n<p style=\"text-align: center;\">LUKK \u00d8YNENE, MIN LILLE TIGER<\/p>\n<p style=\"text-align: center;\">IKKE V\u00c6R S\u00c5 LEI<\/p>\n<p style=\"text-align: center;\">DR\u00d8MMELAND GJ\u00d8R MOLL TIL DUR<\/p>\n<p style=\"text-align: center;\">OG ALT VIL ORDNE SEG<\/p>\n<p style=\"text-align: center;\">S\u00c5RENE P\u00c5 KNEET DITT<\/p>\n<p style=\"text-align: center;\">DE GROR NOK TIL I MORGEN<\/p>\n<p style=\"text-align: center;\">OG ALLE STJERNENE<\/p>\n<p style=\"text-align: center;\">P\u00c5 HIMMELEN<\/p>\n<p style=\"text-align: center;\">VIL SMELTE BORT DEN T\u00c5REN<\/p>\n<p>\u00a0<\/p>\n<p style=\"text-align: center;\">KLEM MEG LENGE, LILLE TIGER<\/p>\n<p style=\"text-align: center;\">S\u00c5 HARDT SOM DET G\u00c5R AN<\/p>\n<p style=\"text-align: center;\">KLEM MEG LENGE SLIK SOM BARE<\/p>\n<p style=\"text-align: center;\">EN LITEN TIGER KAN<\/p>\n<p style=\"text-align: center;\">F\u00c5 M\u00d8RKET TIL \u00c5 LYSE<\/p>\n<p style=\"text-align: center;\">OG F\u00c5 TIDEN TIL \u00c5 SMILE<\/p>\n<p style=\"text-align: center;\">MEN N\u00c5 ER M\u00c5NEN P\u00c5<\/p>\n<p style=\"text-align: center;\">DET ER NATT OG N\u00c5 M\u00c5<\/p>\n<p style=\"text-align: center;\">MIN LILLE TIGER HVILE<\/p>\n<p>\u00a0<\/p>\n<p>\u00a0<\/p>\n<p>\u00a0<\/p>\n<p style=\"text-align: center;\"><strong>HYSJ<\/strong><\/p>\n<p>\u00a0<\/p>\n<p style=\"text-align: center;\">HYSJ, MIN LILLE BABY<\/p>\n<p style=\"text-align: center;\">JEG SKAL SYNGE LITT FOR DEG<\/p>\n<p style=\"text-align: center;\">MIN LILLE BABY<\/p>\n<p style=\"text-align: center;\">TIL DINE \u00d8YNE LUKKER SEG<\/p>\n<p>\u00a0<\/p>\n<p style=\"text-align: center;\">HYSJ, MIN LILLE BABY<\/p>\n<p style=\"text-align: center;\">N\u00c5 DANSER VI KINN MOT KINN<\/p>\n<p style=\"text-align: center;\">MIN LILLE BABY<\/p>\n<p style=\"text-align: center;\">HELT TIL DU SOVNER INN<\/p>\n<p>\u00a0<\/p>\n<p style=\"text-align: center;\">HYSJ, MIN LILLE BABY<\/p>\n<p style=\"text-align: center;\">LA MINE HJERTESLAG ROE DEG<\/p>\n<p style=\"text-align: center;\">MIN LILLE BABY<\/p>\n<p style=\"text-align: center;\">MENS VI DANSER ROLIG I VEI<\/p>\n<p>\u00a0<\/p>\n<p style=\"text-align: center;\">HYSJ, MIN LILLE BABY<\/p>\n<p style=\"text-align: center;\">DU DUFTER S\u00c5 VIDUNDERLIG<\/p>\n<p style=\"text-align: center;\">MIN LILLE BABY<\/p>\n<p style=\"text-align: center;\">MEN N\u00c5 ER DET NATT OG SOVETID<\/p>\n<p>\u00a0<\/p>\n<p>\u00a0<\/p>\n<p>\u00a0<\/p>\n<p style=\"text-align: center;\"><strong>STJERNETELLER<\/strong><\/p>\n<p>\u00a0<\/p>\n<p style=\"text-align: center;\">JEG SITTER I MIN VINDUSKARM<\/p>\n<p style=\"text-align: center;\">FOR \u00c5 TELLE STJERNENE<\/p>\n<p style=\"text-align: center;\">HIMMELEN ER S\u00c5 STOR, HVOR STARTER JEG?<\/p>\n<p style=\"text-align: center;\">ALLE SKINNER NED TIL MEG<\/p>\n<p style=\"text-align: center;\">JEG TELLER EN FOR MAMMA<\/p>\n<p style=\"text-align: center;\">JEG TELLER EN FOR FAR<\/p>\n<p style=\"text-align: center;\">JEG TELLER EN FOR MIMMI<\/p>\n<p style=\"text-align: center;\">JEG ELSKER ALLE STJERNENE JEG HAR!<\/p>\n<p>\u00a0<\/p>\n<p style=\"text-align: center;\">JEG TELLER FRA MIN VINDUSKARM<\/p>\n<p style=\"text-align: center;\">EN T\u00c5 OG FIRE FINGRE HJELPER TIL<\/p>\n<p style=\"text-align: center;\">JEG TELLER LITT OM LITT OG GANG P\u00c5 GANG<\/p>\n<p style=\"text-align: center;\">JEG TELLER STJERNER NATTEN LANG<\/p>\n<p style=\"text-align: center;\">EN STJERNE FOR MIN S\u00d8STER<\/p>\n<p style=\"text-align: center;\">EN STJERNE FOR MIN VENN<\/p>\n<p style=\"text-align: center;\">TO FOR MINE BR\u00d8DRE<\/p>\n<p style=\"text-align: center;\">JEG ER S\u00c5 GLAD I ALLE SAMMEN!<\/p>\n<p>\u00a0<\/p>\n<p style=\"text-align: center;\">STJERNETELLER<\/p>\n<p style=\"text-align: center;\">DIN HELT EGEN STJERNETELLER<\/p>\n<p style=\"text-align: center;\">JEG ER DIN STJERNETELLER<\/p>\n<p style=\"text-align: center;\">MIN HELT EGEN STJERNETELLER<\/p>\n<p>\u00a0<\/p>\n<p>\u00a0<\/p>\n<p>\u00a0<\/p>\n<p style=\"text-align: center;\"><strong>MIN TAPRE ENGEL<\/strong><\/p>\n<p>\u00a0<\/p>\n<p style=\"text-align: center;\">HVIL, HVIL P\u00c5 MITT KNE<\/p>\n<p style=\"text-align: center;\">JEG VIL STRYKE DITT H\u00c5R<\/p>\n<p style=\"text-align: center;\">TIL SOLEN G\u00c5R NED<\/p>\n<p style=\"text-align: center;\">SOV , SOV I MITT FANG<\/p>\n<p style=\"text-align: center;\">JEG VIL KLAPPE DITT KINN<\/p>\n<p style=\"text-align: center;\">NATTEN LANG<\/p>\n<p>\u00a0<\/p>\n<p style=\"text-align: center;\">DU VIL ALLTID V\u00c6RE MIN TAPRE ENGEL<\/p>\n<p>\u00a0<\/p>\n<p style=\"text-align: center;\">DR\u00d8M, DR\u00d8M OM FRED<\/p>\n<p style=\"text-align: center;\">JEG VIL V\u00c5KE VED DIN SIDE<\/p>\n<p style=\"text-align: center;\">UNDER STJERNENE<\/p>\n<p style=\"text-align: center;\">SOV, SOV MIN VENN<\/p>\n<p style=\"text-align: center;\">JEG VIL FABLE OM DIN R\u00d8ST<\/p>\n<p style=\"text-align: center;\">TIL VI SEES IGJEN<\/p>\n<p>\u00a0<\/p>\n<p style=\"text-align: center;\">DU VIL ALLTID V\u00c6RE MIN TAPRE ENGEL<\/p>\n<p>\u00a0<\/p>\n<p style=\"text-align: center;\">DRA, DRA AV STED<\/p>\n<p style=\"text-align: center;\">JEG VIL HUSKE DIN USKYLD<\/p>\n<p style=\"text-align: center;\">I FROST OG SNE<\/p>\n<p style=\"text-align: center;\">SOV, SOV DU INN<\/p>\n<p style=\"text-align: center;\">JEG VIL SKIMTE DEG HVER KVELD<\/p>\n<p style=\"text-align: center;\">I M\u00c5NENS SKINN<\/p>\n<p>\u00a0<\/p>\n<p>\u00a0<\/p>\n<p>\u00a0<\/p>\n<p>\u00a0<\/p>\n<p style=\"text-align: center;\"><strong>VELKOMMEN<\/strong><\/p>\n<p>\u00a0<\/p>\n<p style=\"text-align: center;\">VELKOMMEN LILLE GODING<\/p>\n<p style=\"text-align: center;\">VELKOMMEN HER P\u00c5 JORD<\/p>\n<p style=\"text-align: center;\">VELKOMMEN LILLE BROREMANN<\/p>\n<p style=\"text-align: center;\">VELKOMMEN LILLE MOR<\/p>\n<p style=\"text-align: center;\">VELKOMMEN LILLE FERSKING<\/p>\n<p style=\"text-align: center;\">VELKOMMEN HIMMELSKATT<\/p>\n<p style=\"text-align: center;\">VELKOMMEN LILLE MIRAKEL<\/p>\n<p style=\"text-align: center;\">SOM KOM TIL OSS I NATT<\/p>\n<p>\u00a0<\/p>\n<p style=\"text-align: center;\">VI SKAL NOK BLI KJENT MED DEG<\/p>\n<p style=\"text-align: center;\">N\u00c5 HOLDER PAPPA DEG TRYGT INNTIL SEG<\/p>\n<p style=\"text-align: center;\">S\u00c5 S\u00d8T S\u00c5 S\u00d8T<\/p>\n<p style=\"text-align: center;\">S\u00c5 BL\u00d8T S\u00c5 BL\u00d8T<\/p>\n<p style=\"text-align: center;\">OG DEN ALLER FINESTE I VERDEN<\/p>\n<p style=\"text-align: center;\">VELKOMMEN V\u00c5R LILLE STJERNEVENN!<\/p>\n<p>\u00a0<\/p>\n<p>\u00a0<\/p>\n<p>\u00a0<\/p>\n<p>\u00a0<\/p>\n<p style=\"text-align: center;\"><strong>FORGLEM MEG EI<\/strong><\/p>\n<p>\u00a0<\/p>\n<p style=\"text-align: center;\">FOR EN LYKKEDAG<\/p>\n<p style=\"text-align: center;\">FULL AV SOLSKINN<\/p>\n<p style=\"text-align: center;\">FULL AV LATTER<\/p>\n<p style=\"text-align: center;\">FULL AV SMIL<\/p>\n<p style=\"text-align: center;\">FULL AV SMIL<\/p>\n<p>\u00a0<\/p>\n<p style=\"text-align: center;\">FOR EN LYKKEDAG<\/p>\n<p style=\"text-align: center;\">FULL AV VENNER<\/p>\n<p style=\"text-align: center;\">FULL AV FREGNER<\/p>\n<p style=\"text-align: center;\">FULL AV B\u00c6R<\/p>\n<p style=\"text-align: center;\">BL\u00c5 BL\u00c5 B\u00c6R<\/p>\n<p>\u00a0<\/p>\n<p style=\"text-align: center;\">FORGLEM MEG EI<\/p>\n<p style=\"text-align: center;\">SELV OM DAGEN ER OVER<\/p>\n<p style=\"text-align: center;\">SELV OM SOLEN ER S\u00d8VNIG OG SLITEN<\/p>\n<p style=\"text-align: center;\">FORGLEM MEG EI<\/p>\n<p style=\"text-align: center;\">SELV OM BLOMSTENE SOVER<\/p>\n<p style=\"text-align: center;\">JEG ER HER SELV OM JEG ER BITTELITEN<\/p>\n<p>\u00a0<\/p>\n<p style=\"text-align: center;\">N\u00c5 HAR DAGEN BLITT KVELD<\/p>\n<p style=\"text-align: center;\">FULL AV M\u00c5NESKINN<\/p>\n<p style=\"text-align: center;\">FULL AV STJERNER<\/p>\n<p style=\"text-align: center;\">FULL AV NATT<\/p>\n<p style=\"text-align: center;\">S\u00c5 GOD, GOD NATT<\/p>\n<p>\u00a0<\/p>\n<p>\u00a0<\/p>\n<p>\u00a0<\/p>\n<p>\u00a0<\/p>\n<p style=\"text-align: center;\"><strong>JUVEL<\/strong><\/p>\n<p>\u00a0<\/p>\n<p style=\"text-align: center;\">SOLEN VIL STR\u00c5LE<\/p>\n<p style=\"text-align: center;\">DR\u00c5PER VIL FALLE<\/p>\n<p style=\"text-align: center;\">NED P\u00c5 FJESET DITT<\/p>\n<p style=\"text-align: center;\">P\u00c5 D\u00c5RLIGE DAGER HVOR ALT G\u00c5R TR\u00c5TT<\/p>\n<p style=\"text-align: center;\">IKKE GI OPP F\u00d8R DU ER I M\u00c5L<\/p>\n<p style=\"text-align: center;\">OG ALT BLIR GODT<\/p>\n<p>\u00a0<\/p>\n<p style=\"text-align: center;\">TORDEN VIL SKRALLE<\/p>\n<p style=\"text-align: center;\">LYN VIL BLINKE<\/p>\n<p style=\"text-align: center;\">HELT UT AV DET BL\u00c5<\/p>\n<p style=\"text-align: center;\">HVIS DU FALLER NED S\u00c5 REIS DEG IGJEN<\/p>\n<p style=\"text-align: center;\">DU VIL BLI STERKERE DAG FOR DAG<\/p>\n<p style=\"text-align: center;\">MIN LILLE VENN<\/p>\n<p>\u00a0<\/p>\n<p style=\"text-align: center;\">MANGE SP\u00d8RSM\u00c5L UTEN SVAR<\/p>\n<p style=\"text-align: center;\">DET ER IKKE ALT MAN KAN VITE<\/p>\n<p style=\"text-align: center;\">MANGE PERLER P\u00c5 EN SNOR<\/p>\n<p style=\"text-align: center;\">ER VERDT S\u00c5 UENDELIG LITE<\/p>\n<p style=\"text-align: center;\">MEN DET DU GIR, MIN LILLE JUVEL<\/p>\n<p style=\"text-align: center;\">MEN DET DU GIR, GJ\u00d8R MIN VERDEN HEL<\/p>\n<p>\u00a0<\/p>\n<p style=\"text-align: center;\">SN\u00d8FNUGG VIL DALE<\/p>\n<p style=\"text-align: center;\">BLOMSTER VIL SPIRE<\/p>\n<p style=\"text-align: center;\">P\u00c5 HVER MARK OG ENG<\/p>\n<p style=\"text-align: center;\">HVOR DU RULLER RUNDT MORGEN TIL KVELD<\/p>\n<p style=\"text-align: center;\">SVIMMEL BLANT H\u00d8STL\u00d8V<\/p>\n<p style=\"text-align: center;\">SOM EN LYKKELIG PROPELL<\/p>\n<p>\u00a0<\/p>\n<p>\u00a0<\/p>\n<p>\u00a0<\/p>\n<p style=\"text-align: center;\"><strong>FUGL I DET GR\u00d8NNE TRE<\/strong><\/p>\n<p>\u00a0<\/p>\n<p style=\"text-align: center;\">JEG VIL SYNGE FOR DEG, BESTEMOR<\/p>\n<p style=\"text-align: center;\">JEG VIL SYNGE FOR DEG, FUGL I DET GR\u00d8NNE TRE<\/p>\n<p style=\"text-align: center;\">JEG VIL SYNGE FOR DEG SOM ER ALENE<\/p>\n<p style=\"text-align: center;\">OG KANSKJE NOEN VIL NOEN SYNGE<\/p>\n<p style=\"text-align: center;\">FOR MEG, ET ELLER ANNET STED<\/p>\n<p>\u00a0<\/p>\n<p style=\"text-align: center;\">JEG VIL BE FOR DEG, BESTEMOR<\/p>\n<p style=\"text-align: center;\">JEG VIL BE FOR DEG, FUGL I DET GR\u00d8NNE TRE<\/p>\n<p style=\"text-align: center;\">JEG VIL BE FOR DEG SOM ER ALENE<\/p>\n<p style=\"text-align: center;\">OG KANSKJE NOEN VIL BE LITT,<\/p>\n<p style=\"text-align: center;\">FOR MEG, ET ELLER ANNET STED<\/p>\n<p>\u00a0<\/p>\n<p style=\"text-align: center;\">JEG VIL DR\u00d8MME OM DEG, BESTEMOR<\/p>\n<p style=\"text-align: center;\">JEG VIL DR\u00d8MME OM DEG, FUGL I DET GR\u00d8NNE TRE<\/p>\n<p style=\"text-align: center;\">JEG VIL DR\u00d8MME OM DEG SOM ER ALENE<\/p>\n<p style=\"text-align: center;\">OG KANSKJE NOEN VIL DR\u00d8MME<\/p>\n<p style=\"text-align: center;\">OM MEG, ET ELLER ANNET STED<\/p>\n<p>\u00a0<\/p>\n<p>\u00a0<\/p>\n<p>\u00a0<\/p>\n<p style=\"text-align: center;\"><strong>VALS TIL MAMMA<\/strong><\/p>\n<p>\u00a0<\/p>\n<p style=\"text-align: center;\">TA DEG EN BLUND<\/p>\n<p style=\"text-align: center;\">HVIL HODET DITT<\/p>\n<p style=\"text-align: center;\">LA MEG TA ET TEPPE P\u00c5<\/p>\n<p style=\"text-align: center;\">OG SYNGE FOR DEG ETTERP\u00c5<\/p>\n<p>\u00a0<\/p>\n<p style=\"text-align: center;\">MAMMA IKKE GR\u00c5T<\/p>\n<p style=\"text-align: center;\">ALLTING ORDNER SEG<\/p>\n<p style=\"text-align: center;\">LA MEG T\u00d8RKE \u00d8YET DITT<\/p>\n<p style=\"text-align: center;\">MED BLONDELOMMET\u00d8RKLEET MITT<\/p>\n<p>\u00a0<\/p>\n<p style=\"text-align: center;\">S\u00c5 IKKE V\u00c6R REDD<\/p>\n<p style=\"text-align: center;\">DU VIL ALLTID HA MEG<\/p>\n<p style=\"text-align: center;\">JEG SKAL LAGE TE<\/p>\n<p style=\"text-align: center;\">OG SM\u00c5KAKER TIL DEG<\/p>\n<p style=\"text-align: center;\">S\u00c5 IKKE V\u00c6R REDD<\/p>\n<p style=\"text-align: center;\">DU VIL JO ALLTID HA MEG<\/p>\n<p>\u00a0<\/p>\n<p style=\"text-align: center;\">LUKK \u00d8YNENE IGJEN<\/p>\n<p style=\"text-align: center;\">DAGEN ER FORBI<\/p>\n<p style=\"text-align: center;\">H\u00d8R MIN LILLE VUGGESANG<\/p>\n<p style=\"text-align: center;\">S\u00c5 SOVNER DU NOK MED EN GANG<\/p>\n<p>\u00a0<\/p>\n<p style=\"text-align: center;\">NEI, IKKE V\u00c6R REDD<\/p>\n<p style=\"text-align: center;\">DU VIL ALLTID HA MEG<\/p>\n<p style=\"text-align: center;\">JEG SKAL JAGE VEKK VEPS<\/p>\n<p style=\"text-align: center;\">OG EDDERKOPPER, JEG<\/p>\n<p style=\"text-align: center;\">S\u00c5 IKKE V\u00c6R REDD<\/p>\n<p style=\"text-align: center;\">DU VIL JO ALLTID HA MEG<\/p>\n<p>\u00a0<\/p>\n<p>\u00a0<\/p>\n<p>\u00a0<\/p>\n<p style=\"text-align: center;\"><strong>LYKKE<\/strong><\/p>\n<p>\u00a0<\/p>\n<p style=\"text-align: center;\">ER DU ENSOM<\/p>\n<p style=\"text-align: center;\">ER DU KALD OG REDD<\/p>\n<p style=\"text-align: center;\">DU F\u00d8LTE DEG SINT<\/p>\n<p style=\"text-align: center;\">MEN DU GR\u00c5T, KANSKJE SKULLE DU LEDD<\/p>\n<p style=\"text-align: center;\">IKKE AKKURAT DIN DAG I DAG<\/p>\n<p style=\"text-align: center;\">DU HAR G\u00c5TT DEG VILL OG TAPT ET SLAG<\/p>\n<p style=\"text-align: center;\">DU ER S\u00c5 LEI<\/p>\n<p style=\"text-align: center;\">MEN M\u00c5NEN VISER VEI<\/p>\n<p style=\"text-align: center;\">IKKE AKKURAT DIN DAG I DAG<\/p>\n<p style=\"text-align: center;\">DU HAR G\u00c5TT DEG VILL OG TAPT ET SLAG<\/p>\n<p>\u00a0<\/p>\n<p style=\"text-align: center;\">N\u00c5R DU ER LEI<\/p>\n<p style=\"text-align: center;\">VIL M\u00c5NEN VISE DEG<\/p>\n<p style=\"text-align: center;\">AT LYKKEN BOR<\/p>\n<p style=\"text-align: center;\">LIKE VED<\/p>\n<p style=\"text-align: center;\">AT LYKKEN BOR<\/p>\n<p style=\"text-align: center;\">I DEG ET STED<\/p>\n<p>\u00a0<\/p>\n<p>\u00a0<\/p>\n<p>\u00a0<\/p>\n<p>\u00a0<\/p>\n<p style=\"text-align: center;\"><strong>GODNATT<\/strong><\/p>\n<p>\u00a0<\/p>\n<p style=\"text-align: center;\">GODNATT ALLE BARN BYEN<\/p>\n<p style=\"text-align: center;\">GODNATT ALLE BARN SOM BOR P\u00c5 LANDET<\/p>\n<p style=\"text-align: center;\">JA UANSETT HVOR DU HAR DITT HJEM<\/p>\n<p style=\"text-align: center;\">VIL JEG GI DEG EN GOD GODNATTKLEM<\/p>\n<p>\u00a0<\/p>\n<p style=\"text-align: center;\">JEG HAR VASKET \u00d8RER, KROPP OG HENDER<\/p>\n<p style=\"text-align: center;\">TATT P\u00c5 PYSJ, SPIST MIN MAT OG PUSSET TENNER<\/p>\n<p style=\"text-align: center;\">N\u00c5 ER DET BARE EN TING IGJEN<\/p>\n<p style=\"text-align: center;\">\u00c5 SI GODNATT, TAKK FOR DENNE DAGEN!<\/p>\n<p>\u00a0<\/p>\n<p style=\"text-align: center;\">GODNATT ALLE BARN MED PYSJ P\u00c5<\/p>\n<p style=\"text-align: center;\">GODNATT ALLE BARN SOM NESTEN SOVER N\u00c5<\/p>\n<p style=\"text-align: center;\">H\u00d8R HVOR FINT M\u00c5NEN SYNGER NATTEN LANG<\/p>\n<p style=\"text-align: center;\">P\u00c5 ALLE BARN SIN GODE GODNATTSANG<\/p>\n<p>\u00a0<\/p>\n<p>\u00a0<\/p>\n<p>\u00a0<\/p>\n<p style=\"text-align: center;\"><strong>MIDT P\u00c5 NATTEN<\/strong><\/p>\n<p>\u00a0<\/p>\n<p style=\"text-align: center;\">DET ER MIDT P\u00c5 NATTEN, KOMPIS<\/p>\n<p style=\"text-align: center;\">DU M\u00c5 SOVE LITTEGRANN<\/p>\n<p style=\"text-align: center;\">DET ER HELT M\u00d8RKT UTENFOR RUTEN<\/p>\n<p style=\"text-align: center;\">ALLE ER S\u00c5 STILLE SOM DE KAN<\/p>\n<p>\u00a0<\/p>\n<p style=\"text-align: center;\">DET ER MIDT P\u00c5 NATTEN, KOMPIS<\/p>\n<p style=\"text-align: center;\">ALLE DINE VENNER HAR LAGT SEG<\/p>\n<p style=\"text-align: center;\">IVA OG THOMAS OG OSKAR<\/p>\n<p style=\"text-align: center;\">ALLE SOVER S\u00d8TT N\u00c5, UNNTATT DEG<\/p>\n<p>\u00a0<\/p>\n<p style=\"text-align: center;\">DET ER MIDT P\u00c5 NATTEN, KOMPIS<\/p>\n<p style=\"text-align: center;\">DU BURDE SOVE SOM EN STEIN<\/p>\n<p style=\"text-align: center;\">S\u00c5 LEGG HODET DITT P\u00c5 PUTEN<\/p>\n<p style=\"text-align: center;\">KRYP UNDER DYNEN DIN, KAPTEIN!<\/p>\n<p>\u00a0<\/p>\n<p style=\"text-align: center;\">DET ER MIDT P\u00c5 NATTEN, KOMPIS<\/p>\n<p style=\"text-align: center;\">HIMMELEN ER FARGET M\u00d8RKEBL\u00c5<\/p>\n<p style=\"text-align: center;\">TENK AT ALLE VENNER OG FAMILIE<\/p>\n<p>\u00a0<\/p>\n<p style=\"text-align: center;\">JA TIL OG MED DU DU SOVER N\u00c5<\/p>\n<\/div><\/div>\n","protected":false},"excerpt":{"rendered":"<p>\u00a0 EN LITEN TRAFIKANT \u00a0 EN LITEN TRAFIKANT ANKOMMER PRESIS HELT NAKEN S\u00c5 MIRAKUL\u00d8ST S\u00c5 NYDELIG OG S\u00d8T HAR DU SETT P\u00c5 MAKEN! EN NY VERDENSPASSASJER TAR PLASS INGEN TOG ER G\u00c5TT DET ER N\u00c5 ALT BEGYNNER \u00a0 EN LITEN&hellip; <\/p>\n","protected":false},"author":1,"featured_media":0,"parent":13748,"menu_order":4,"comment_status":"closed","ping_status":"closed","template":"","meta":{"footnotes":""},"class_list":["post-2247","page","type-page","status-publish","hentry"],"_links":{"self":[{"href":"https:\/\/christinesandtorv.no\/index.php?rest_route=\/wp\/v2\/pages\/2247","targetHints":{"allow":["GET"]}}],"collection":[{"href":"https:\/\/christinesandtorv.no\/index.php?rest_route=\/wp\/v2\/pages"}],"about":[{"href":"https:\/\/christinesandtorv.no\/index.php?rest_route=\/wp\/v2\/types\/page"}],"author":[{"embeddable":true,"href":"https:\/\/christinesandtorv.no\/index.php?rest_route=\/wp\/v2\/users\/1"}],"replies":[{"embeddable":true,"href":"https:\/\/christinesandtorv.no\/index.php?rest_route=%2Fwp%2Fv2%2Fcomments&post=2247"}],"version-history":[{"count":14,"href":"https:\/\/christinesandtorv.no\/index.php?rest_route=\/wp\/v2\/pages\/2247\/revisions"}],"predecessor-version":[{"id":14299,"href":"https:\/\/christinesandtorv.no\/index.php?rest_route=\/wp\/v2\/pages\/2247\/revisions\/14299"}],"up":[{"embeddable":true,"href":"https:\/\/christinesandtorv.no\/index.php?rest_route=\/wp\/v2\/pages\/13748"}],"wp:attachment":[{"href":"https:\/\/christinesandtorv.no\/index.php?rest_route=%2Fwp%2Fv2%2Fmedia&parent=2247"}],"curies":[{"name":"wp","href":"https:\/\/api.w.org\/{rel}","templated":true}]}}